{"id":1033,"date":"2022-06-15T14:43:42","date_gmt":"2022-06-15T14:43:42","guid":{"rendered":"https:\/\/devsite.lsg-group.eu\/?page_id=1033"},"modified":"2023-03-20T12:13:52","modified_gmt":"2023-03-20T12:13:52","slug":"home-de","status":"publish","type":"page","link":"https:\/\/www.lsg-group.eu\/web-at\/","title":{"rendered":"Home DE"},"content":{"rendered":"<p>Willkommen bei der<strong> LSG GROUP<\/strong>, Ihrem Partner f\u00fcr<strong> integrierte Geb\u00e4udetechnik, technische Infrastruktur und erneuerbare Energien<\/strong>.<\/p>\n<p>Mit unserem Zugang den Lebenszyklus eines Projektes zu begleiten, sind wir in der Lage, unseren Kunden schl\u00fcsselfertige Projekte beginnend von der Beratung, Entwicklung und Planung \u00fcber die Errichtung bis hin zu Service, Wartung und Betriebsf\u00fchrung anzubieten.<\/p>\n<p>Aufgrund unserer starken lokalen Pr\u00e4senz in den M\u00e4rkten Mittel- und Osteuropas bietet die LSG GROUP ihren internationalen Kunden und Partnern maximal m\u00f6gliches Know-How im Bereich der lokalen Gegebenheiten und Normen in Verbindung mit hoher Qualit\u00e4t in der Projektrealisierung.<\/p>\n<p>Mit einer hohen Anzahl an realisierten Gro\u00dfprojekten in allen Kernm\u00e4rkten w\u00e4hrend der letzten Jahre konnten wir die Erfolgsgeschichte dieses Konzepts unter Beweis stellen.<\/p>\n<p><strong>\u00dcberzeugen Sie sich selbst!<\/strong><\/p>\n","protected":false},"excerpt":{"rendered":"<p>Willkommen bei der LSG GROUP, Ihrem Partner f\u00fcr integrierte Geb\u00e4udetechnik, technische Infrastruktur und erneuerbare Energien. Mit unserem Zugang den Lebenszyklus eines Projektes zu begleiten, sind wir in der Lage, unseren Kunden schl\u00fcsselfertige Projekte beginnend von der Beratung, Entwicklung und Planung \u00fcber die Errichtung bis hin zu Service, Wartung und Betriebsf\u00fchrung anzubieten. Aufgrund unserer starken lokalen [&hellip;]<\/p>\n","protected":false},"author":1,"featured_media":652,"parent":0,"menu_order":0,"comment_status":"closed","ping_status":"closed","template":"front-page-en.php","meta":[],"acf":[],"_links":{"self":[{"href":"https:\/\/www.lsg-group.eu\/web-at\/wp-json\/wp\/v2\/pages\/1033"}],"collection":[{"href":"https:\/\/www.lsg-group.eu\/web-at\/wp-json\/wp\/v2\/pages"}],"about":[{"href":"https:\/\/www.lsg-group.eu\/web-at\/wp-json\/wp\/v2\/types\/page"}],"author":[{"embeddable":true,"href":"https:\/\/www.lsg-group.eu\/web-at\/wp-json\/wp\/v2\/users\/1"}],"replies":[{"embeddable":true,"href":"https:\/\/www.lsg-group.eu\/web-at\/wp-json\/wp\/v2\/comments?post=1033"}],"version-history":[{"count":14,"href":"https:\/\/www.lsg-group.eu\/web-at\/wp-json\/wp\/v2\/pages\/1033\/revisions"}],"predecessor-version":[{"id":2809,"href":"https:\/\/www.lsg-group.eu\/web-at\/wp-json\/wp\/v2\/pages\/1033\/revisions\/2809"}],"wp:featuredmedia":[{"embeddable":true,"href":"https:\/\/www.lsg-group.eu\/web-at\/wp-json\/wp\/v2\/media\/652"}],"wp:attachment":[{"href":"https:\/\/www.lsg-group.eu\/web-at\/wp-json\/wp\/v2\/media?parent=1033"}],"curies":[{"name":"wp","href":"https:\/\/api.w.org\/{rel}","templated":true}]}}