{"id":1081,"date":"2022-06-15T19:32:11","date_gmt":"2022-06-15T19:32:11","guid":{"rendered":"https:\/\/devsite.lsg-group.eu\/?page_id=1081"},"modified":"2026-02-16T15:56:01","modified_gmt":"2026-02-16T15:56:01","slug":"karriere","status":"publish","type":"page","link":"https:\/\/www.lsg-group.eu\/web-at\/karriere\/","title":{"rendered":"Karriere"},"content":{"rendered":"\r\n<h1><strong>DEINE KARRIERE BEI DER LSG Group <\/strong><\/h1>\r\n\r\n\r\n\r\n<p>Die LSG GROUP ist seit 1997 ein kompetenter und verl\u00e4sslicher Partner im Bereich Elektrotechnik, Haustechnik, Automation f\u00fcr industrielle und kommerzielle Kunden sowie der erneuerbaren Energien mit dem Hauptsitz in Wien.<\/p>\r\n<h3><strong>Starten Sie jetzt durch!<\/strong><\/h3>\r\n<p>Ob als Lehrling, QuereinsteigerIn oder Initiativbewerbung. <br \/>Bewerbungen direkt an: <strong><a href=\"mailto: karriere@lsg-group.eu\">karriere@lsg-group.eu<\/a><\/strong><\/p>\r\n<p>Als innovatives und stark wachsendes Unternehmen f\u00fcr gesamtheitliche Geb\u00e4udetechnik und alternative Energien, hat sich die LSG Group GmbH zu einem gefragten Partner entwickelt. Durch unseren internationalen Ansatz k\u00f6nnen wir bei Gro\u00dfprojekten in verschiedenen L\u00e4ndern eindrucksvoll \u00fcberzeugen.<\/p>\r\n<p><strong>F\u00fcr folgende Positionen werden zur Zeit Mitarbeiter gesucht:<\/strong><\/p>\r\n<p><a href=\"\/wp-content\/uploads\/sites\/2\/2024\/11\/Senior_Bauleiter_PV_202411.pdf\" target=\"_blank\" rel=\"noopener noreferrer\">Senior Bauleiter (m\/w\/d) im Bereich Photovoltaik Freifl\u00e4chen Vollzeit (38,5 Stunden), Wien<\/a> <br \/><a href=\"\/wp-content\/uploads\/sites\/2\/2024\/11\/BereichsleiterB2C_PVT_202411.pdf\" target=\"_blank\" rel=\"noopener noreferrer\">(Grund) Kalkulant Elektrotechnik (m\/w\/d) f\u00fcr erneuerbare Energien, Elektrotechnik und E-Mobilit\u00e4t Vollzeit (38,5 Stunden), Wien<\/a> <br \/><a href=\"\/wp-content\/uploads\/sites\/2\/2024\/11\/Projektleiter_Elektro_PV_202411.pdf\" target=\"_blank\" rel=\"noopener noreferrer\">Projektleiter Elektrotechnik (m\/w\/d) f\u00fcr erneuerbare Energien, Elektrotechnik und E-Mobilit\u00e4t Vollzeit (38,5 Stunden), Wien<\/a> <br \/><a href=\"\/wp-content\/uploads\/sites\/2\/2024\/11\/Technischer_Zeichner_Elektro_PV_202411.pdf\" target=\"_blank\" rel=\"noopener noreferrer\">Technischer Zeichner (m\/w\/d) f\u00fcr f\u00fcr erneuerbare Energien, Elektrotechnik und E-Mobilit\u00e4t Vollzeit (38,5 Stunden), Wien<\/a> <br \/><a href=\"\/wp-content\/uploads\/sites\/2\/2024\/11\/Techniker_Elektro_PV_202411.pdf\" target=\"_blank\" rel=\"noopener noreferrer\">Techniker (m\/w\/d) f\u00fcr Elektrotechnik, erneuerbare Energien und E-Mobilit\u00e4t Vollzeit (38,5 Stunden), Wien<\/a> <br \/><a href=\"\/wp-content\/uploads\/sites\/2\/2024\/11\/Bauleiter_Elektro_PV_202411.pdf\" target=\"_blank\" rel=\"noopener noreferrer\">Bauleiter (m\/w\/d) f\u00fcr erneuerbare Energien, Elektrotechnik und E-Mobilit\u00e4t Vollzeit (38,5 Stunden), Wien<\/a>\r\n<br \/><a href=\"\/wp-content\/uploads\/sites\/2\/2024\/11\/Stellenbeschreibung_Servicetechniker Elektro_RE_2026-02 full.pdf\" target=\"_blank\" rel=\"noopener noreferrer\">Servicetechniker (m\/w\/d) f\u00fcr erneuerbare Energien, Elektrotechnik und E-Mobilit\u00e4t Vollzeit (38,5 Stunden), Wien<\/a> <\/p>\r\n<p>Bei Interesse senden Sie bitte Ihr Motivationsschreiben inkl. Lebenslauf und Zeugnissen via E-Mail an <a href=\"mailto:karriere@lsg-group.eu\">karriere@lsg-group.eu<\/a><\/p>\r\n<p>F\u00fcr den Postweg verwenden Sie bitte folgende Anschrift:<\/p>\r\n<p><strong>LSG Building Solutions GmbH<br \/><br \/>Gorskistrasse 13<br \/>1230 Wien<\/strong><\/p>","protected":false},"excerpt":{"rendered":"<p>DEINE KARRIERE BEI DER LSG Group Die LSG GROUP ist seit 1997 ein kompetenter und verl\u00e4sslicher Partner im Bereich Elektrotechnik, Haustechnik, Automation f\u00fcr industrielle und kommerzielle Kunden sowie der erneuerbaren Energien mit dem Hauptsitz in Wien. Starten Sie jetzt durch! Ob als Lehrling, QuereinsteigerIn oder Initiativbewerbung. Bewerbungen direkt an: karriere@lsg-group.eu Als innovatives und stark wachsendes [&hellip;]<\/p>\n","protected":false},"author":1,"featured_media":575,"parent":0,"menu_order":0,"comment_status":"closed","ping_status":"closed","template":"contentpage_fullwidth.php","meta":[],"acf":[],"_links":{"self":[{"href":"https:\/\/www.lsg-group.eu\/web-at\/wp-json\/wp\/v2\/pages\/1081"}],"collection":[{"href":"https:\/\/www.lsg-group.eu\/web-at\/wp-json\/wp\/v2\/pages"}],"about":[{"href":"https:\/\/www.lsg-group.eu\/web-at\/wp-json\/wp\/v2\/types\/page"}],"author":[{"embeddable":true,"href":"https:\/\/www.lsg-group.eu\/web-at\/wp-json\/wp\/v2\/users\/1"}],"replies":[{"embeddable":true,"href":"https:\/\/www.lsg-group.eu\/web-at\/wp-json\/wp\/v2\/comments?post=1081"}],"version-history":[{"count":35,"href":"https:\/\/www.lsg-group.eu\/web-at\/wp-json\/wp\/v2\/pages\/1081\/revisions"}],"predecessor-version":[{"id":3391,"href":"https:\/\/www.lsg-group.eu\/web-at\/wp-json\/wp\/v2\/pages\/1081\/revisions\/3391"}],"wp:featuredmedia":[{"embeddable":true,"href":"https:\/\/www.lsg-group.eu\/web-at\/wp-json\/wp\/v2\/media\/575"}],"wp:attachment":[{"href":"https:\/\/www.lsg-group.eu\/web-at\/wp-json\/wp\/v2\/media?parent=1081"}],"curies":[{"name":"wp","href":"https:\/\/api.w.org\/{rel}","templated":true}]}}