{"id":1111,"date":"2022-06-17T11:32:34","date_gmt":"2022-06-17T11:32:34","guid":{"rendered":"https:\/\/devsite.lsg-group.eu\/?page_id=1111"},"modified":"2022-10-07T23:08:28","modified_gmt":"2022-10-07T23:08:28","slug":"elektrotechnik","status":"publish","type":"page","link":"https:\/\/www.lsg-group.eu\/web-at\/leistungen\/elektrotechnik\/","title":{"rendered":"Elektrotechnik"},"content":{"rendered":"<p><strong>Elektrotechnik, Stark- und Schwachstrom<\/strong><\/p>\n<p>Nicht nur Versorgungssicherheit sondern auch Komfort und Wirtschaftlichkeit sind wichtige Komponenten in der Konzeption moderner elektrischer Anlagen.<\/p>\n<p>Durch detaillierte Beleuchtungskonzepte die in Abstimmung mit den anderen Gewerken ein perfektes Erscheinungsbild ergeben, versuchen wir bereits in der Planungsphase Kosten und Terminprobleme abzuwenden.<\/p>\n<p>Als Gesamtanbieter k\u00f6nnen wir helfen die erforderlichen Anschlussleistungen zu optimieren und somit Kosten nachhaltig zu reduzieren.<\/p>\n<p>Im Bereich der Sicherheitstechnik k\u00f6nnen wir durch Hersteller- und Produktunabh\u00e4ngigkeit die f\u00fcr das jeweilige Projekt beste L\u00f6sung im Hinblick auf Komfort und Wirtschaftlichkeit finden.<\/p>\n<div class=\"row\">\n<div class=\"sepperator col-lg-4 col-md-6 col-lg-4 col-xl-4 \">\n<div class=\"overflow\" style=\"min-height: 210px; height: 240px;\">\n<a href=\"\/wp-content\/uploads\/sites\/2\/2022\/10\/Elektro_001_WEB.jpg\" data-lightbox=\"roadtrip\"><br \/>\n<img decoding=\"async\" class=\"img-fluid \" src=\"\/wp-content\/uploads\/sites\/2\/2022\/10\/Elektro_001_WEB.jpg\" \/><br \/>\n<\/a><\/div>\n<\/div>\n<div class=\"sepperator col-lg-4 col-md-6 col-lg-4 col-xl-4 \">\n<div class=\"overflow\" style=\"min-height: 210px; height: 240px;\">\n<a href=\"\/wp-content\/uploads\/sites\/2\/2022\/10\/Elektro_003_WEB.jpg\" data-lightbox=\"roadtrip\"><br \/>\n<img decoding=\"async\" class=\"img-fluid \" src=\"\/wp-content\/uploads\/sites\/2\/2022\/10\/Elektro_003_WEB.jpg\" \/><br \/>\n<\/a><\/div>\n<\/div>\n<div class=\"sepperator col-lg-4 col-md-6 col-lg-4 col-xl-4 \">\n<div class=\"overflow\" style=\"min-height: 210px; height: 240px;\">\n<a href=\"\/wp-content\/uploads\/sites\/2\/2022\/10\/Elektro_004_WEB.jpg\" data-lightbox=\"roadtrip\"><br \/>\n<img decoding=\"async\" class=\"img-fluid \" src=\"\/wp-content\/uploads\/sites\/2\/2022\/10\/Elektro_004_WEB.jpg\" \/><br \/>\n<\/a><\/div>\n<\/div>\n<div class=\"sepperator col-lg-4 col-md-6 col-lg-4 col-xl-4 \">\n<div class=\"overflow\" style=\"min-height: 210px; height: 240px;\">\n<a href=\"\/wp-content\/uploads\/sites\/2\/2022\/10\/Elektro_011_WEB.jpg\" data-lightbox=\"roadtrip\"><br \/>\n<img decoding=\"async\" class=\"img-fluid \" src=\"\/wp-content\/uploads\/sites\/2\/2022\/10\/Elektro_011_WEB.jpg\" \/><br \/>\n<\/a><\/div>\n<\/div>\n<div class=\"sepperator col-lg-4 col-md-6 col-lg-4 col-xl-4 \">\n<div class=\"overflow\" style=\"min-height: 210px; height: 240px;\">\n<a href=\"\/wp-content\/uploads\/sites\/2\/2022\/10\/Elektro_013_WEB.jpg\" data-lightbox=\"roadtrip\"><br \/>\n<img decoding=\"async\" class=\"img-fluid \" src=\"\/wp-content\/uploads\/sites\/2\/2022\/10\/Elektro_013_WEB.jpg\" \/><br \/>\n<\/a><\/div>\n<\/div>\n<div class=\"sepperator col-lg-4 col-md-6 col-lg-4 col-xl-4 \">\n<div class=\"overflow\" style=\"min-height: 210px; height: 240px;\">\n<a href=\"\/wp-content\/uploads\/sites\/2\/2022\/10\/Elektro_014_WEB.jpg\" data-lightbox=\"roadtrip\"><br \/>\n<img decoding=\"async\" class=\"img-fluid \" src=\"\/wp-content\/uploads\/sites\/2\/2022\/10\/Elektro_014_WEB.jpg\" \/><br \/>\n<\/a><\/div>\n<\/div>\n<\/div>\n","protected":false},"excerpt":{"rendered":"<p>Elektrotechnik, Stark- und Schwachstrom Nicht nur Versorgungssicherheit sondern auch Komfort und Wirtschaftlichkeit sind wichtige Komponenten in der Konzeption moderner elektrischer Anlagen. Durch detaillierte Beleuchtungskonzepte die in Abstimmung mit den anderen Gewerken ein perfektes Erscheinungsbild ergeben, versuchen wir bereits in der Planungsphase Kosten und Terminprobleme abzuwenden. Als Gesamtanbieter k\u00f6nnen wir helfen die erforderlichen Anschlussleistungen zu optimieren [&hellip;]<\/p>\n","protected":false},"author":1,"featured_media":736,"parent":1062,"menu_order":0,"comment_status":"closed","ping_status":"closed","template":"contentpage_fullwidth.php","meta":[],"acf":[],"_links":{"self":[{"href":"https:\/\/www.lsg-group.eu\/web-at\/wp-json\/wp\/v2\/pages\/1111"}],"collection":[{"href":"https:\/\/www.lsg-group.eu\/web-at\/wp-json\/wp\/v2\/pages"}],"about":[{"href":"https:\/\/www.lsg-group.eu\/web-at\/wp-json\/wp\/v2\/types\/page"}],"author":[{"embeddable":true,"href":"https:\/\/www.lsg-group.eu\/web-at\/wp-json\/wp\/v2\/users\/1"}],"replies":[{"embeddable":true,"href":"https:\/\/www.lsg-group.eu\/web-at\/wp-json\/wp\/v2\/comments?post=1111"}],"version-history":[{"count":2,"href":"https:\/\/www.lsg-group.eu\/web-at\/wp-json\/wp\/v2\/pages\/1111\/revisions"}],"predecessor-version":[{"id":1732,"href":"https:\/\/www.lsg-group.eu\/web-at\/wp-json\/wp\/v2\/pages\/1111\/revisions\/1732"}],"up":[{"embeddable":true,"href":"https:\/\/www.lsg-group.eu\/web-at\/wp-json\/wp\/v2\/pages\/1062"}],"wp:featuredmedia":[{"embeddable":true,"href":"https:\/\/www.lsg-group.eu\/web-at\/wp-json\/wp\/v2\/media\/736"}],"wp:attachment":[{"href":"https:\/\/www.lsg-group.eu\/web-at\/wp-json\/wp\/v2\/media?parent=1111"}],"curies":[{"name":"wp","href":"https:\/\/api.w.org\/{rel}","templated":true}]}}