{"id":1116,"date":"2022-06-17T11:47:36","date_gmt":"2022-06-17T11:47:36","guid":{"rendered":"https:\/\/devsite.lsg-group.eu\/?page_id=1116"},"modified":"2022-10-07T23:15:10","modified_gmt":"2022-10-07T23:15:10","slug":"brandschutz","status":"publish","type":"page","link":"https:\/\/www.lsg-group.eu\/web-at\/leistungen\/brandschutz\/","title":{"rendered":"Brandschutz"},"content":{"rendered":"<p><strong>Brandschutz<\/strong><\/p>\n<p>Aktiver Brandschutz in Geb\u00e4uden, vor allem in Gro\u00dfprojekten, ist nicht nur technisch sondern immer \u00f6fter auch architektonisch eine Herausforderung.<\/p>\n<p>Der Einsatz von Wasservorh\u00e4ngen anstatt von Brandschutztoren, sowie architektonisch vertretbar angepasste Hydranten, sind nur zwei der h\u00e4ufig diskutierten Punkte.<\/p>\n<p>Speziell lokale Vorschriften in den verschiedenen M\u00e4rkten bringen so manchen Bauherrn zur Verzweiflung. Unser Know-how mit den verschiedensten Regelwerken stellen wir unseren Kunden zur Verf\u00fcgung und helfen durch zeitgerechte Koordination mit den Beh\u00f6rden eine der Gesetzeslage entsprechende Anlagenkonfiguration zu finden.<\/p>\n<div class=\"row\">\n<div class=\"sepperator col-lg-4 col-md-6 col-lg-4 col-xl-4 \">\n<div class=\"overflow\" style=\"min-height: 210px; height: 240px;\">\n<a href=\"\/wp-content\/uploads\/sites\/2\/2022\/10\/Sprinkler4.jpg\" data-lightbox=\"roadtrip\"><br \/>\n<img decoding=\"async\" class=\"img-fluid \" src=\"\/wp-content\/uploads\/sites\/2\/2022\/10\/Sprinkler4.jpg\" \/><br \/>\n<\/a><\/div>\n<\/div>\n<div class=\"sepperator col-lg-4 col-md-6 col-lg-4 col-xl-4 \">\n<div class=\"overflow\" style=\"min-height: 210px; height: 240px;\">\n<a href=\"\/wp-content\/uploads\/sites\/2\/2022\/10\/Sprinkler1.jpg\" data-lightbox=\"roadtrip\"><br \/>\n<img decoding=\"async\" class=\"img-fluid \" src=\"\/wp-content\/uploads\/sites\/2\/2022\/10\/Sprinkler1.jpg\" \/><br \/>\n<\/a><\/div>\n<\/div>\n<div class=\"sepperator col-lg-4 col-md-6 col-lg-4 col-xl-4 \">\n<div class=\"overflow\" style=\"min-height: 210px; height: 240px;\">\n<a href=\"\/wp-content\/uploads\/sites\/2\/2022\/10\/Sprinkler_008_WEB.jpg\" data-lightbox=\"roadtrip\"><br \/>\n<img decoding=\"async\" class=\"img-fluid \" src=\"\/wp-content\/uploads\/sites\/2\/2022\/10\/Sprinkler_008_WEB.jpg\" \/><br \/>\n<\/a><\/div>\n<\/div>\n<div class=\"sepperator col-lg-4 col-md-6 col-lg-4 col-xl-4 \">\n<div class=\"overflow\" style=\"min-height: 210px; height: 240px;\">\n<a href=\"\/wp-content\/uploads\/sites\/2\/2022\/10\/Sprinkler_004_WEB.jpg\" data-lightbox=\"roadtrip\"><br \/>\n<img decoding=\"async\" class=\"img-fluid \" src=\"\/wp-content\/uploads\/sites\/2\/2022\/10\/Sprinkler_004_WEB.jpg\" \/><br \/>\n<\/a><\/div>\n<\/div>\n<div class=\"sepperator col-lg-4 col-md-6 col-lg-4 col-xl-4 \">\n<div class=\"overflow\" style=\"min-height: 210px; height: 240px;\">\n<a href=\"\/wp-content\/uploads\/sites\/2\/2022\/10\/Sprinkler_003_WEB.jpg\" data-lightbox=\"roadtrip\"><br \/>\n<img decoding=\"async\" class=\"img-fluid \" src=\"\/wp-content\/uploads\/sites\/2\/2022\/10\/Sprinkler_003_WEB.jpg\" \/><br \/>\n<\/a><\/div>\n<\/div>\n<div class=\"sepperator col-lg-4 col-md-6 col-lg-4 col-xl-4 \">\n<div class=\"overflow\" style=\"min-height: 210px; height: 240px;\">\n<a href=\"\/wp-content\/uploads\/sites\/2\/2022\/10\/Sprinkler_002_WEB.jpg\" data-lightbox=\"roadtrip\"><br \/>\n<img decoding=\"async\" class=\"img-fluid \" src=\"\/wp-content\/uploads\/sites\/2\/2022\/10\/Sprinkler_002_WEB.jpg\" \/><br \/>\n<\/a><\/div>\n<\/div>\n<\/div>\n","protected":false},"excerpt":{"rendered":"<p>Brandschutz Aktiver Brandschutz in Geb\u00e4uden, vor allem in Gro\u00dfprojekten, ist nicht nur technisch sondern immer \u00f6fter auch architektonisch eine Herausforderung. Der Einsatz von Wasservorh\u00e4ngen anstatt von Brandschutztoren, sowie architektonisch vertretbar angepasste Hydranten, sind nur zwei der h\u00e4ufig diskutierten Punkte. Speziell lokale Vorschriften in den verschiedenen M\u00e4rkten bringen so manchen Bauherrn zur Verzweiflung. Unser Know-how mit [&hellip;]<\/p>\n","protected":false},"author":1,"featured_media":737,"parent":1062,"menu_order":0,"comment_status":"closed","ping_status":"closed","template":"contentpage_fullwidth.php","meta":[],"acf":[],"_links":{"self":[{"href":"https:\/\/www.lsg-group.eu\/web-at\/wp-json\/wp\/v2\/pages\/1116"}],"collection":[{"href":"https:\/\/www.lsg-group.eu\/web-at\/wp-json\/wp\/v2\/pages"}],"about":[{"href":"https:\/\/www.lsg-group.eu\/web-at\/wp-json\/wp\/v2\/types\/page"}],"author":[{"embeddable":true,"href":"https:\/\/www.lsg-group.eu\/web-at\/wp-json\/wp\/v2\/users\/1"}],"replies":[{"embeddable":true,"href":"https:\/\/www.lsg-group.eu\/web-at\/wp-json\/wp\/v2\/comments?post=1116"}],"version-history":[{"count":4,"href":"https:\/\/www.lsg-group.eu\/web-at\/wp-json\/wp\/v2\/pages\/1116\/revisions"}],"predecessor-version":[{"id":1744,"href":"https:\/\/www.lsg-group.eu\/web-at\/wp-json\/wp\/v2\/pages\/1116\/revisions\/1744"}],"up":[{"embeddable":true,"href":"https:\/\/www.lsg-group.eu\/web-at\/wp-json\/wp\/v2\/pages\/1062"}],"wp:featuredmedia":[{"embeddable":true,"href":"https:\/\/www.lsg-group.eu\/web-at\/wp-json\/wp\/v2\/media\/737"}],"wp:attachment":[{"href":"https:\/\/www.lsg-group.eu\/web-at\/wp-json\/wp\/v2\/media?parent=1116"}],"curies":[{"name":"wp","href":"https:\/\/api.w.org\/{rel}","templated":true}]}}