{"id":1118,"date":"2022-06-17T11:49:20","date_gmt":"2022-06-17T11:49:20","guid":{"rendered":"https:\/\/devsite.lsg-group.eu\/?page_id=1118"},"modified":"2022-10-07T23:11:08","modified_gmt":"2022-10-07T23:11:08","slug":"sanitaer-abwasser","status":"publish","type":"page","link":"https:\/\/www.lsg-group.eu\/web-at\/leistungen\/sanitaer-abwasser\/","title":{"rendered":"Sanit\u00e4r &#038; Abwasser"},"content":{"rendered":"<p><strong>Sanit\u00e4r &#038; Abwasser<\/strong><\/p>\n<p>Sanit\u00e4r und Abwassertechnik ist nicht nur bei Industrieanlagen ein wichtiges Gewerk. Unsere Techniker erarbeiten mit dem Bauherrn eine optimale L\u00f6sung in Bezug auf Komfort und versuchen durch intensive Beratung bereits in der Ausf\u00fchrungsphase Kosten im sp\u00e4teren Betrieb zu minimieren.<\/p>\n<p>Bei Gro\u00dfprojekten setzen wir den Schwerpunkt in der Anlagenkonzeption vor allem auch in der Flexibilit\u00e4t, um f\u00fcr zuk\u00fcnftige Erweiterungen und Umbauten ger\u00fcstet zu sein.<\/p>\n<div class=\"row\">\n<div class=\"sepperator col-lg-4 col-md-6 col-lg-4 col-xl-4 \">\n<div class=\"overflow\" style=\"min-height: 210px; height: 240px;\">\n<a href=\"\/wp-content\/uploads\/sites\/2\/2022\/10\/VIK_001_WEB.jpg\" data-lightbox=\"roadtrip\"><br \/>\n<img decoding=\"async\" class=\"img-fluid \" src=\"\/wp-content\/uploads\/sites\/2\/2022\/10\/VIK_001_WEB.jpg\" \/><br \/>\n<\/a><\/div>\n<\/div>\n<div class=\"sepperator col-lg-4 col-md-6 col-lg-4 col-xl-4 \">\n<div class=\"overflow\" style=\"min-height: 210px; height: 240px;\">\n<a href=\"\/wp-content\/uploads\/sites\/2\/2022\/10\/VIK_002_WEB.jpg\" data-lightbox=\"roadtrip\"><br \/>\n<img decoding=\"async\" class=\"img-fluid \" src=\"\/wp-content\/uploads\/sites\/2\/2022\/10\/VIK_002_WEB.jpg\" \/><br \/>\n<\/a><\/div>\n<\/div>\n<div class=\"sepperator col-lg-4 col-md-6 col-lg-4 col-xl-4 \">\n<div class=\"overflow\" style=\"min-height: 210px; height: 240px;\">\n<a href=\"\/wp-content\/uploads\/sites\/2\/2022\/10\/VIK_003_WEB.jpg\" data-lightbox=\"roadtrip\"><br \/>\n<img decoding=\"async\" class=\"img-fluid \" src=\"\/wp-content\/uploads\/sites\/2\/2022\/10\/VIK_003_WEB.jpg\" \/><br \/>\n<\/a><\/div>\n<\/div>\n<\/div>\n","protected":false},"excerpt":{"rendered":"<p>Sanit\u00e4r &#038; Abwasser Sanit\u00e4r und Abwassertechnik ist nicht nur bei Industrieanlagen ein wichtiges Gewerk. Unsere Techniker erarbeiten mit dem Bauherrn eine optimale L\u00f6sung in Bezug auf Komfort und versuchen durch intensive Beratung bereits in der Ausf\u00fchrungsphase Kosten im sp\u00e4teren Betrieb zu minimieren. Bei Gro\u00dfprojekten setzen wir den Schwerpunkt in der Anlagenkonzeption vor allem auch in [&hellip;]<\/p>\n","protected":false},"author":1,"featured_media":741,"parent":1062,"menu_order":0,"comment_status":"closed","ping_status":"closed","template":"contentpage_fullwidth.php","meta":[],"acf":[],"_links":{"self":[{"href":"https:\/\/www.lsg-group.eu\/web-at\/wp-json\/wp\/v2\/pages\/1118"}],"collection":[{"href":"https:\/\/www.lsg-group.eu\/web-at\/wp-json\/wp\/v2\/pages"}],"about":[{"href":"https:\/\/www.lsg-group.eu\/web-at\/wp-json\/wp\/v2\/types\/page"}],"author":[{"embeddable":true,"href":"https:\/\/www.lsg-group.eu\/web-at\/wp-json\/wp\/v2\/users\/1"}],"replies":[{"embeddable":true,"href":"https:\/\/www.lsg-group.eu\/web-at\/wp-json\/wp\/v2\/comments?post=1118"}],"version-history":[{"count":3,"href":"https:\/\/www.lsg-group.eu\/web-at\/wp-json\/wp\/v2\/pages\/1118\/revisions"}],"predecessor-version":[{"id":1741,"href":"https:\/\/www.lsg-group.eu\/web-at\/wp-json\/wp\/v2\/pages\/1118\/revisions\/1741"}],"up":[{"embeddable":true,"href":"https:\/\/www.lsg-group.eu\/web-at\/wp-json\/wp\/v2\/pages\/1062"}],"wp:featuredmedia":[{"embeddable":true,"href":"https:\/\/www.lsg-group.eu\/web-at\/wp-json\/wp\/v2\/media\/741"}],"wp:attachment":[{"href":"https:\/\/www.lsg-group.eu\/web-at\/wp-json\/wp\/v2\/media?parent=1118"}],"curies":[{"name":"wp","href":"https:\/\/api.w.org\/{rel}","templated":true}]}}