{"id":1125,"date":"2022-06-17T12:04:08","date_gmt":"2022-06-17T12:04:08","guid":{"rendered":"https:\/\/devsite.lsg-group.eu\/?page_id=1125"},"modified":"2022-10-07T16:00:35","modified_gmt":"2022-10-07T16:00:35","slug":"security-safety","status":"publish","type":"page","link":"https:\/\/www.lsg-group.eu\/web-at\/leistungen\/security-safety\/","title":{"rendered":"Security &#038; Safety"},"content":{"rendered":"<p><strong>Warnungen, Durchsagen Sprachalarm f\u00fcr optimale Geb\u00e4udesicherheit!<\/strong><\/p>\n<p>Sicherheit von G\u00e4sten, Angestellten und Rettungskr\u00e4ften hat immer h\u00f6chste Priorit\u00e4t! Die Sicherheit von Kunden und Personal steht immer an erster Stelle. Geb\u00e4udesicherheits-Technik gew\u00e4hrleistet ein rasches Reagieren auf Notsituationen wie z.B. im Brandfall.<\/p>\n<p>Alarmierung im Brandfall vom Profi mit Elektroakustische-Notfallsysteme (ENS) kurz \u201eVoice Alarm Systems\u201c &#8211; Warnungen Durchsagen Sprachalarmierung f\u00fcr die optimale Geb\u00e4udesicherheit!<\/p>\n","protected":false},"excerpt":{"rendered":"<p>Warnungen, Durchsagen Sprachalarm f\u00fcr optimale Geb\u00e4udesicherheit! Sicherheit von G\u00e4sten, Angestellten und Rettungskr\u00e4ften hat immer h\u00f6chste Priorit\u00e4t! Die Sicherheit von Kunden und Personal steht immer an erster Stelle. Geb\u00e4udesicherheits-Technik gew\u00e4hrleistet ein rasches Reagieren auf Notsituationen wie z.B. im Brandfall. Alarmierung im Brandfall vom Profi mit Elektroakustische-Notfallsysteme (ENS) kurz \u201eVoice Alarm Systems\u201c &#8211; Warnungen Durchsagen Sprachalarmierung f\u00fcr [&hellip;]<\/p>\n","protected":false},"author":1,"featured_media":748,"parent":1062,"menu_order":0,"comment_status":"closed","ping_status":"closed","template":"contentpage_fullwidth.php","meta":[],"acf":[],"_links":{"self":[{"href":"https:\/\/www.lsg-group.eu\/web-at\/wp-json\/wp\/v2\/pages\/1125"}],"collection":[{"href":"https:\/\/www.lsg-group.eu\/web-at\/wp-json\/wp\/v2\/pages"}],"about":[{"href":"https:\/\/www.lsg-group.eu\/web-at\/wp-json\/wp\/v2\/types\/page"}],"author":[{"embeddable":true,"href":"https:\/\/www.lsg-group.eu\/web-at\/wp-json\/wp\/v2\/users\/1"}],"replies":[{"embeddable":true,"href":"https:\/\/www.lsg-group.eu\/web-at\/wp-json\/wp\/v2\/comments?post=1125"}],"version-history":[{"count":3,"href":"https:\/\/www.lsg-group.eu\/web-at\/wp-json\/wp\/v2\/pages\/1125\/revisions"}],"predecessor-version":[{"id":1687,"href":"https:\/\/www.lsg-group.eu\/web-at\/wp-json\/wp\/v2\/pages\/1125\/revisions\/1687"}],"up":[{"embeddable":true,"href":"https:\/\/www.lsg-group.eu\/web-at\/wp-json\/wp\/v2\/pages\/1062"}],"wp:featuredmedia":[{"embeddable":true,"href":"https:\/\/www.lsg-group.eu\/web-at\/wp-json\/wp\/v2\/media\/748"}],"wp:attachment":[{"href":"https:\/\/www.lsg-group.eu\/web-at\/wp-json\/wp\/v2\/media?parent=1125"}],"curies":[{"name":"wp","href":"https:\/\/api.w.org\/{rel}","templated":true}]}}