{"id":1270,"date":"2022-10-04T18:12:16","date_gmt":"2022-10-04T18:12:16","guid":{"rendered":"https:\/\/devsite.lsg-group.eu\/?page_id=1270"},"modified":"2022-11-23T12:46:52","modified_gmt":"2022-11-23T12:46:52","slug":"usluge","status":"publish","type":"page","link":"https:\/\/www.lsg-group.eu\/web-at\/hr\/usluge\/","title":{"rendered":"usluge"},"content":{"rendered":"<h3 style=\"font-weight: 300; color: black;\">Usluge<\/h3>\n<p>Za elektro instalacije i strojarska postrojenja postavljaju se sve vi\u0161i zahtjevi u pogledu udobnosti i ekonomi\u010dnosti. Da bismo mogli ispuniti te zahtjeve i unato\u010d tome ostati unutar okvira isplativih za investicije, neizbje\u017eno je razmatranje sustava u cjelini.<\/p>\n<p>Koordinacija, kao i problematika preklapanja izme\u0111u raznih radova, uzrokuju tro\u0161kove, a \u010desto dovode i do ka\u0161njenja u rokovima. Kao ponu\u0111a\u010d cjelokupnih rje\u0161enja, mi za preklapanja izme\u0111u pojedinih radova preuzimamo odgovornost u pogledu izvo\u0111enja, kao i tro\u0161kova. Tako vi\u0161e ni\u0161ta ne stoji na putu dovr\u0161enja u skladu s bud\u017eetima i rokovima. Kao ponu\u0111a\u010d cjelokupnih rje\u0161enja, neovisan o proizvo\u0111a\u010dima, na podru\u010dju tehni\u010dkog opremanja zgrada nudimo sljede\u0107i<\/p>\n<p>Elektrotehnika, slaba i jaka struja<br \/>\nGrijanje, ventilacija i klimatizacija<br \/>\nOpskrba vodom i odvodnja<br \/>\nSustavi sigurnosne tehnike<br \/>\nAutomatika<br \/>\nObnovljivi izvori energije<br \/>\nSprinkler<\/p>\n<p><strong>LSG GROUP je kao kompetentan \u201eLife Cycle Partner\u201c\u00a0 u mogu\u0107nosti ponuditi\u00a0 svaku pojedinu fazu jednog projekta prema na\u010delu \u201esve iz jedne ruke\u201c.<\/strong><\/p>\n<p>Razvoj projekata<br \/>\nProjektiranje<br \/>\nIzgradnja i opremanje<br \/>\nUpravljanje i odr\u017eavanje<\/p>\n","protected":false},"excerpt":{"rendered":"<p>Usluge Za elektro instalacije i strojarska postrojenja postavljaju se sve vi\u0161i zahtjevi u pogledu udobnosti i ekonomi\u010dnosti. Da bismo mogli ispuniti te zahtjeve i unato\u010d tome ostati unutar okvira isplativih za investicije, neizbje\u017eno je razmatranje sustava u cjelini. Koordinacija, kao i problematika preklapanja izme\u0111u raznih radova, uzrokuju tro\u0161kove, a \u010desto dovode i do ka\u0161njenja u [&hellip;]<\/p>\n","protected":false},"author":1,"featured_media":0,"parent":0,"menu_order":0,"comment_status":"closed","ping_status":"closed","template":"services_overview_at.php","meta":[],"acf":[],"_links":{"self":[{"href":"https:\/\/www.lsg-group.eu\/web-at\/wp-json\/wp\/v2\/pages\/1270"}],"collection":[{"href":"https:\/\/www.lsg-group.eu\/web-at\/wp-json\/wp\/v2\/pages"}],"about":[{"href":"https:\/\/www.lsg-group.eu\/web-at\/wp-json\/wp\/v2\/types\/page"}],"author":[{"embeddable":true,"href":"https:\/\/www.lsg-group.eu\/web-at\/wp-json\/wp\/v2\/users\/1"}],"replies":[{"embeddable":true,"href":"https:\/\/www.lsg-group.eu\/web-at\/wp-json\/wp\/v2\/comments?post=1270"}],"version-history":[{"count":7,"href":"https:\/\/www.lsg-group.eu\/web-at\/wp-json\/wp\/v2\/pages\/1270\/revisions"}],"predecessor-version":[{"id":2035,"href":"https:\/\/www.lsg-group.eu\/web-at\/wp-json\/wp\/v2\/pages\/1270\/revisions\/2035"}],"wp:attachment":[{"href":"https:\/\/www.lsg-group.eu\/web-at\/wp-json\/wp\/v2\/media?parent=1270"}],"curies":[{"name":"wp","href":"https:\/\/api.w.org\/{rel}","templated":true}]}}