{"id":1630,"date":"2022-10-07T13:33:33","date_gmt":"2022-10-07T13:33:33","guid":{"rendered":"https:\/\/devsite.lsg-group.eu\/?page_id=1630"},"modified":"2023-04-04T09:45:58","modified_gmt":"2023-04-04T09:45:58","slug":"o-nama-2","status":"publish","type":"page","link":"https:\/\/www.lsg-group.eu\/web-at\/sr\/o-nama-2\/","title":{"rendered":"O nama"},"content":{"rendered":"<p>LSG GROUP sa svojim predhodnicima djeluje u \u00a0Austriji od 1997.g. Danas LSG GROUP zastupa austrijsko tr\u017ei\u0161te sa slijede\u0107im firmama:<\/p>\n<p><strong>LSG Building Solutions GmbH Wien<\/strong><br \/>\n<strong>TGA Technische Geb\u00e4udeausr\u00fcstungs GmbH<\/strong><\/p>\n<p>Sa ovim \u0161irokim spektrom usluga, LSG GROUP je kompetentan i pouzdan partner u oblasti elektrotehnike, gra\u0111evinskih usluga, fotonaponskih sistema i obnovljivih izvora energije za industrijske i komercijalne korisnike.<\/p>\n","protected":false},"excerpt":{"rendered":"<p>LSG GROUP sa svojim predhodnicima djeluje u \u00a0Austriji od 1997.g. Danas LSG GROUP zastupa austrijsko tr\u017ei\u0161te sa slijede\u0107im firmama: LSG Building Solutions GmbH Wien TGA Technische Geb\u00e4udeausr\u00fcstungs GmbH Sa ovim \u0161irokim spektrom usluga, LSG GROUP je kompetentan i pouzdan partner u oblasti elektrotehnike, gra\u0111evinskih usluga, fotonaponskih sistema i obnovljivih izvora energije za industrijske i komercijalne [&hellip;]<\/p>\n","protected":false},"author":1,"featured_media":588,"parent":0,"menu_order":0,"comment_status":"closed","ping_status":"closed","template":"contentpage_2spalten.php","meta":[],"acf":[],"_links":{"self":[{"href":"https:\/\/www.lsg-group.eu\/web-at\/wp-json\/wp\/v2\/pages\/1630"}],"collection":[{"href":"https:\/\/www.lsg-group.eu\/web-at\/wp-json\/wp\/v2\/pages"}],"about":[{"href":"https:\/\/www.lsg-group.eu\/web-at\/wp-json\/wp\/v2\/types\/page"}],"author":[{"embeddable":true,"href":"https:\/\/www.lsg-group.eu\/web-at\/wp-json\/wp\/v2\/users\/1"}],"replies":[{"embeddable":true,"href":"https:\/\/www.lsg-group.eu\/web-at\/wp-json\/wp\/v2\/comments?post=1630"}],"version-history":[{"count":11,"href":"https:\/\/www.lsg-group.eu\/web-at\/wp-json\/wp\/v2\/pages\/1630\/revisions"}],"predecessor-version":[{"id":2993,"href":"https:\/\/www.lsg-group.eu\/web-at\/wp-json\/wp\/v2\/pages\/1630\/revisions\/2993"}],"wp:featuredmedia":[{"embeddable":true,"href":"https:\/\/www.lsg-group.eu\/web-at\/wp-json\/wp\/v2\/media\/588"}],"wp:attachment":[{"href":"https:\/\/www.lsg-group.eu\/web-at\/wp-json\/wp\/v2\/media?parent=1630"}],"curies":[{"name":"wp","href":"https:\/\/api.w.org\/{rel}","templated":true}]}}