{"id":1688,"date":"2022-10-07T16:02:07","date_gmt":"2022-10-07T16:02:07","guid":{"rendered":"https:\/\/devsite.lsg-group.eu\/?page_id=1688"},"modified":"2022-10-07T16:03:26","modified_gmt":"2022-10-07T16:03:26","slug":"sigurnosni-sustavi","status":"publish","type":"page","link":"https:\/\/www.lsg-group.eu\/web-at\/hr\/usluge\/sigurnosni-sustavi\/","title":{"rendered":"Sigurnosni sustavi"},"content":{"rendered":"<p><strong>Sigurnost gostiju, zaposlenika i spasioca uvijek nam je na prvom mjestu!<\/strong><\/p>\n<p>Sigurnost kupaca i osoblja stoji uvijek je na prvom mjestu. Sigurnosna tehnologija zgrade osigurava brz odgovor u hitnim situacijama, kao npr. slu\u010daj po\u017eara.<\/p>\n<p>Uzbuna u slu\u010daju po\u017eara od profesionalaca s elektro-akusti\u010dkim sustavima za hitne slu\u010dajeve (ENS) ili skra\u0107eno &#8220;Sustavi glasovnog alarmiranja&#8221; &#8211; obavijesti upozorenja glasovnim alarmom za optimalnu sigurnost zgrade!<\/p>\n","protected":false},"excerpt":{"rendered":"<p>Sigurnost gostiju, zaposlenika i spasioca uvijek nam je na prvom mjestu! Sigurnost kupaca i osoblja stoji uvijek je na prvom mjestu. Sigurnosna tehnologija zgrade osigurava brz odgovor u hitnim situacijama, kao npr. slu\u010daj po\u017eara. Uzbuna u slu\u010daju po\u017eara od profesionalaca s elektro-akusti\u010dkim sustavima za hitne slu\u010dajeve (ENS) ili skra\u0107eno &#8220;Sustavi glasovnog alarmiranja&#8221; &#8211; obavijesti upozorenja [&hellip;]<\/p>\n","protected":false},"author":1,"featured_media":748,"parent":1270,"menu_order":0,"comment_status":"closed","ping_status":"closed","template":"contentpage_fullwidth.php","meta":[],"acf":[],"_links":{"self":[{"href":"https:\/\/www.lsg-group.eu\/web-at\/wp-json\/wp\/v2\/pages\/1688"}],"collection":[{"href":"https:\/\/www.lsg-group.eu\/web-at\/wp-json\/wp\/v2\/pages"}],"about":[{"href":"https:\/\/www.lsg-group.eu\/web-at\/wp-json\/wp\/v2\/types\/page"}],"author":[{"embeddable":true,"href":"https:\/\/www.lsg-group.eu\/web-at\/wp-json\/wp\/v2\/users\/1"}],"replies":[{"embeddable":true,"href":"https:\/\/www.lsg-group.eu\/web-at\/wp-json\/wp\/v2\/comments?post=1688"}],"version-history":[{"count":3,"href":"https:\/\/www.lsg-group.eu\/web-at\/wp-json\/wp\/v2\/pages\/1688\/revisions"}],"predecessor-version":[{"id":1693,"href":"https:\/\/www.lsg-group.eu\/web-at\/wp-json\/wp\/v2\/pages\/1688\/revisions\/1693"}],"up":[{"embeddable":true,"href":"https:\/\/www.lsg-group.eu\/web-at\/wp-json\/wp\/v2\/pages\/1270"}],"wp:featuredmedia":[{"embeddable":true,"href":"https:\/\/www.lsg-group.eu\/web-at\/wp-json\/wp\/v2\/media\/748"}],"wp:attachment":[{"href":"https:\/\/www.lsg-group.eu\/web-at\/wp-json\/wp\/v2\/media?parent=1688"}],"curies":[{"name":"wp","href":"https:\/\/api.w.org\/{rel}","templated":true}]}}