{"id":1690,"date":"2022-10-07T16:02:46","date_gmt":"2022-10-07T16:02:46","guid":{"rendered":"https:\/\/devsite.lsg-group.eu\/?page_id=1690"},"modified":"2022-10-07T16:03:51","modified_gmt":"2022-10-07T16:03:51","slug":"sigurnosni-sistemi","status":"publish","type":"page","link":"https:\/\/www.lsg-group.eu\/web-at\/sr\/usluge-2\/sigurnosni-sistemi\/","title":{"rendered":"Sigurnosni sistemi"},"content":{"rendered":"<p><strong>Bezbednost gostiju, zaposlenih i spasilaca uvek nam je na prvom mestu!<\/strong><\/p>\n<p>Bezbednost kupaca i osoblja je uvek na prvom mestu. Sigurnosna tehnologija zgrade obezbe\u0111uje brzu reakciju u vanrednim situacijama, kao \u0161to je npr.po\u017ear.<\/p>\n<p>Vatrogasni alarm od profesionalaca sa elektro-akusti\u010dnim sistemima za hitne slu\u010dajeve (ENS) ili \u201eSistemi za glasovni alarm\u201c\u2013 obave\u0161tenja glasovnog alarma za optimalnu bezbednost zgrade!<\/p>\n","protected":false},"excerpt":{"rendered":"<p>Bezbednost gostiju, zaposlenih i spasilaca uvek nam je na prvom mestu! Bezbednost kupaca i osoblja je uvek na prvom mestu. Sigurnosna tehnologija zgrade obezbe\u0111uje brzu reakciju u vanrednim situacijama, kao \u0161to je npr.po\u017ear. Vatrogasni alarm od profesionalaca sa elektro-akusti\u010dnim sistemima za hitne slu\u010dajeve (ENS) ili \u201eSistemi za glasovni alarm\u201c\u2013 obave\u0161tenja glasovnog alarma za optimalnu bezbednost [&hellip;]<\/p>\n","protected":false},"author":1,"featured_media":748,"parent":1669,"menu_order":0,"comment_status":"closed","ping_status":"closed","template":"contentpage_fullwidth.php","meta":[],"acf":[],"_links":{"self":[{"href":"https:\/\/www.lsg-group.eu\/web-at\/wp-json\/wp\/v2\/pages\/1690"}],"collection":[{"href":"https:\/\/www.lsg-group.eu\/web-at\/wp-json\/wp\/v2\/pages"}],"about":[{"href":"https:\/\/www.lsg-group.eu\/web-at\/wp-json\/wp\/v2\/types\/page"}],"author":[{"embeddable":true,"href":"https:\/\/www.lsg-group.eu\/web-at\/wp-json\/wp\/v2\/users\/1"}],"replies":[{"embeddable":true,"href":"https:\/\/www.lsg-group.eu\/web-at\/wp-json\/wp\/v2\/comments?post=1690"}],"version-history":[{"count":2,"href":"https:\/\/www.lsg-group.eu\/web-at\/wp-json\/wp\/v2\/pages\/1690\/revisions"}],"predecessor-version":[{"id":1695,"href":"https:\/\/www.lsg-group.eu\/web-at\/wp-json\/wp\/v2\/pages\/1690\/revisions\/1695"}],"up":[{"embeddable":true,"href":"https:\/\/www.lsg-group.eu\/web-at\/wp-json\/wp\/v2\/pages\/1669"}],"wp:featuredmedia":[{"embeddable":true,"href":"https:\/\/www.lsg-group.eu\/web-at\/wp-json\/wp\/v2\/media\/748"}],"wp:attachment":[{"href":"https:\/\/www.lsg-group.eu\/web-at\/wp-json\/wp\/v2\/media?parent=1690"}],"curies":[{"name":"wp","href":"https:\/\/api.w.org\/{rel}","templated":true}]}}