{"id":1696,"date":"2022-10-07T22:04:27","date_gmt":"2022-10-07T22:04:27","guid":{"rendered":"https:\/\/devsite.lsg-group.eu\/?page_id=1696"},"modified":"2022-10-07T23:08:49","modified_gmt":"2022-10-07T23:08:49","slug":"elektroinstalacije","status":"publish","type":"page","link":"https:\/\/www.lsg-group.eu\/web-at\/sr\/usluge-2\/elektroinstalacije\/","title":{"rendered":"Elektroinstalacije"},"content":{"rendered":"<p>Va\u017ene komponente u koncepciji savremenih elektri\u010dnih postrojenja predstavljaju i udobnost i isplativost a ne samo sigurnost u snabdevanju. Kroz detaljan projekat rasvete, koji je uskla\u0111en sa drugim instalacijskim radovima, osiguravamo savr\u0161en izgled i ve\u0107 u fazi projektovanja nastojimo spre\u010diti probleme sa tro\u0161kovima i rokovima.<\/p>\n<p>Na podru\u010dju snabdevanja energijom izra\u0111ujemo koncepcije postrojenja u uskoj saradnji sa radovima na opremanju zgrade. Kao ponu\u0111a\u010d celokupnih re\u0161enja mi mo\u017eemo pomo\u0107i u smanjenju, na najmanju meru potrebnih radova na priklju\u010denju, a time i trajno redukovati tro\u0161kove.<\/p>\n<p>U podru\u010dju sigurnosne tehnike mo\u017eemo, zbog na\u0161e nezavisnosti od proizvo\u0111a\u010da i proizvodima, prona\u0107i najbolja re\u0161enja za odgovaraju\u0107e projekte u pogledu udobnosti i isplativosti.<\/p>\n<div class=\"row\">\n<div class=\"sepperator col-lg-4 col-md-6 col-lg-4 col-xl-4 \">\n<div class=\"overflow\" style=\"min-height: 210px; height: 240px;\">\n<a href=\"\/wp-content\/uploads\/sites\/2\/2022\/10\/Elektro_001_WEB.jpg\" data-lightbox=\"roadtrip\"><br \/>\n<img decoding=\"async\" class=\"img-fluid \" src=\"\/wp-content\/uploads\/sites\/2\/2022\/10\/Elektro_001_WEB.jpg\" \/><br \/>\n<\/a><\/div>\n<\/div>\n<div class=\"sepperator col-lg-4 col-md-6 col-lg-4 col-xl-4 \">\n<div class=\"overflow\" style=\"min-height: 210px; height: 240px;\">\n<a href=\"\/wp-content\/uploads\/sites\/2\/2022\/10\/Elektro_003_WEB.jpg\" data-lightbox=\"roadtrip\"><br \/>\n<img decoding=\"async\" class=\"img-fluid \" src=\"\/wp-content\/uploads\/sites\/2\/2022\/10\/Elektro_003_WEB.jpg\" \/><br \/>\n<\/a><\/div>\n<\/div>\n<div class=\"sepperator col-lg-4 col-md-6 col-lg-4 col-xl-4 \">\n<div class=\"overflow\" style=\"min-height: 210px; height: 240px;\">\n<a href=\"\/wp-content\/uploads\/sites\/2\/2022\/10\/Elektro_004_WEB.jpg\" data-lightbox=\"roadtrip\"><br \/>\n<img decoding=\"async\" class=\"img-fluid \" src=\"\/wp-content\/uploads\/sites\/2\/2022\/10\/Elektro_004_WEB.jpg\" \/><br \/>\n<\/a><\/div>\n<\/div>\n<div class=\"sepperator col-lg-4 col-md-6 col-lg-4 col-xl-4 \">\n<div class=\"overflow\" style=\"min-height: 210px; height: 240px;\">\n<a href=\"\/wp-content\/uploads\/sites\/2\/2022\/10\/Elektro_011_WEB.jpg\" data-lightbox=\"roadtrip\"><br \/>\n<img decoding=\"async\" class=\"img-fluid \" src=\"\/wp-content\/uploads\/sites\/2\/2022\/10\/Elektro_011_WEB.jpg\" \/><br \/>\n<\/a><\/div>\n<\/div>\n<div class=\"sepperator col-lg-4 col-md-6 col-lg-4 col-xl-4 \">\n<div class=\"overflow\" style=\"min-height: 210px; height: 240px;\">\n<a href=\"\/wp-content\/uploads\/sites\/2\/2022\/10\/Elektro_013_WEB.jpg\" data-lightbox=\"roadtrip\"><br \/>\n<img decoding=\"async\" class=\"img-fluid \" src=\"\/wp-content\/uploads\/sites\/2\/2022\/10\/Elektro_013_WEB.jpg\" \/><br \/>\n<\/a><\/div>\n<\/div>\n<div class=\"sepperator col-lg-4 col-md-6 col-lg-4 col-xl-4 \">\n<div class=\"overflow\" style=\"min-height: 210px; height: 240px;\">\n<a href=\"\/wp-content\/uploads\/sites\/2\/2022\/10\/Elektro_014_WEB.jpg\" data-lightbox=\"roadtrip\"><br \/>\n<img decoding=\"async\" class=\"img-fluid \" src=\"\/wp-content\/uploads\/sites\/2\/2022\/10\/Elektro_014_WEB.jpg\" \/><br \/>\n<\/a><\/div>\n<\/div>\n<\/div>\n","protected":false},"excerpt":{"rendered":"<p>Va\u017ene komponente u koncepciji savremenih elektri\u010dnih postrojenja predstavljaju i udobnost i isplativost a ne samo sigurnost u snabdevanju. Kroz detaljan projekat rasvete, koji je uskla\u0111en sa drugim instalacijskim radovima, osiguravamo savr\u0161en izgled i ve\u0107 u fazi projektovanja nastojimo spre\u010diti probleme sa tro\u0161kovima i rokovima. Na podru\u010dju snabdevanja energijom izra\u0111ujemo koncepcije postrojenja u uskoj saradnji sa [&hellip;]<\/p>\n","protected":false},"author":1,"featured_media":736,"parent":1669,"menu_order":0,"comment_status":"closed","ping_status":"closed","template":"contentpage_fullwidth.php","meta":[],"acf":[],"_links":{"self":[{"href":"https:\/\/www.lsg-group.eu\/web-at\/wp-json\/wp\/v2\/pages\/1696"}],"collection":[{"href":"https:\/\/www.lsg-group.eu\/web-at\/wp-json\/wp\/v2\/pages"}],"about":[{"href":"https:\/\/www.lsg-group.eu\/web-at\/wp-json\/wp\/v2\/types\/page"}],"author":[{"embeddable":true,"href":"https:\/\/www.lsg-group.eu\/web-at\/wp-json\/wp\/v2\/users\/1"}],"replies":[{"embeddable":true,"href":"https:\/\/www.lsg-group.eu\/web-at\/wp-json\/wp\/v2\/comments?post=1696"}],"version-history":[{"count":4,"href":"https:\/\/www.lsg-group.eu\/web-at\/wp-json\/wp\/v2\/pages\/1696\/revisions"}],"predecessor-version":[{"id":1734,"href":"https:\/\/www.lsg-group.eu\/web-at\/wp-json\/wp\/v2\/pages\/1696\/revisions\/1734"}],"up":[{"embeddable":true,"href":"https:\/\/www.lsg-group.eu\/web-at\/wp-json\/wp\/v2\/pages\/1669"}],"wp:featuredmedia":[{"embeddable":true,"href":"https:\/\/www.lsg-group.eu\/web-at\/wp-json\/wp\/v2\/media\/736"}],"wp:attachment":[{"href":"https:\/\/www.lsg-group.eu\/web-at\/wp-json\/wp\/v2\/media?parent=1696"}],"curies":[{"name":"wp","href":"https:\/\/api.w.org\/{rel}","templated":true}]}}