{"id":1702,"date":"2022-10-07T22:13:29","date_gmt":"2022-10-07T22:13:29","guid":{"rendered":"https:\/\/devsite.lsg-group.eu\/?page_id=1702"},"modified":"2022-10-07T23:15:31","modified_gmt":"2022-10-07T23:15:31","slug":"sprinkler","status":"publish","type":"page","link":"https:\/\/www.lsg-group.eu\/web-at\/sr\/usluge-2\/sprinkler\/","title":{"rendered":"Protivpo\u017earna za\u0161tita"},"content":{"rendered":"<p>Aktivna za\u0161tita od po\u017eara u zgradama, pre svega kod velikih projekata, vi\u0161e ne predstavlja samo tehni\u010dki nego, sve \u010de\u0161\u0107e, i arhitektonski izazov. Kori\u0161\u0107enje vodenih zavesa umesto protivpo\u017earnih vrata, kao i hidranata uklopljenih u arhitektonsko re\u0161enje, samo su dve od \u010desto razmatranih ta\u010daka.<\/p>\n<p>Posebno, lokalni propisi na razli\u010ditim tr\u017ei\u0161tima mnoge investitore dovode do o\u010daja. Na\u0161e poznavanje najraznovrsnijih regulativa stavljamo svojim klijentima na raspolaganje i poma\u017eemo im da kroz pravovremenu saradnju s nadle\u017enim institucijama prona\u0111u konfiguraciju postrojenja, koja su uskla\u0111ena sa regulativom.<\/p>\n<div class=\"row\">\n<div class=\"sepperator col-lg-4 col-md-6 col-lg-4 col-xl-4 \">\n<div class=\"overflow\" style=\"min-height: 210px; height: 240px;\">\n<a href=\"\/wp-content\/uploads\/sites\/2\/2022\/10\/Sprinkler4.jpg\" data-lightbox=\"roadtrip\"><br \/>\n<img decoding=\"async\" class=\"img-fluid \" src=\"\/wp-content\/uploads\/sites\/2\/2022\/10\/Sprinkler4.jpg\" \/><br \/>\n<\/a><\/div>\n<\/div>\n<div class=\"sepperator col-lg-4 col-md-6 col-lg-4 col-xl-4 \">\n<div class=\"overflow\" style=\"min-height: 210px; height: 240px;\">\n<a href=\"\/wp-content\/uploads\/sites\/2\/2022\/10\/Sprinkler1.jpg\" data-lightbox=\"roadtrip\"><br \/>\n<img decoding=\"async\" class=\"img-fluid \" src=\"\/wp-content\/uploads\/sites\/2\/2022\/10\/Sprinkler1.jpg\" \/><br \/>\n<\/a><\/div>\n<\/div>\n<div class=\"sepperator col-lg-4 col-md-6 col-lg-4 col-xl-4 \">\n<div class=\"overflow\" style=\"min-height: 210px; height: 240px;\">\n<a href=\"\/wp-content\/uploads\/sites\/2\/2022\/10\/Sprinkler_008_WEB.jpg\" data-lightbox=\"roadtrip\"><br \/>\n<img decoding=\"async\" class=\"img-fluid \" src=\"\/wp-content\/uploads\/sites\/2\/2022\/10\/Sprinkler_008_WEB.jpg\" \/><br \/>\n<\/a><\/div>\n<\/div>\n<div class=\"sepperator col-lg-4 col-md-6 col-lg-4 col-xl-4 \">\n<div class=\"overflow\" style=\"min-height: 210px; height: 240px;\">\n<a href=\"\/wp-content\/uploads\/sites\/2\/2022\/10\/Sprinkler_004_WEB.jpg\" data-lightbox=\"roadtrip\"><br \/>\n<img decoding=\"async\" class=\"img-fluid \" src=\"\/wp-content\/uploads\/sites\/2\/2022\/10\/Sprinkler_004_WEB.jpg\" \/><br \/>\n<\/a><\/div>\n<\/div>\n<div class=\"sepperator col-lg-4 col-md-6 col-lg-4 col-xl-4 \">\n<div class=\"overflow\" style=\"min-height: 210px; height: 240px;\">\n<a href=\"\/wp-content\/uploads\/sites\/2\/2022\/10\/Sprinkler_003_WEB.jpg\" data-lightbox=\"roadtrip\"><br \/>\n<img decoding=\"async\" class=\"img-fluid \" src=\"\/wp-content\/uploads\/sites\/2\/2022\/10\/Sprinkler_003_WEB.jpg\" \/><br \/>\n<\/a><\/div>\n<\/div>\n<div class=\"sepperator col-lg-4 col-md-6 col-lg-4 col-xl-4 \">\n<div class=\"overflow\" style=\"min-height: 210px; height: 240px;\">\n<a href=\"\/wp-content\/uploads\/sites\/2\/2022\/10\/Sprinkler_002_WEB.jpg\" data-lightbox=\"roadtrip\"><br \/>\n<img decoding=\"async\" class=\"img-fluid \" src=\"\/wp-content\/uploads\/sites\/2\/2022\/10\/Sprinkler_002_WEB.jpg\" \/><br \/>\n<\/a><\/div>\n<\/div>\n<\/div>\n","protected":false},"excerpt":{"rendered":"<p>Aktivna za\u0161tita od po\u017eara u zgradama, pre svega kod velikih projekata, vi\u0161e ne predstavlja samo tehni\u010dki nego, sve \u010de\u0161\u0107e, i arhitektonski izazov. Kori\u0161\u0107enje vodenih zavesa umesto protivpo\u017earnih vrata, kao i hidranata uklopljenih u arhitektonsko re\u0161enje, samo su dve od \u010desto razmatranih ta\u010daka. Posebno, lokalni propisi na razli\u010ditim tr\u017ei\u0161tima mnoge investitore dovode do o\u010daja. Na\u0161e poznavanje [&hellip;]<\/p>\n","protected":false},"author":1,"featured_media":737,"parent":1669,"menu_order":0,"comment_status":"closed","ping_status":"closed","template":"contentpage_fullwidth.php","meta":[],"acf":[],"_links":{"self":[{"href":"https:\/\/www.lsg-group.eu\/web-at\/wp-json\/wp\/v2\/pages\/1702"}],"collection":[{"href":"https:\/\/www.lsg-group.eu\/web-at\/wp-json\/wp\/v2\/pages"}],"about":[{"href":"https:\/\/www.lsg-group.eu\/web-at\/wp-json\/wp\/v2\/types\/page"}],"author":[{"embeddable":true,"href":"https:\/\/www.lsg-group.eu\/web-at\/wp-json\/wp\/v2\/users\/1"}],"replies":[{"embeddable":true,"href":"https:\/\/www.lsg-group.eu\/web-at\/wp-json\/wp\/v2\/comments?post=1702"}],"version-history":[{"count":3,"href":"https:\/\/www.lsg-group.eu\/web-at\/wp-json\/wp\/v2\/pages\/1702\/revisions"}],"predecessor-version":[{"id":1746,"href":"https:\/\/www.lsg-group.eu\/web-at\/wp-json\/wp\/v2\/pages\/1702\/revisions\/1746"}],"up":[{"embeddable":true,"href":"https:\/\/www.lsg-group.eu\/web-at\/wp-json\/wp\/v2\/pages\/1669"}],"wp:featuredmedia":[{"embeddable":true,"href":"https:\/\/www.lsg-group.eu\/web-at\/wp-json\/wp\/v2\/media\/737"}],"wp:attachment":[{"href":"https:\/\/www.lsg-group.eu\/web-at\/wp-json\/wp\/v2\/media?parent=1702"}],"curies":[{"name":"wp","href":"https:\/\/api.w.org\/{rel}","templated":true}]}}