{"id":1709,"date":"2022-10-07T22:32:23","date_gmt":"2022-10-07T22:32:23","guid":{"rendered":"https:\/\/devsite.lsg-group.eu\/?page_id=1709"},"modified":"2022-10-14T16:52:59","modified_gmt":"2022-10-14T16:52:59","slug":"renewables","status":"publish","type":"page","link":"https:\/\/www.lsg-group.eu\/web-at\/sr\/usluge-2\/renewables\/","title":{"rendered":"Obnovljivi izvori inergije"},"content":{"rendered":"<p>Obzirom na sve ve\u0107u svetsku populaciju i neproporcionalan porast  potro\u0161nje energije sve se vi\u0161e  u svetu tra\u017ee alternativni izvori umjesto primarnih izvora energije kao \u0161to su nafta ili gas. \u0160irom sveta ljudi su ve\u0107 aktivni: smanjuju svoju potro\u0161nju fosilnih goriva, koriste \u010distu energiju  i predani su smanjenju emisije stakleni\u010dkih gasova. Ubla\u017eavanje  klimatskih promena jedno je od najva\u017enijih pitanja na\u0161eg vremena.<\/p>\n<p>Fotonaponski sistemi: od sunca do elektri\u010dne energije bez dodatnih stakleni\u010dkih gasova u proizvodnji energije.<\/p>\n<p>LSG Group kao privatna,  nezavisna kompanija je postavila za cilj dati zna\u010dajan doprinos za\u0161titi klimatskih promena na podru\u010dju obnovljivih izvora energije. Iz tog razloga, LSG Group se u poslednjih nekoliko godina sve vi\u0161e anga\u017eovala na izgradnji fotonaponskih elektrana.<\/p>\n<p>LSG Group projektuje i gradi fotonaponske elektrane s ciljem da pro\u0161iri svest  kori\u0161\u0107enja obnovljivih izvora energije i podsticanje razvojnih politika kako u industrijalizovanim tako i u zemljama u razvoju. Iskustvo na me\u0111unarodnim elektranama i projektnim poslovima, na\u0161i tehni\u010dki stru\u010dnjaci, odgovoran projektni management sa kompletnom dokumentacijom, kao i veliki broj usluga \u201esve  iz jedne ruke\u201c klju\u010d su na\u0161eg uspeha u izvo\u0111enju elektrana u  unapred odre\u0111enom <\/p>\n<div class=\"row\">\n<div class=\"sepperator col-lg-4 col-md-6 col-lg-4 col-xl-4 \">\n<div class=\"overflow\" style=\"min-height: 210px; height: 240px;\">\n<a href=\"\/wp-content\/uploads\/sites\/2\/2022\/10\/drohne_pv.jpg\" data-lightbox=\"roadtrip\"><br \/>\n<img decoding=\"async\" class=\"img-fluid \" src=\"\/wp-content\/uploads\/sites\/2\/2022\/10\/drohne_pv.jpg\" \/><br \/>\n<\/a><\/div>\n<\/div>\n<div class=\"sepperator col-lg-4 col-md-6 col-lg-4 col-xl-4 \">\n<div class=\"overflow\" style=\"min-height: 210px; height: 240px;\">\n<a href=\"\/wp-content\/uploads\/sites\/2\/2022\/10\/windpark_ue_2.jpg\" data-lightbox=\"roadtrip\"><br \/>\n<img decoding=\"async\" class=\"img-fluid \" src=\"\/wp-content\/uploads\/sites\/2\/2022\/10\/windpark_ue_2.jpg\" \/><br \/>\n<\/a><\/div>\n<\/div>\n<div class=\"sepperator col-lg-4 col-md-6 col-lg-4 col-xl-4 \">\n<div class=\"overflow\" style=\"min-height: 210px; height: 240px;\">\n<a href=\"\/wp-content\/uploads\/sites\/2\/2022\/10\/bulgarien_pv.jpg\" data-lightbox=\"roadtrip\"><br \/>\n<img decoding=\"async\" class=\"img-fluid \" src=\"\/wp-content\/uploads\/sites\/2\/2022\/10\/bulgarien_pv.jpg\" \/><br \/>\n<\/a><\/div>\n<\/div>\n<div class=\"sepperator col-lg-4 col-md-6 col-lg-4 col-xl-4 \">\n<div class=\"overflow\" style=\"min-height: 210px; height: 240px;\">\n<a href=\"\/wp-content\/uploads\/sites\/2\/2022\/10\/pv_feld_aufnahme.jpg\" data-lightbox=\"roadtrip\"><br \/>\n<img decoding=\"async\" class=\"img-fluid \" src=\"\/wp-content\/uploads\/sites\/2\/2022\/10\/pv_feld_aufnahme.jpg\" \/><br \/>\n<\/a><\/div>\n<\/div>\n<div class=\"sepperator col-lg-4 col-md-6 col-lg-4 col-xl-4 \">\n<div class=\"overflow\" style=\"min-height: 210px; height: 240px;\">\n<a href=\"\/wp-content\/uploads\/sites\/2\/2022\/10\/renewables_ue_2.jpg\" data-lightbox=\"roadtrip\"><br \/>\n<img decoding=\"async\" class=\"img-fluid \" src=\"\/wp-content\/uploads\/sites\/2\/2022\/10\/renewables_ue_2.jpg\" \/><br \/>\n<\/a><\/div>\n<\/div>\n<div class=\"sepperator col-lg-4 col-md-6 col-lg-4 col-xl-4 \">\n<div class=\"overflow\" style=\"min-height: 210px; height: 240px;\">\n<a href=\"\/wp-content\/uploads\/sites\/2\/2022\/10\/renewables_ue_1.jpg\" data-lightbox=\"roadtrip\"><br \/>\n<img decoding=\"async\" class=\"img-fluid \" src=\"\/wp-content\/uploads\/sites\/2\/2022\/10\/renewables_ue_1.jpg\" \/><br \/>\n<\/a><\/div>\n<\/div>\n<\/div>\n","protected":false},"excerpt":{"rendered":"<p>Obzirom na sve ve\u0107u svetsku populaciju i neproporcionalan porast potro\u0161nje energije sve se vi\u0161e u svetu tra\u017ee alternativni izvori umjesto primarnih izvora energije kao \u0161to su nafta ili gas. \u0160irom sveta ljudi su ve\u0107 aktivni: smanjuju svoju potro\u0161nju fosilnih goriva, koriste \u010distu energiju i predani su smanjenju emisije stakleni\u010dkih gasova. Ubla\u017eavanje klimatskih promena jedno je [&hellip;]<\/p>\n","protected":false},"author":1,"featured_media":744,"parent":1669,"menu_order":0,"comment_status":"closed","ping_status":"closed","template":"contentpage_fullwidth.php","meta":[],"acf":[],"_links":{"self":[{"href":"https:\/\/www.lsg-group.eu\/web-at\/wp-json\/wp\/v2\/pages\/1709"}],"collection":[{"href":"https:\/\/www.lsg-group.eu\/web-at\/wp-json\/wp\/v2\/pages"}],"about":[{"href":"https:\/\/www.lsg-group.eu\/web-at\/wp-json\/wp\/v2\/types\/page"}],"author":[{"embeddable":true,"href":"https:\/\/www.lsg-group.eu\/web-at\/wp-json\/wp\/v2\/users\/1"}],"replies":[{"embeddable":true,"href":"https:\/\/www.lsg-group.eu\/web-at\/wp-json\/wp\/v2\/comments?post=1709"}],"version-history":[{"count":3,"href":"https:\/\/www.lsg-group.eu\/web-at\/wp-json\/wp\/v2\/pages\/1709\/revisions"}],"predecessor-version":[{"id":2258,"href":"https:\/\/www.lsg-group.eu\/web-at\/wp-json\/wp\/v2\/pages\/1709\/revisions\/2258"}],"up":[{"embeddable":true,"href":"https:\/\/www.lsg-group.eu\/web-at\/wp-json\/wp\/v2\/pages\/1669"}],"wp:featuredmedia":[{"embeddable":true,"href":"https:\/\/www.lsg-group.eu\/web-at\/wp-json\/wp\/v2\/media\/744"}],"wp:attachment":[{"href":"https:\/\/www.lsg-group.eu\/web-at\/wp-json\/wp\/v2\/media?parent=1709"}],"curies":[{"name":"wp","href":"https:\/\/api.w.org\/{rel}","templated":true}]}}