{"id":1723,"date":"2022-10-07T23:02:32","date_gmt":"2022-10-07T23:02:32","guid":{"rendered":"https:\/\/devsite.lsg-group.eu\/?page_id=1723"},"modified":"2022-10-07T23:02:32","modified_gmt":"2022-10-07T23:02:32","slug":"automatizacija","status":"publish","type":"page","link":"https:\/\/www.lsg-group.eu\/web-at\/hr\/usluge\/automatizacija\/","title":{"rendered":"Automatizacija"},"content":{"rendered":"<p>Kombiniramo  sve dostupne tehnologije za komunikaciju i automatizaciju s na\u0161im iskustvom u upravljanju i automatizaciji u zgradarstvu.<\/p>\n<p>Na\u0161i visoko obrazovani tehni\u010dari s dugogodi\u0161njim iskustvom rje\u0161avaju \u010dak i najte\u017ee, najslo\u017eenije i najzahtjevnije izazove.<\/p>\n<p>Kori\u0161tenje otvorene komunikacijske tehnike i BUS-tehnologije u kombinaciji s mogu\u0107no\u0161\u0107u  izbora opreme razli\u010ditih proizvo\u0111a\u010da \u010dine nas vrlo flexibilnim i nezavisnim partnerom koji mo\u017ee odgovoriti na sve zahtjeve klijenata.<\/p>\n","protected":false},"excerpt":{"rendered":"<p>Kombiniramo sve dostupne tehnologije za komunikaciju i automatizaciju s na\u0161im iskustvom u upravljanju i automatizaciji u zgradarstvu. Na\u0161i visoko obrazovani tehni\u010dari s dugogodi\u0161njim iskustvom rje\u0161avaju \u010dak i najte\u017ee, najslo\u017eenije i najzahtjevnije izazove. Kori\u0161tenje otvorene komunikacijske tehnike i BUS-tehnologije u kombinaciji s mogu\u0107no\u0161\u0107u izbora opreme razli\u010ditih proizvo\u0111a\u010da \u010dine nas vrlo flexibilnim i nezavisnim partnerom koji mo\u017ee [&hellip;]<\/p>\n","protected":false},"author":1,"featured_media":1565,"parent":1270,"menu_order":0,"comment_status":"closed","ping_status":"closed","template":"contentpage_fullwidth.php","meta":[],"acf":[],"_links":{"self":[{"href":"https:\/\/www.lsg-group.eu\/web-at\/wp-json\/wp\/v2\/pages\/1723"}],"collection":[{"href":"https:\/\/www.lsg-group.eu\/web-at\/wp-json\/wp\/v2\/pages"}],"about":[{"href":"https:\/\/www.lsg-group.eu\/web-at\/wp-json\/wp\/v2\/types\/page"}],"author":[{"embeddable":true,"href":"https:\/\/www.lsg-group.eu\/web-at\/wp-json\/wp\/v2\/users\/1"}],"replies":[{"embeddable":true,"href":"https:\/\/www.lsg-group.eu\/web-at\/wp-json\/wp\/v2\/comments?post=1723"}],"version-history":[{"count":1,"href":"https:\/\/www.lsg-group.eu\/web-at\/wp-json\/wp\/v2\/pages\/1723\/revisions"}],"predecessor-version":[{"id":1724,"href":"https:\/\/www.lsg-group.eu\/web-at\/wp-json\/wp\/v2\/pages\/1723\/revisions\/1724"}],"up":[{"embeddable":true,"href":"https:\/\/www.lsg-group.eu\/web-at\/wp-json\/wp\/v2\/pages\/1270"}],"wp:featuredmedia":[{"embeddable":true,"href":"https:\/\/www.lsg-group.eu\/web-at\/wp-json\/wp\/v2\/media\/1565"}],"wp:attachment":[{"href":"https:\/\/www.lsg-group.eu\/web-at\/wp-json\/wp\/v2\/media?parent=1723"}],"curies":[{"name":"wp","href":"https:\/\/api.w.org\/{rel}","templated":true}]}}