{"id":1845,"date":"2022-10-09T15:21:45","date_gmt":"2022-10-09T15:21:45","guid":{"rendered":"https:\/\/devsite.lsg-group.eu\/?page_id=1845"},"modified":"2023-04-04T09:48:16","modified_gmt":"2023-04-04T09:48:16","slug":"despre-noi","status":"publish","type":"page","link":"https:\/\/www.lsg-group.eu\/web-at\/ro\/despre-noi\/","title":{"rendered":"Despre noi"},"content":{"rendered":"<p>LSG GROUP \u00eempreun\u0103 cu organiza\u0163iile sale premerg\u0103toare activeaz\u0103 \u00een Austria din 1997. Ast\u0103zi LSG GROUP este reprezentat\u0103 pe pia\u0163a Austriei de urm\u0103toarele societ\u0103\u0163i:<\/p>\n<p><strong>LSG Building Solutions GmbH Wien<\/strong><br \/>\n<strong>TGA Technische Geb\u00e4udeausr\u00fcstungs GmbH<\/strong><\/p>\n<p>Av\u00e2nd un domeniu vast de activitate, LSG GROUP este un partener competent \u0219i de \u00eencredere \u00een domeniul ingineriei electrice, al instala\u021biilor mecanice, al sistemelor fotovoltaice \u0219i al energiilor regenerabile pentru clien\u021bii industriali \u0219i comerciali.<\/p>\n","protected":false},"excerpt":{"rendered":"<p>LSG GROUP \u00eempreun\u0103 cu organiza\u0163iile sale premerg\u0103toare activeaz\u0103 \u00een Austria din 1997. Ast\u0103zi LSG GROUP este reprezentat\u0103 pe pia\u0163a Austriei de urm\u0103toarele societ\u0103\u0163i: LSG Building Solutions GmbH Wien TGA Technische Geb\u00e4udeausr\u00fcstungs GmbH Av\u00e2nd un domeniu vast de activitate, LSG GROUP este un partener competent \u0219i de \u00eencredere \u00een domeniul ingineriei electrice, al instala\u021biilor mecanice, al [&hellip;]<\/p>\n","protected":false},"author":1,"featured_media":588,"parent":0,"menu_order":0,"comment_status":"closed","ping_status":"closed","template":"contentpage_2spalten.php","meta":[],"acf":[],"_links":{"self":[{"href":"https:\/\/www.lsg-group.eu\/web-at\/wp-json\/wp\/v2\/pages\/1845"}],"collection":[{"href":"https:\/\/www.lsg-group.eu\/web-at\/wp-json\/wp\/v2\/pages"}],"about":[{"href":"https:\/\/www.lsg-group.eu\/web-at\/wp-json\/wp\/v2\/types\/page"}],"author":[{"embeddable":true,"href":"https:\/\/www.lsg-group.eu\/web-at\/wp-json\/wp\/v2\/users\/1"}],"replies":[{"embeddable":true,"href":"https:\/\/www.lsg-group.eu\/web-at\/wp-json\/wp\/v2\/comments?post=1845"}],"version-history":[{"count":12,"href":"https:\/\/www.lsg-group.eu\/web-at\/wp-json\/wp\/v2\/pages\/1845\/revisions"}],"predecessor-version":[{"id":2994,"href":"https:\/\/www.lsg-group.eu\/web-at\/wp-json\/wp\/v2\/pages\/1845\/revisions\/2994"}],"wp:featuredmedia":[{"embeddable":true,"href":"https:\/\/www.lsg-group.eu\/web-at\/wp-json\/wp\/v2\/media\/588"}],"wp:attachment":[{"href":"https:\/\/www.lsg-group.eu\/web-at\/wp-json\/wp\/v2\/media?parent=1845"}],"curies":[{"name":"wp","href":"https:\/\/api.w.org\/{rel}","templated":true}]}}