{"id":1963,"date":"2022-10-10T20:57:36","date_gmt":"2022-10-10T20:57:36","guid":{"rendered":"https:\/\/devsite.lsg-group.eu\/?page_id=1963"},"modified":"2022-10-10T20:57:36","modified_gmt":"2022-10-10T20:57:36","slug":"aria-geografica","status":"publish","type":"page","link":"https:\/\/www.lsg-group.eu\/web-at\/ro\/despre-noi\/aria-geografica\/","title":{"rendered":"Aria Geografic\u0103"},"content":{"rendered":"<p>LSG GROUP este activ\u0103 pe Pie\u0163ele Europei Centrale \u015fi de Est \u00eenc\u0103 din anul 2000.<\/p>\n<p>Pe orice pia\u0163\u0103 cheie exist\u0103 echipe locale de speciali\u015fti care acoper\u0103 toate profilele ingineriei mecanice \u015fi electrotehnice pentru a oferi clien\u0163ilor no\u015ftri cele mai bune contacte \u015fi cuno\u015ftin\u0163e de la nivel local cu privire la normele \u015fi cerin\u0163ele aplicabile.<\/p>\n<p>\u00cen conformitate cu principiul \u201curmeaz\u0103-\u0163i clien\u0163ii\u201d, \u00eei \u00eenso\u0163im pe clien\u0163ii no\u015ftri \u00een extinderea lor \u00een alte \u0163\u0103ri unde nu de\u0163inem \u00eenc\u0103 birouri permanente, precum Germania, Marea Britanie, Bosnia \u015fi Her\u0163egovina.<\/p>\n","protected":false},"excerpt":{"rendered":"<p>LSG GROUP este activ\u0103 pe Pie\u0163ele Europei Centrale \u015fi de Est \u00eenc\u0103 din anul 2000. Pe orice pia\u0163\u0103 cheie exist\u0103 echipe locale de speciali\u015fti care acoper\u0103 toate profilele ingineriei mecanice \u015fi electrotehnice pentru a oferi clien\u0163ilor no\u015ftri cele mai bune contacte \u015fi cuno\u015ftin\u0163e de la nivel local cu privire la normele \u015fi cerin\u0163ele aplicabile. \u00cen [&hellip;]<\/p>\n","protected":false},"author":1,"featured_media":635,"parent":1845,"menu_order":0,"comment_status":"closed","ping_status":"closed","template":"contentpage_fullwidth.php","meta":[],"acf":[],"_links":{"self":[{"href":"https:\/\/www.lsg-group.eu\/web-at\/wp-json\/wp\/v2\/pages\/1963"}],"collection":[{"href":"https:\/\/www.lsg-group.eu\/web-at\/wp-json\/wp\/v2\/pages"}],"about":[{"href":"https:\/\/www.lsg-group.eu\/web-at\/wp-json\/wp\/v2\/types\/page"}],"author":[{"embeddable":true,"href":"https:\/\/www.lsg-group.eu\/web-at\/wp-json\/wp\/v2\/users\/1"}],"replies":[{"embeddable":true,"href":"https:\/\/www.lsg-group.eu\/web-at\/wp-json\/wp\/v2\/comments?post=1963"}],"version-history":[{"count":2,"href":"https:\/\/www.lsg-group.eu\/web-at\/wp-json\/wp\/v2\/pages\/1963\/revisions"}],"predecessor-version":[{"id":1965,"href":"https:\/\/www.lsg-group.eu\/web-at\/wp-json\/wp\/v2\/pages\/1963\/revisions\/1965"}],"up":[{"embeddable":true,"href":"https:\/\/www.lsg-group.eu\/web-at\/wp-json\/wp\/v2\/pages\/1845"}],"wp:featuredmedia":[{"embeddable":true,"href":"https:\/\/www.lsg-group.eu\/web-at\/wp-json\/wp\/v2\/media\/635"}],"wp:attachment":[{"href":"https:\/\/www.lsg-group.eu\/web-at\/wp-json\/wp\/v2\/media?parent=1963"}],"curies":[{"name":"wp","href":"https:\/\/api.w.org\/{rel}","templated":true}]}}