{"id":1990,"date":"2022-10-10T21:38:01","date_gmt":"2022-10-10T21:38:01","guid":{"rendered":"https:\/\/devsite.lsg-group.eu\/?page_id=1990"},"modified":"2022-10-14T16:51:51","modified_gmt":"2022-10-14T16:51:51","slug":"energie-regenerabila","status":"publish","type":"page","link":"https:\/\/www.lsg-group.eu\/web-at\/ro\/servicii\/energie-regenerabila\/","title":{"rendered":"Energie regenerabila"},"content":{"rendered":"<p>Pe fondul unei popula\u0163ii globale aflat\u0103 \u00een cre\u015ftere \u015fi a unei necesit\u0103\u0163i de energie ce cre\u015fte \u00een mod dispropor\u0163ional, se caut\u0103 la nivel mondial alternative pentru sursele primare de energie precum sunt petrolul \u015fi gazul. Pe plan mondial exist\u0103 deja oameni care devin activi: ei \u00ee\u015fi reduc consumul de combustibili fosili, achizi\u0163ioneaz\u0103 energie curat\u0103 \u015fi activeaz\u0103 pentru reducerea emisiilor mari de gaze de ser\u0103.Oprirea schimb\u0103rii climatice este unul dintre cele mai importante subiecte ale zilelor noastre.<\/p>\n<p>Fotovoltaic\u0103: De la soare la curent f\u0103r\u0103 gaze de ser\u0103 suplimentare \u00een timpul producerii energiei.<\/p>\n<p>\u00cen calitate de \u00eentreprindere privat\u0103, independent\u0103, LSG Group \u015fi-a propus drept obiectiv s\u0103 contribuie \u00een mod semnificativ la protec\u0163ia schimb\u0103rii climatice \u00een domeniul energiilor regenerabile. Din acest motiv, LSG Group s-a implicat deja \u00een ultimii ani din ce \u00een ce mai mult \u00een construirea centralelor fotovoltaice.<\/p>\n<p>LSG Group proiecteaz\u0103 \u015fi execut\u0103 centrale fotovoltaice cu scopul de a sprijini \u00een mod energic o extindere puternic\u0103 a utiliz\u0103rii energiilor regenerabile \u015fi promovarea politicii de dezvoltare at\u00e2t \u00een \u0163\u0103rile industrializate, c\u00e2t \u015fi \u00een cele \u00een curs de dezvoltare. Experien\u0163a interna\u0163ional\u0103 \u00een domeniul centralelor \u015fi al proiect\u0103rii, expertiza noastr\u0103 tehnic\u0103, managementul de proiect responsabil cu o documenta\u0163ie complet\u0103, precum \u015fi un num\u0103r mare de servicii de la un singur furnizor reprezint\u0103 cheia c\u0103tre succesul nostru la executarea centralelor, respect\u00e2nd programul \u015fi planul de investi\u0163ii impuse.<\/p>\n<div class=\"row\">\n<div class=\"sepperator col-lg-4 col-md-6 col-lg-4 col-xl-4 \">\n<div class=\"overflow\" style=\"min-height: 210px; height: 240px;\">\n<a href=\"\/wp-content\/uploads\/sites\/2\/2022\/10\/drohne_pv.jpg\" data-lightbox=\"roadtrip\"><br \/>\n<img decoding=\"async\" class=\"img-fluid \" src=\"\/wp-content\/uploads\/sites\/2\/2022\/10\/drohne_pv.jpg\" \/><br \/>\n<\/a><\/div>\n<\/div>\n<div class=\"sepperator col-lg-4 col-md-6 col-lg-4 col-xl-4 \">\n<div class=\"overflow\" style=\"min-height: 210px; height: 240px;\">\n<a href=\"\/wp-content\/uploads\/sites\/2\/2022\/10\/windpark_ue_2.jpg\" data-lightbox=\"roadtrip\"><br \/>\n<img decoding=\"async\" class=\"img-fluid \" src=\"\/wp-content\/uploads\/sites\/2\/2022\/10\/windpark_ue_2.jpg\" \/><br \/>\n<\/a><\/div>\n<\/div>\n<div class=\"sepperator col-lg-4 col-md-6 col-lg-4 col-xl-4 \">\n<div class=\"overflow\" style=\"min-height: 210px; height: 240px;\">\n<a href=\"\/wp-content\/uploads\/sites\/2\/2022\/10\/bulgarien_pv.jpg\" data-lightbox=\"roadtrip\"><br \/>\n<img decoding=\"async\" class=\"img-fluid \" src=\"\/wp-content\/uploads\/sites\/2\/2022\/10\/bulgarien_pv.jpg\" \/><br \/>\n<\/a><\/div>\n<\/div>\n<div class=\"sepperator col-lg-4 col-md-6 col-lg-4 col-xl-4 \">\n<div class=\"overflow\" style=\"min-height: 210px; height: 240px;\">\n<a href=\"\/wp-content\/uploads\/sites\/2\/2022\/10\/pv_feld_aufnahme.jpg\" data-lightbox=\"roadtrip\"><br \/>\n<img decoding=\"async\" class=\"img-fluid \" src=\"\/wp-content\/uploads\/sites\/2\/2022\/10\/pv_feld_aufnahme.jpg\" \/><br \/>\n<\/a><\/div>\n<\/div>\n<div class=\"sepperator col-lg-4 col-md-6 col-lg-4 col-xl-4 \">\n<div class=\"overflow\" style=\"min-height: 210px; height: 240px;\">\n<a href=\"\/wp-content\/uploads\/sites\/2\/2022\/10\/renewables_ue_2.jpg\" data-lightbox=\"roadtrip\"><br \/>\n<img decoding=\"async\" class=\"img-fluid \" src=\"\/wp-content\/uploads\/sites\/2\/2022\/10\/renewables_ue_2.jpg\" \/><br \/>\n<\/a><\/div>\n<\/div>\n<div class=\"sepperator col-lg-4 col-md-6 col-lg-4 col-xl-4 \">\n<div class=\"overflow\" style=\"min-height: 210px; height: 240px;\">\n<a href=\"\/wp-content\/uploads\/sites\/2\/2022\/10\/renewables_ue_1.jpg\" data-lightbox=\"roadtrip\"><br \/>\n<img decoding=\"async\" class=\"img-fluid \" src=\"\/wp-content\/uploads\/sites\/2\/2022\/10\/renewables_ue_1.jpg\" \/><br \/>\n<\/a><\/div>\n<\/div>\n<\/div>\n","protected":false},"excerpt":{"rendered":"<p>Pe fondul unei popula\u0163ii globale aflat\u0103 \u00een cre\u015ftere \u015fi a unei necesit\u0103\u0163i de energie ce cre\u015fte \u00een mod dispropor\u0163ional, se caut\u0103 la nivel mondial alternative pentru sursele primare de energie precum sunt petrolul \u015fi gazul. Pe plan mondial exist\u0103 deja oameni care devin activi: ei \u00ee\u015fi reduc consumul de combustibili fosili, achizi\u0163ioneaz\u0103 energie curat\u0103 \u015fi [&hellip;]<\/p>\n","protected":false},"author":1,"featured_media":744,"parent":1853,"menu_order":0,"comment_status":"closed","ping_status":"closed","template":"contentpage_fullwidth.php","meta":[],"acf":[],"_links":{"self":[{"href":"https:\/\/www.lsg-group.eu\/web-at\/wp-json\/wp\/v2\/pages\/1990"}],"collection":[{"href":"https:\/\/www.lsg-group.eu\/web-at\/wp-json\/wp\/v2\/pages"}],"about":[{"href":"https:\/\/www.lsg-group.eu\/web-at\/wp-json\/wp\/v2\/types\/page"}],"author":[{"embeddable":true,"href":"https:\/\/www.lsg-group.eu\/web-at\/wp-json\/wp\/v2\/users\/1"}],"replies":[{"embeddable":true,"href":"https:\/\/www.lsg-group.eu\/web-at\/wp-json\/wp\/v2\/comments?post=1990"}],"version-history":[{"count":3,"href":"https:\/\/www.lsg-group.eu\/web-at\/wp-json\/wp\/v2\/pages\/1990\/revisions"}],"predecessor-version":[{"id":2257,"href":"https:\/\/www.lsg-group.eu\/web-at\/wp-json\/wp\/v2\/pages\/1990\/revisions\/2257"}],"up":[{"embeddable":true,"href":"https:\/\/www.lsg-group.eu\/web-at\/wp-json\/wp\/v2\/pages\/1853"}],"wp:featuredmedia":[{"embeddable":true,"href":"https:\/\/www.lsg-group.eu\/web-at\/wp-json\/wp\/v2\/media\/744"}],"wp:attachment":[{"href":"https:\/\/www.lsg-group.eu\/web-at\/wp-json\/wp\/v2\/media?parent=1990"}],"curies":[{"name":"wp","href":"https:\/\/api.w.org\/{rel}","templated":true}]}}