{"id":2363,"date":"2022-11-01T17:45:55","date_gmt":"2022-11-01T17:45:55","guid":{"rendered":"https:\/\/devsite.lsg-group.eu\/web-ro\/?page_id=2363"},"modified":"2023-03-20T16:10:14","modified_gmt":"2023-03-20T16:10:14","slug":"zertifikate-zulassungen-mitgliedschaften","status":"publish","type":"page","link":"https:\/\/www.lsg-group.eu\/web-at\/uber-uns\/zertifikate-zulassungen-mitgliedschaften\/","title":{"rendered":"Zertifikate &#8211; Zulassungen &#8211; Mitgliedschaften"},"content":{"rendered":"<p><strong>Gewerbe Elektrotechnik<\/strong><\/p>\n<p><strong>Gewerbe Elektrotechnik f\u00fcr die Errichtung von Alarmanlagen<\/strong><\/p>\n<p><strong>Gewerbe Heizungstechnik<\/strong><\/p>\n<p><strong>Gewerbe K\u00e4lte- und Klimatechnik<\/strong><\/p>\n<p><strong>Gewerbe Gas- und Sanit\u00e4rtechnik<\/strong><\/p>\n<p>&nbsp;<\/p>\n<p><em><strong>Qualit\u00e4tsmanagement-Zertifizierung nach ISO 9001:2008 seit 2004 bis 2016<\/strong><br \/>\n<strong> Qualit\u00e4tsmanagement-Zertifizierung nach ISO 9001:2015 ab 2016<\/strong><\/em><\/p>\n<p>f\u00fcr den Geltungsbereich Beratung, Planung, Verkauf und Errichtung von Projekten<\/p>\n<p>f\u00fcr die Bereiche Elektro- und Nachrichten-, und Sicherheitstechnik, Haustechnik (HKLS), Geb\u00e4udeleittechnik und Photovoltaik<\/p>\n<p>&nbsp;<\/p>\n<p><em><strong>Umweltmanagement-Zertifizierung nach ISO 14001:2015 seit 2016<\/strong><\/em><\/p>\n<p>f\u00fcr den Geltungsbereich Beratung, Planung, Verkauf und Errichtung von Projekten<\/p>\n<p>f\u00fcr die Bereiche Elektro- und Nachrichten-, und Sicherheitstechnik, Haustechnik (HKLS), Geb\u00e4udeleittechnik und Photovoltaik<\/p>\n<p>&nbsp;<\/p>\n<p><strong><em>Arbeitsschutzmanagement-Zertifizierung nach OHSAS 18001:2007 seit 2016 bis 2019<\/em><\/strong><\/p>\n<p><strong><em>Arbeits- und Gesundheitsschutzmanagement-Zertifizierung nach ISO 45001 seit 2019<\/em><\/strong><\/p>\n<p>f\u00fcr den Geltungsbereich Beratung, Planung, Verkauf und Errichtung von Projekten<\/p>\n<p>f\u00fcr die Bereiche Elektro- und Nachrichten-, und Sicherheitstechnik, Haustechnik (HKLS), Geb\u00e4udeleittechnik und Photovoltaik<\/p>\n<p>&nbsp;<\/p>\n<p><em><strong>Zertifizierung als Fachfirma f\u00fcr Brandmeldeanlagen gem. \u00d6NORM F3700<br \/>\n<\/strong><\/em><\/p>\n<p>f\u00fcr die Planung, Projektierung, Montage, Inbetriebnahme und Instandhaltung<\/p>\n<p>von Esser-Brandmeldesystemen 800xx, IQ8-Control und FlexEs Control (seit 2012)<\/p>\n<p>&nbsp;<\/p>\n<p><strong><em>FlexES-Partner &#8211; Honeywell Life Safety Esser Brandmeldeanlagen<\/em><\/strong><\/p>\n<p>Mitglied des besonders ausgew\u00e4hlten und qualifizierten Partnerkreises f\u00fcr das neue innovative und zukunftsweisende Brandmeldesystem von Esser.<\/p>\n<p>&nbsp;<\/p>\n<p><em>Z<strong>ertifizierung als Fachfirma f\u00fcr Elektroakustische Notfallsysteme (ENS) gem. \u00d6NORM F 3074 seit 2012<\/strong><\/em><\/p>\n<p>f\u00fcr die Planung, Projektierung, Montage, Inbetriebnahme und Instandhaltung von Esser-ENS Variodyn D1<\/p>\n<p>&nbsp;<\/p>\n<p><strong><em>R&amp;M freenet autorisierter Installation Manager seit 2001<\/em><\/strong><\/p>\n<p>f\u00fcr die Errichtung von und Einreichung zur R&amp;M Systemgarantie<\/p>\n<p>&nbsp;<\/p>\n<p style=\"margin: 0cm 0cm 8pt;\"><strong><em>F\u00fchrungszertifikat vom Auftragnehmerkataster \u00d6sterreich\u00a0<\/em><\/strong><\/p>\n<p style=\"margin: 0cm 0cm 8pt;\"><span style=\"text-decoration: underline;\"><span style=\"color: #0563c1; line-height: 105%; font-family: 'Segoe UI','sans-serif'; font-size: 10pt;\"><a href=\"https:\/\/lgu.ankoe.at\/fz\/wbpkmst\"><span style=\"color: #0563c1;\">https:\/\/lgu.ankoe.at\/fz\/wbpkmst<\/span><\/a><\/span><\/span><\/p>\n<p><strong>Mitglied des Bundesverbandes Photovoltaic Austria seit 2020<\/strong><\/p>\n<p>&nbsp;<\/p>\n","protected":false},"excerpt":{"rendered":"<p>Gewerbe Elektrotechnik Gewerbe Elektrotechnik f\u00fcr die Errichtung von Alarmanlagen Gewerbe Heizungstechnik Gewerbe K\u00e4lte- und Klimatechnik Gewerbe Gas- und Sanit\u00e4rtechnik &nbsp; Qualit\u00e4tsmanagement-Zertifizierung nach ISO 9001:2008 seit 2004 bis 2016 Qualit\u00e4tsmanagement-Zertifizierung nach ISO 9001:2015 ab 2016 f\u00fcr den Geltungsbereich Beratung, Planung, Verkauf und Errichtung von Projekten f\u00fcr die Bereiche Elektro- und Nachrichten-, und Sicherheitstechnik, Haustechnik (HKLS), Geb\u00e4udeleittechnik [&hellip;]<\/p>\n","protected":false},"author":1,"featured_media":0,"parent":1057,"menu_order":0,"comment_status":"closed","ping_status":"closed","template":"contentpage_fullwidth_nohero.php","meta":[],"acf":[],"_links":{"self":[{"href":"https:\/\/www.lsg-group.eu\/web-at\/wp-json\/wp\/v2\/pages\/2363"}],"collection":[{"href":"https:\/\/www.lsg-group.eu\/web-at\/wp-json\/wp\/v2\/pages"}],"about":[{"href":"https:\/\/www.lsg-group.eu\/web-at\/wp-json\/wp\/v2\/types\/page"}],"author":[{"embeddable":true,"href":"https:\/\/www.lsg-group.eu\/web-at\/wp-json\/wp\/v2\/users\/1"}],"replies":[{"embeddable":true,"href":"https:\/\/www.lsg-group.eu\/web-at\/wp-json\/wp\/v2\/comments?post=2363"}],"version-history":[{"count":13,"href":"https:\/\/www.lsg-group.eu\/web-at\/wp-json\/wp\/v2\/pages\/2363\/revisions"}],"predecessor-version":[{"id":2909,"href":"https:\/\/www.lsg-group.eu\/web-at\/wp-json\/wp\/v2\/pages\/2363\/revisions\/2909"}],"up":[{"embeddable":true,"href":"https:\/\/www.lsg-group.eu\/web-at\/wp-json\/wp\/v2\/pages\/1057"}],"wp:attachment":[{"href":"https:\/\/www.lsg-group.eu\/web-at\/wp-json\/wp\/v2\/media?parent=2363"}],"curies":[{"name":"wp","href":"https:\/\/api.w.org\/{rel}","templated":true}]}}