{"id":2365,"date":"2022-11-01T17:46:43","date_gmt":"2022-11-01T17:46:43","guid":{"rendered":"https:\/\/devsite.lsg-group.eu\/web-ro\/?page_id=2365"},"modified":"2023-03-20T16:14:38","modified_gmt":"2023-03-20T16:14:38","slug":"certifikati-dozvole-clanstva","status":"publish","type":"page","link":"https:\/\/www.lsg-group.eu\/web-at\/hr\/o-nama\/certifikati-dozvole-clanstva\/","title":{"rendered":"Certifikati \u2013 Dozvole &#8211; \u010clanstva"},"content":{"rendered":"<p><strong>Elektrotehnika<\/strong><\/p>\n<p><strong><span lang=\"hr\">Izgradnja alarmnih sustava<\/span><\/strong><\/p>\n<p><strong>Grijanje<\/strong><\/p>\n<p><strong>Hla\u0111enje i klimatizacija<\/strong><\/p>\n<p><strong>Plin i vodovod<\/strong><\/p>\n<p>&nbsp;<\/p>\n<p><strong><em>Certificiranje upravljanja kvalitetom prema normi ISO 9001: 2008 od 2004 do 2016<\/em><\/strong><br \/>\n<strong> <em> Certificiranje upravljanja kvalitetom prema normi ISO 9001: 2015 od 2016<\/em><\/strong><br \/>\nvrijedi za podru\u010dje konzaltinga, projektiranja, prodaje i izvo\u0111enja projekata u podru\u010dju elektro \u2013 telekomunikacijske \u2013sigurnosne i strojarske \u00a0tehnike (HVACR), centralnog nadzornog sustava -BMS u zgradama i fotonapona<\/p>\n<p><em><strong>Certificiranje upravljanja okoli\u0161em prema normi ISO 14001: 2015 od 2016<\/strong><\/em><br \/>\nvrijedi za podru\u010dje konzaltinga, projektiranja, prodaje i izvo\u0111enja projekata<br \/>\nu podru\u010dju elektro \u2013 telekomunikacijske \u2013sigurnosne i strojarske \u00a0tehnike (HVACR), centralnog nadzornog sustava -BMS u zgradama i fotonapona<\/p>\n<p><em><strong>Certificiranje za upravljanje za\u0161titom i sigurnosti na radu prema OHSAS 18001: 2007 od 2016 do 2019<\/strong><br \/>\n<strong>Certifikat za sustav upravljanja za\u0161titom zdravlja i sigurnosti pri radu od 2019.g (ISO 45001)<\/strong><br \/>\n<\/em> vrijedi za podru\u010dje konzaltinga, projektiranja, prodaje i izvo\u0111enja projekata<br \/>\nu podru\u010dju elektro \u2013 telekomunikacijske \u2013sigurnosne i strojarske \u00a0tehnike (HVACR), centralnog nadzornog sustava -BMS u zgradama i fotonapona<\/p>\n<p><strong><em>Specijalizirana tvrtka za certifikaciju \u00a0za vatrodojavni sustav prema mjerama \u00d6NORM F3700<\/em><\/strong><br \/>\nza planiranje, projektiranje, monta\u017eu, pu\u0161tanje u pogon i odr\u017eavanje<br \/>\nEsser vatrodojavni sustavi 800xx, IQ8 -Control i FlexEs (od 2012)<\/p>\n<p><strong><em>FlexEs partner &#8211; Honeywell Life Safety Esser vatrodojavni sustavi<\/em><\/strong><br \/>\nposebno odabrani \u010dlan u krugu stru\u010dnih partnera za budu\u0107i inovativni vatrodojavni sustav Esser.<\/p>\n<p><strong><em>Specijalizirana tvrtka za certifikaciju \u00a0po\u017earnog ozvu\u010denja (ENS) prema \u00d6NORM F 3074 od 2012<\/em><\/strong><br \/>\nza planiranje, projektiranje, monta\u017eu, pu\u0161tanje u pogon i odr\u017eavanje Esser-ENS Variodyn D1<\/p>\n<p><b><i>R &amp; M freenet ovla\u0161tena instalaterska tvrtka od 2001<\/i><\/b> za opremanje i ispostavljanje R &amp; M jamstva sustava<\/p>\n<p><i><b>C<\/b><span lang=\"hr\"><b>ertifikat upravljanja <span lang=\"hr\">Izvo\u0111a\u010d katastar Austrija<\/span><\/b>\u00a0<\/span><\/i><\/p>\n<p style=\"margin: 0cm 0cm 8pt;\"><span style=\"text-decoration: underline;\"><span style=\"color: #0563c1; line-height: 105%; font-family: 'Segoe UI','sans-serif'; font-size: 10pt;\"><a href=\"https:\/\/lgu.ankoe.at\/fz\/wbpkmst\"><span style=\"color: #0563c1;\"><i><\/i>https:\/\/lgu.ankoe.at\/fz\/wbpkmst<\/span><\/a><\/span><\/span><\/p>\n<p><em><strong>\u010clan savezne udruge Photovoltaic Austria od 2020. G<\/strong><\/em><\/p>\n","protected":false},"excerpt":{"rendered":"<p>Elektrotehnika Izgradnja alarmnih sustava Grijanje Hla\u0111enje i klimatizacija Plin i vodovod &nbsp; Certificiranje upravljanja kvalitetom prema normi ISO 9001: 2008 od 2004 do 2016 Certificiranje upravljanja kvalitetom prema normi ISO 9001: 2015 od 2016 vrijedi za podru\u010dje konzaltinga, projektiranja, prodaje i izvo\u0111enja projekata u podru\u010dju elektro \u2013 telekomunikacijske \u2013sigurnosne i strojarske \u00a0tehnike (HVACR), centralnog nadzornog [&hellip;]<\/p>\n","protected":false},"author":1,"featured_media":0,"parent":1259,"menu_order":0,"comment_status":"closed","ping_status":"closed","template":"contentpage_fullwidth_nohero.php","meta":[],"acf":[],"_links":{"self":[{"href":"https:\/\/www.lsg-group.eu\/web-at\/wp-json\/wp\/v2\/pages\/2365"}],"collection":[{"href":"https:\/\/www.lsg-group.eu\/web-at\/wp-json\/wp\/v2\/pages"}],"about":[{"href":"https:\/\/www.lsg-group.eu\/web-at\/wp-json\/wp\/v2\/types\/page"}],"author":[{"embeddable":true,"href":"https:\/\/www.lsg-group.eu\/web-at\/wp-json\/wp\/v2\/users\/1"}],"replies":[{"embeddable":true,"href":"https:\/\/www.lsg-group.eu\/web-at\/wp-json\/wp\/v2\/comments?post=2365"}],"version-history":[{"count":9,"href":"https:\/\/www.lsg-group.eu\/web-at\/wp-json\/wp\/v2\/pages\/2365\/revisions"}],"predecessor-version":[{"id":2912,"href":"https:\/\/www.lsg-group.eu\/web-at\/wp-json\/wp\/v2\/pages\/2365\/revisions\/2912"}],"up":[{"embeddable":true,"href":"https:\/\/www.lsg-group.eu\/web-at\/wp-json\/wp\/v2\/pages\/1259"}],"wp:attachment":[{"href":"https:\/\/www.lsg-group.eu\/web-at\/wp-json\/wp\/v2\/media?parent=2365"}],"curies":[{"name":"wp","href":"https:\/\/api.w.org\/{rel}","templated":true}]}}