{"id":2367,"date":"2022-11-01T17:47:28","date_gmt":"2022-11-01T17:47:28","guid":{"rendered":"https:\/\/devsite.lsg-group.eu\/web-ro\/?page_id=2367"},"modified":"2023-03-20T16:04:19","modified_gmt":"2023-03-20T16:04:19","slug":"sertifikati-dozvole-clanstva","status":"publish","type":"page","link":"https:\/\/www.lsg-group.eu\/web-at\/sr\/o-nama-2\/sertifikati-dozvole-clanstva\/","title":{"rendered":"Sertifikati \u2013 Dozvole &#8211; \u010clanstva"},"content":{"rendered":"<p><strong>Elektrotehnika<\/strong><\/p>\n<p id=\"tw-target-rmn\" class=\"tw-data-text tw-ta tw-text-small\" dir=\"ltr\" style=\"text-align: left; height: 24px;\"><strong>Izgradnja alarmnih sistema<\/strong><\/p>\n<p><strong>Grejanje<\/strong><\/p>\n<p><strong>Hla\u0111enje i klimatizacija<\/strong><\/p>\n<p><strong>Plin i vodovod<\/strong><\/p>\n<p><strong><em>Sertifikovanje upravljanja kvalitetom prema normi ISO 9001: 2008 od 2004 do 2016<\/em><\/strong><br \/>\n<strong> <em> Sertifikovanje upravljanja kvalitetom prema normi ISO 9001: 2015 od 2016<\/em><\/strong><\/p>\n<p>vredi za oblast konzaltinga, projektovanja, prodaje i izvo\u0111enja projekata<\/p>\n<p>u oblasti elektro \u2013 telekomunikacione \u2013bezbednosne i ma\u0161inske \u00a0tehnike (HVACR), centralnog nadzornog sistema \u2013 BMS u zgradama i fotonapona<\/p>\n<p>&nbsp;<\/p>\n<p><strong><em>Sertifikovanje upravljanja okoli\u0161em prema normi ISO 14001: 2015 od 2016<\/em><\/strong><\/p>\n<p>vredi za oblast konzaltinga, projektovanja, prodaje i izvo\u0111enja projekata<\/p>\n<p>u oblasti elektro \u2013 telekomunikacione \u2013bezbednosne i ma\u0161inske \u00a0tehnike (HVACR), centralnog nadzornog sistema \u2013 BMS u zgradama i fotonapona<\/p>\n<p>&nbsp;<\/p>\n<p><em>S<strong>ertifikovanje za upravljanje za\u0161titom i sigurnosti na radu prema OHSAS 18001: 2007 od 2016 do 2019<\/strong><\/em><br \/>\n<strong> <em>Sertifikat za sistem upravljanja za\u0161titom zdravlja i bezbednosti pri radu od 2019.g (ISO 45001)<\/em><\/strong><\/p>\n<p>vredi za oblast konzaltinga, projektovanja, prodaje i izvo\u0111enja projekata<\/p>\n<p>u oblasti elektro \u2013 telekomunikacione \u2013bezbednosne i ma\u0161inske \u00a0tehnike (HVACR), centralnog nadzornog sistema \u2013 BMS u zgradama i fotonapona<\/p>\n<p>&nbsp;<\/p>\n<p><strong><em>Specijalizovana firma za sertifikaciju za vatrodojavni sistem prema merama \u00d6NORM F3700<br \/>\n<\/em><\/strong><\/p>\n<p>za planiranje, projektovanje, monta\u017eu, pu\u0161tanje u pogon i odr\u017eavanje<\/p>\n<p>Esser vatrodojavni sistemi 800xx, IQ8 -Control i FlexEs (od 2012)<\/p>\n<p>&nbsp;<\/p>\n<p><strong><em>FlexEs partner \u2013 Honeywell Life Safety Esser vatrodojavni sistem<\/em><\/strong><\/p>\n<p>posebno odabrani \u010dlan u krugu stru\u010dnih partnera za budu\u0107i inovativni vatrodojavni sistem Esser<\/p>\n<p>&nbsp;<\/p>\n<p><strong><em>Specijalizovana firma za sertifikaciju po\u017earnog ozvu\u010denja (ENS) prema \u00d6NORM F 3074 od 2012<\/em><\/strong><\/p>\n<p>za planiranje, projektovanje, monta\u017eu, pu\u0161tanje u pogon i odr\u017eavanje Esser-ENS Variodyn D1<\/p>\n<p>&nbsp;<\/p>\n<p><strong><em>R &amp; M freenet ovla\u0161\u0107ena instalaterska firma od 2001<\/em><\/strong><\/p>\n<p>za opremanje i ispostavljanje R &amp; M garancije sistema<\/p>\n<p>&nbsp;<\/p>\n<p style=\"margin: 0cm 0cm 8pt;\"><strong><em>Sertifikat za upravljanje izvo\u0111a\u010d katastarski Austrija\u00a0<\/em><\/strong><\/p>\n<p style=\"margin: 0cm 0cm 8pt;\"><span style=\"text-decoration: underline;\"><span style=\"color: #0563c1; line-height: 105%; font-family: 'Segoe UI','sans-serif'; font-size: 10pt;\"><a href=\"https:\/\/lgu.ankoe.at\/fz\/wbpkmst\"><span style=\"color: #0563c1;\">https:\/\/lgu.ankoe.at\/fz\/wbpkmst<\/span><\/a><\/span><\/span><\/p>\n<p>&nbsp;<\/p>\n<p><strong>\u010clan saveznog udru\u017eenja Photovoltaic Austria od 2020. G<\/strong><\/p>\n","protected":false},"excerpt":{"rendered":"<p>Elektrotehnika Izgradnja alarmnih sistema Grejanje Hla\u0111enje i klimatizacija Plin i vodovod Sertifikovanje upravljanja kvalitetom prema normi ISO 9001: 2008 od 2004 do 2016 Sertifikovanje upravljanja kvalitetom prema normi ISO 9001: 2015 od 2016 vredi za oblast konzaltinga, projektovanja, prodaje i izvo\u0111enja projekata u oblasti elektro \u2013 telekomunikacione \u2013bezbednosne i ma\u0161inske \u00a0tehnike (HVACR), centralnog nadzornog sistema [&hellip;]<\/p>\n","protected":false},"author":1,"featured_media":0,"parent":1630,"menu_order":0,"comment_status":"closed","ping_status":"closed","template":"contentpage_fullwidth_nohero.php","meta":[],"acf":[],"_links":{"self":[{"href":"https:\/\/www.lsg-group.eu\/web-at\/wp-json\/wp\/v2\/pages\/2367"}],"collection":[{"href":"https:\/\/www.lsg-group.eu\/web-at\/wp-json\/wp\/v2\/pages"}],"about":[{"href":"https:\/\/www.lsg-group.eu\/web-at\/wp-json\/wp\/v2\/types\/page"}],"author":[{"embeddable":true,"href":"https:\/\/www.lsg-group.eu\/web-at\/wp-json\/wp\/v2\/users\/1"}],"replies":[{"embeddable":true,"href":"https:\/\/www.lsg-group.eu\/web-at\/wp-json\/wp\/v2\/comments?post=2367"}],"version-history":[{"count":9,"href":"https:\/\/www.lsg-group.eu\/web-at\/wp-json\/wp\/v2\/pages\/2367\/revisions"}],"predecessor-version":[{"id":2904,"href":"https:\/\/www.lsg-group.eu\/web-at\/wp-json\/wp\/v2\/pages\/2367\/revisions\/2904"}],"up":[{"embeddable":true,"href":"https:\/\/www.lsg-group.eu\/web-at\/wp-json\/wp\/v2\/pages\/1630"}],"wp:attachment":[{"href":"https:\/\/www.lsg-group.eu\/web-at\/wp-json\/wp\/v2\/media?parent=2367"}],"curies":[{"name":"wp","href":"https:\/\/api.w.org\/{rel}","templated":true}]}}