{"id":3028,"date":"2023-04-06T11:54:19","date_gmt":"2023-04-06T11:54:19","guid":{"rendered":"https:\/\/www.lsg-group.eu\/web-at\/?page_id=3028"},"modified":"2023-04-06T12:00:18","modified_gmt":"2023-04-06T12:00:18","slug":"impressum","status":"publish","type":"page","link":"https:\/\/www.lsg-group.eu\/web-at\/uber-uns\/impressum\/","title":{"rendered":"Impressum"},"content":{"rendered":"<p><strong>Impressum \u2013 Informationen nach \u00a7 5 E-Commerce-Gesetz (ECG)<\/strong><br \/>\n<strong><br \/>\nLSG Group GmbH<\/strong><br \/>\nGorskistra\u00dfe 13<br \/>\n1230 Wien, \u00d6sterreich<\/p>\n<p>Telephon: +43 (0) 1 616 66 52<br \/>\nTelefax: +43 (0) 1 616 66 52-211<br \/>\nE-mail: office.group@lsg-group.eu<br \/>\nHomepage: www.lsg-group.eu<\/p>\n<p>Kammerzugeh\u00f6rigkeit: Wirtschaftskammer Wien<br \/>\nBeh\u00f6rde gem. ECG: Magistrat Bezirksamt des I. Bezirkes<br \/>\nFirmenbuchgericht: Handelsgericht Wien<br \/>\nFirmenbuchnummer: FN358021b<br \/>\nUID Nr.: ATU 66889218<br \/>\nGesch\u00e4ftsf\u00fchrung: Karl G\u00f6th, Gerhard Lipkovich, Werner Schoissengeier<\/p>\n","protected":false},"excerpt":{"rendered":"<p>Impressum \u2013 Informationen nach \u00a7 5 E-Commerce-Gesetz (ECG) LSG Group GmbH Gorskistra\u00dfe 13 1230 Wien, \u00d6sterreich Telephon: +43 (0) 1 616 66 52 Telefax: +43 (0) 1 616 66 52-211 E-mail: office.group@lsg-group.eu Homepage: www.lsg-group.eu Kammerzugeh\u00f6rigkeit: Wirtschaftskammer Wien Beh\u00f6rde gem. ECG: Magistrat Bezirksamt des I. Bezirkes Firmenbuchgericht: Handelsgericht Wien Firmenbuchnummer: FN358021b UID Nr.: ATU 66889218 Gesch\u00e4ftsf\u00fchrung: [&hellip;]<\/p>\n","protected":false},"author":1,"featured_media":0,"parent":1057,"menu_order":0,"comment_status":"closed","ping_status":"closed","template":"contentpage_fullwidth_nohero.php","meta":[],"acf":[],"_links":{"self":[{"href":"https:\/\/www.lsg-group.eu\/web-at\/wp-json\/wp\/v2\/pages\/3028"}],"collection":[{"href":"https:\/\/www.lsg-group.eu\/web-at\/wp-json\/wp\/v2\/pages"}],"about":[{"href":"https:\/\/www.lsg-group.eu\/web-at\/wp-json\/wp\/v2\/types\/page"}],"author":[{"embeddable":true,"href":"https:\/\/www.lsg-group.eu\/web-at\/wp-json\/wp\/v2\/users\/1"}],"replies":[{"embeddable":true,"href":"https:\/\/www.lsg-group.eu\/web-at\/wp-json\/wp\/v2\/comments?post=3028"}],"version-history":[{"count":1,"href":"https:\/\/www.lsg-group.eu\/web-at\/wp-json\/wp\/v2\/pages\/3028\/revisions"}],"predecessor-version":[{"id":3029,"href":"https:\/\/www.lsg-group.eu\/web-at\/wp-json\/wp\/v2\/pages\/3028\/revisions\/3029"}],"up":[{"embeddable":true,"href":"https:\/\/www.lsg-group.eu\/web-at\/wp-json\/wp\/v2\/pages\/1057"}],"wp:attachment":[{"href":"https:\/\/www.lsg-group.eu\/web-at\/wp-json\/wp\/v2\/media?parent=3028"}],"curies":[{"name":"wp","href":"https:\/\/api.w.org\/{rel}","templated":true}]}}