{"id":1257,"date":"2022-10-04T17:57:55","date_gmt":"2022-10-04T17:57:55","guid":{"rendered":"https:\/\/devsite.lsg-group.eu\/?page_id=1257"},"modified":"2022-11-16T14:59:23","modified_gmt":"2022-11-16T14:59:23","slug":"organizacija","status":"publish","type":"page","link":"https:\/\/www.lsg-group.eu\/web-hr\/o-nama\/organizacija\/","title":{"rendered":"Organizacija"},"content":{"rendered":"<p>Ured u Zagrebu je regionalno sjedi\u0161te iz kojeg se upravlja tr\u017ei\u0161tem Srbije, Makedonije i Bosne i Hercegovine.<\/p>\n<p><strong>Direktor<\/strong><\/p>\n<p>Werner Schoissengeier<br \/>\n<a href=\"mailto:werner.s@lsg-group.eu\">werner.s@lsg-group.eu<\/a><\/p>\n<p><strong>Financije<\/strong><\/p>\n<p>Tvrtko Galac<br \/>\n<a href=\"mailto:tvrtko.galac@lsg-group.eu\">tvrtko.galac@lsg-group.eu<\/a><\/p>\n<p><strong>Nabava i logistika<\/strong><\/p>\n<p>Danijela Hegolj<br \/>\n<a href=\"mailto:danijela.hegolj@lsg-group.eu\">danijela.hegolj@lsg-group.eu<\/a><\/p>\n<p><strong>Strojarstvo<\/strong><\/p>\n<p>Josip Fer\u010dec<br \/>\n<a href=\"mailto:josip.fercec@lsg-group.eu\">josip.fercec@lsg-group.eu<\/a><\/p>\n<p><strong>Elektrotehnika<\/strong><\/p>\n<p><strong>Monta\u017ea i odr\u017eavanje<\/strong><\/p>\n<p>Luka \u010cuki\u0107<br \/>\n<a href=\"mailto:luka.cukic@lsg-group.eu\">luka.cukic@lsg-group.eu<\/a><\/p>\n","protected":false},"excerpt":{"rendered":"<p>Ured u Zagrebu je regionalno sjedi\u0161te iz kojeg se upravlja tr\u017ei\u0161tem Srbije, Makedonije i Bosne i Hercegovine. Direktor Werner Schoissengeier werner.s@lsg-group.eu Financije Tvrtko Galac tvrtko.galac@lsg-group.eu Nabava i logistika Danijela Hegolj danijela.hegolj@lsg-group.eu Strojarstvo Josip Fer\u010dec josip.fercec@lsg-group.eu Elektrotehnika Monta\u017ea i odr\u017eavanje Luka \u010cuki\u0107 luka.cukic@lsg-group.eu<\/p>\n","protected":false},"author":1,"featured_media":0,"parent":1259,"menu_order":0,"comment_status":"closed","ping_status":"closed","template":"contentpage_fullwidth_nohero.php","meta":[],"acf":[],"_links":{"self":[{"href":"https:\/\/www.lsg-group.eu\/web-hr\/wp-json\/wp\/v2\/pages\/1257"}],"collection":[{"href":"https:\/\/www.lsg-group.eu\/web-hr\/wp-json\/wp\/v2\/pages"}],"about":[{"href":"https:\/\/www.lsg-group.eu\/web-hr\/wp-json\/wp\/v2\/types\/page"}],"author":[{"embeddable":true,"href":"https:\/\/www.lsg-group.eu\/web-hr\/wp-json\/wp\/v2\/users\/1"}],"replies":[{"embeddable":true,"href":"https:\/\/www.lsg-group.eu\/web-hr\/wp-json\/wp\/v2\/comments?post=1257"}],"version-history":[{"count":9,"href":"https:\/\/www.lsg-group.eu\/web-hr\/wp-json\/wp\/v2\/pages\/1257\/revisions"}],"predecessor-version":[{"id":2439,"href":"https:\/\/www.lsg-group.eu\/web-hr\/wp-json\/wp\/v2\/pages\/1257\/revisions\/2439"}],"up":[{"embeddable":true,"href":"https:\/\/www.lsg-group.eu\/web-hr\/wp-json\/wp\/v2\/pages\/1259"}],"wp:attachment":[{"href":"https:\/\/www.lsg-group.eu\/web-hr\/wp-json\/wp\/v2\/media?parent=1257"}],"curies":[{"name":"wp","href":"https:\/\/api.w.org\/{rel}","templated":true}]}}