{"id":1259,"date":"2022-10-04T18:00:41","date_gmt":"2022-10-04T18:00:41","guid":{"rendered":"https:\/\/devsite.lsg-group.eu\/?page_id=1259"},"modified":"2023-04-11T14:24:37","modified_gmt":"2023-04-11T14:24:37","slug":"o-nama","status":"publish","type":"page","link":"https:\/\/www.lsg-group.eu\/web-hr\/o-nama\/","title":{"rendered":"O nama"},"content":{"rendered":"<p>LSG GROUP je u Hrvatskoj prisutna ve\u0107 od 2007. g. s podru\u017enicom i tvrtkom k\u0107eri a ubrzo iza toga se na hrvatskom tr\u017ei\u0161tu razvila u jednu od vode\u0107ih tvrtki u svojem sektoru.<\/p>\n<p>Ured u Zagrebu je postao regionalno sjedi\u0161te iz kojeg se upravlja tr\u017ei\u0161tem Srbije, Makedonije, Crne Gore te Bosne i Hercegovine.<\/p>\n<p>LSG GROUP je kompetentan i pouzdan partner na podru\u010dju elektrotehnike, strojarskih postrojenja i automatizacije za industrijske i komercijalne kupce.<\/p>\n","protected":false},"excerpt":{"rendered":"<p>LSG GROUP je u Hrvatskoj prisutna ve\u0107 od 2007. g. s podru\u017enicom i tvrtkom k\u0107eri a ubrzo iza toga se na hrvatskom tr\u017ei\u0161tu razvila u jednu od vode\u0107ih tvrtki u svojem sektoru. Ured u Zagrebu je postao regionalno sjedi\u0161te iz kojeg se upravlja tr\u017ei\u0161tem Srbije, Makedonije, Crne Gore te Bosne i Hercegovine. LSG GROUP je [&hellip;]<\/p>\n","protected":false},"author":1,"featured_media":588,"parent":0,"menu_order":0,"comment_status":"closed","ping_status":"closed","template":"contentpage_2spalten.php","meta":[],"acf":[],"_links":{"self":[{"href":"https:\/\/www.lsg-group.eu\/web-hr\/wp-json\/wp\/v2\/pages\/1259"}],"collection":[{"href":"https:\/\/www.lsg-group.eu\/web-hr\/wp-json\/wp\/v2\/pages"}],"about":[{"href":"https:\/\/www.lsg-group.eu\/web-hr\/wp-json\/wp\/v2\/types\/page"}],"author":[{"embeddable":true,"href":"https:\/\/www.lsg-group.eu\/web-hr\/wp-json\/wp\/v2\/users\/1"}],"replies":[{"embeddable":true,"href":"https:\/\/www.lsg-group.eu\/web-hr\/wp-json\/wp\/v2\/comments?post=1259"}],"version-history":[{"count":6,"href":"https:\/\/www.lsg-group.eu\/web-hr\/wp-json\/wp\/v2\/pages\/1259\/revisions"}],"predecessor-version":[{"id":3180,"href":"https:\/\/www.lsg-group.eu\/web-hr\/wp-json\/wp\/v2\/pages\/1259\/revisions\/3180"}],"wp:featuredmedia":[{"embeddable":true,"href":"https:\/\/www.lsg-group.eu\/web-hr\/wp-json\/wp\/v2\/media\/588"}],"wp:attachment":[{"href":"https:\/\/www.lsg-group.eu\/web-hr\/wp-json\/wp\/v2\/media?parent=1259"}],"curies":[{"name":"wp","href":"https:\/\/api.w.org\/{rel}","templated":true}]}}