{"id":1318,"date":"2022-10-04T19:36:26","date_gmt":"2022-10-04T19:36:26","guid":{"rendered":"https:\/\/devsite.lsg-group.eu\/?page_id=1318"},"modified":"2022-10-04T19:37:25","modified_gmt":"2022-10-04T19:37:25","slug":"unsere-markte","status":"publish","type":"page","link":"https:\/\/www.lsg-group.eu\/web-hr\/de\/uber-uns\/unsere-markte\/","title":{"rendered":"Unsere M\u00e4rkte"},"content":{"rendered":"<h2>Die LSG GROUP ist in den Zentral- und Osteurop\u00e4ischen M\u00e4rkten seit dem Jahr 2000 aktiv.<\/h2>\n<p>In jedem unserer Stammm\u00e4rkte arbeiten lokale Teams in allen Bereichen unseres Leistungsspektrums um unseren Kunden bestm\u00f6gliche Kontakte und Kenntnisse \u00fcber die jeweiligen lokalen Normen und Vorschriften zu bieten.<\/p>\n<p>Entsprechend dem \u201efollow the customer\u201c \u2013 Prinzip begleiten wir unsere internationalen Kunden bei deren Expansion auch in L\u00e4nder, wo wir \u00fcber keine permanente Organisation verf\u00fcgen, wie z.B. Deutschland, Gro\u00dfbritannien, Bosnien &amp; Herzegowina.<\/p>\n","protected":false},"excerpt":{"rendered":"<p>Die LSG GROUP ist in den Zentral- und Osteurop\u00e4ischen M\u00e4rkten seit dem Jahr 2000 aktiv. In jedem unserer Stammm\u00e4rkte arbeiten lokale Teams in allen Bereichen unseres Leistungsspektrums um unseren Kunden bestm\u00f6gliche Kontakte und Kenntnisse \u00fcber die jeweiligen lokalen Normen und Vorschriften zu bieten. Entsprechend dem \u201efollow the customer\u201c \u2013 Prinzip begleiten wir unsere internationalen Kunden [&hellip;]<\/p>\n","protected":false},"author":1,"featured_media":635,"parent":1057,"menu_order":0,"comment_status":"closed","ping_status":"closed","template":"contentpage_fullwidth.php","meta":[],"acf":[],"_links":{"self":[{"href":"https:\/\/www.lsg-group.eu\/web-hr\/wp-json\/wp\/v2\/pages\/1318"}],"collection":[{"href":"https:\/\/www.lsg-group.eu\/web-hr\/wp-json\/wp\/v2\/pages"}],"about":[{"href":"https:\/\/www.lsg-group.eu\/web-hr\/wp-json\/wp\/v2\/types\/page"}],"author":[{"embeddable":true,"href":"https:\/\/www.lsg-group.eu\/web-hr\/wp-json\/wp\/v2\/users\/1"}],"replies":[{"embeddable":true,"href":"https:\/\/www.lsg-group.eu\/web-hr\/wp-json\/wp\/v2\/comments?post=1318"}],"version-history":[{"count":3,"href":"https:\/\/www.lsg-group.eu\/web-hr\/wp-json\/wp\/v2\/pages\/1318\/revisions"}],"predecessor-version":[{"id":1321,"href":"https:\/\/www.lsg-group.eu\/web-hr\/wp-json\/wp\/v2\/pages\/1318\/revisions\/1321"}],"up":[{"embeddable":true,"href":"https:\/\/www.lsg-group.eu\/web-hr\/wp-json\/wp\/v2\/pages\/1057"}],"wp:featuredmedia":[{"embeddable":true,"href":"https:\/\/www.lsg-group.eu\/web-hr\/wp-json\/wp\/v2\/media\/635"}],"wp:attachment":[{"href":"https:\/\/www.lsg-group.eu\/web-hr\/wp-json\/wp\/v2\/media?parent=1318"}],"curies":[{"name":"wp","href":"https:\/\/api.w.org\/{rel}","templated":true}]}}