{"id":1630,"date":"2022-10-07T13:33:33","date_gmt":"2022-10-07T13:33:33","guid":{"rendered":"https:\/\/devsite.lsg-group.eu\/?page_id=1630"},"modified":"2022-11-17T13:39:09","modified_gmt":"2022-11-17T13:39:09","slug":"o-nama-2","status":"publish","type":"page","link":"https:\/\/www.lsg-group.eu\/web-hr\/sr\/o-nama-2\/","title":{"rendered":"O nama"},"content":{"rendered":"<p>LSG GROUP je u Hrvatskoj prisutna ve\u0107 od 2007. g. sa filijalom i k\u0107er firmom a ubrzo iza toga se na hrvatskom tr\u017ei\u0161tu razvila u jednu od vode\u0107ih firmi u svom sektoru.<\/p>\n<p>Kancelarija u Zagrebu je postala regionalno sedi\u0161te iz kojeg se upravlja tr\u017ei\u0161tem Srbije, Makedonije, Crne Gore te Bosne i Hercegovine.<\/p>\n<p>LSG GROUP je kompetentan i pouzdan partner na podru\u010dju elektrotehnike, ma\u0161inskih postrojenja i automatizacije za industrijske i komercijalne kupce.<\/p>\n","protected":false},"excerpt":{"rendered":"<p>LSG GROUP je u Hrvatskoj prisutna ve\u0107 od 2007. g. sa filijalom i k\u0107er firmom a ubrzo iza toga se na hrvatskom tr\u017ei\u0161tu razvila u jednu od vode\u0107ih firmi u svom sektoru. Kancelarija u Zagrebu je postala regionalno sedi\u0161te iz kojeg se upravlja tr\u017ei\u0161tem Srbije, Makedonije, Crne Gore te Bosne i Hercegovine. LSG GROUP je [&hellip;]<\/p>\n","protected":false},"author":1,"featured_media":588,"parent":0,"menu_order":0,"comment_status":"closed","ping_status":"closed","template":"contentpage_2spalten.php","meta":[],"acf":[],"_links":{"self":[{"href":"https:\/\/www.lsg-group.eu\/web-hr\/wp-json\/wp\/v2\/pages\/1630"}],"collection":[{"href":"https:\/\/www.lsg-group.eu\/web-hr\/wp-json\/wp\/v2\/pages"}],"about":[{"href":"https:\/\/www.lsg-group.eu\/web-hr\/wp-json\/wp\/v2\/types\/page"}],"author":[{"embeddable":true,"href":"https:\/\/www.lsg-group.eu\/web-hr\/wp-json\/wp\/v2\/users\/1"}],"replies":[{"embeddable":true,"href":"https:\/\/www.lsg-group.eu\/web-hr\/wp-json\/wp\/v2\/comments?post=1630"}],"version-history":[{"count":6,"href":"https:\/\/www.lsg-group.eu\/web-hr\/wp-json\/wp\/v2\/pages\/1630\/revisions"}],"predecessor-version":[{"id":2497,"href":"https:\/\/www.lsg-group.eu\/web-hr\/wp-json\/wp\/v2\/pages\/1630\/revisions\/2497"}],"wp:featuredmedia":[{"embeddable":true,"href":"https:\/\/www.lsg-group.eu\/web-hr\/wp-json\/wp\/v2\/media\/588"}],"wp:attachment":[{"href":"https:\/\/www.lsg-group.eu\/web-hr\/wp-json\/wp\/v2\/media?parent=1630"}],"curies":[{"name":"wp","href":"https:\/\/api.w.org\/{rel}","templated":true}]}}