{"id":1655,"date":"2022-10-07T14:27:17","date_gmt":"2022-10-07T14:27:17","guid":{"rendered":"https:\/\/devsite.lsg-group.eu\/?page_id=1655"},"modified":"2023-03-16T15:29:08","modified_gmt":"2023-03-16T15:29:08","slug":"vasa-karijera","status":"publish","type":"page","link":"https:\/\/www.lsg-group.eu\/web-hr\/sr\/vasa-karijera\/","title":{"rendered":"VA\u0160A KARIJERA"},"content":{"rendered":"<h1><strong>VA\u0160A KARIJERA U LSG GRUPI<\/strong><\/h1>\n<p>LSG GROUP je kompetentan i pouzdan partner u oblasti elektrotehnike, gra\u0111evinskih usluga, automatizacije za industrijske i komercijalne korisnike kao i obnovljivih izvora energije, sa sedi\u0161tem u Be\u010du od 1997. godine.<\/p>\n<h3><strong>Zapo\u010dnite sada!<\/strong><\/h3>\n<p>Bilo da ste pripravnik, osoba koja menja karijeru ili inicijativna aplikacija.<\/p>\n<p>Prijave direktno na: <strong>office.zagreb@lsg-group.eu<\/strong><\/p>\n","protected":false},"excerpt":{"rendered":"<p>VA\u0160A KARIJERA U LSG GRUPI LSG GROUP je kompetentan i pouzdan partner u oblasti elektrotehnike, gra\u0111evinskih usluga, automatizacije za industrijske i komercijalne korisnike kao i obnovljivih izvora energije, sa sedi\u0161tem u Be\u010du od 1997. godine. Zapo\u010dnite sada! Bilo da ste pripravnik, osoba koja menja karijeru ili inicijativna aplikacija. Prijave direktno na: office.zagreb@lsg-group.eu<\/p>\n","protected":false},"author":1,"featured_media":575,"parent":0,"menu_order":0,"comment_status":"closed","ping_status":"closed","template":"contentpage_fullwidth.php","meta":[],"acf":[],"_links":{"self":[{"href":"https:\/\/www.lsg-group.eu\/web-hr\/wp-json\/wp\/v2\/pages\/1655"}],"collection":[{"href":"https:\/\/www.lsg-group.eu\/web-hr\/wp-json\/wp\/v2\/pages"}],"about":[{"href":"https:\/\/www.lsg-group.eu\/web-hr\/wp-json\/wp\/v2\/types\/page"}],"author":[{"embeddable":true,"href":"https:\/\/www.lsg-group.eu\/web-hr\/wp-json\/wp\/v2\/users\/1"}],"replies":[{"embeddable":true,"href":"https:\/\/www.lsg-group.eu\/web-hr\/wp-json\/wp\/v2\/comments?post=1655"}],"version-history":[{"count":5,"href":"https:\/\/www.lsg-group.eu\/web-hr\/wp-json\/wp\/v2\/pages\/1655\/revisions"}],"predecessor-version":[{"id":3100,"href":"https:\/\/www.lsg-group.eu\/web-hr\/wp-json\/wp\/v2\/pages\/1655\/revisions\/3100"}],"wp:featuredmedia":[{"embeddable":true,"href":"https:\/\/www.lsg-group.eu\/web-hr\/wp-json\/wp\/v2\/media\/575"}],"wp:attachment":[{"href":"https:\/\/www.lsg-group.eu\/web-hr\/wp-json\/wp\/v2\/media?parent=1655"}],"curies":[{"name":"wp","href":"https:\/\/api.w.org\/{rel}","templated":true}]}}