{"id":613,"date":"2022-03-24T12:58:22","date_gmt":"2022-03-24T12:58:22","guid":{"rendered":"https:\/\/devsite.lsg-group.eu\/?page_id=613"},"modified":"2022-11-16T15:00:15","modified_gmt":"2022-11-16T15:00:15","slug":"organization","status":"publish","type":"page","link":"https:\/\/www.lsg-group.eu\/web-hr\/en\/about-us\/organization\/","title":{"rendered":"Organization"},"content":{"rendered":"<p>The Zagreb location is a regional business unit which serves partly also the markets of Serbia, Macedonia and BiH.<\/p>\n<p><strong>Management<\/strong><\/p>\n<p>Werner Schoissengeier<br \/>\n<a href=\"mailto:werner.s@lsg-group.eu\">werner.s@lsg-group.eu<\/a><\/p>\n<p><strong>Finance<\/strong><\/p>\n<p>Tvrtko Galac<br \/>\n<a href=\"mailto:tvrtko.galac@lsg-group.eu\">tvrtko.galac@lsg-group.eu<\/a><\/p>\n<p><strong>Purchasing &amp; Logistics<\/strong><\/p>\n<p>Danijela Hegolj<br \/>\n<a href=\"mailto:danijela.hegolj@lsg-group.eu\">danijela.hegolj@lsg-group.eu<\/a><\/p>\n<p><strong>Mechanical<\/strong><\/p>\n<p>Josip Fer\u010dec<br \/>\n<a href=\"mailto:josip.fercec@lsg-group.eu\">josip.fercec@lsg-group.eu<\/a><\/p>\n<p><strong>Electrical<\/strong><\/p>\n<p><strong>Execution &amp; Maintenance<\/strong><\/p>\n<p>Luka \u010cuki\u0107<br \/>\n<a href=\"mailto:luka.cukic@lsg-group.eu\">luka.cukic@lsg-group.eu<\/a><\/p>\n","protected":false},"excerpt":{"rendered":"<p>The Zagreb location is a regional business unit which serves partly also the markets of Serbia, Macedonia and BiH. Management Werner Schoissengeier werner.s@lsg-group.eu Finance Tvrtko Galac tvrtko.galac@lsg-group.eu Purchasing &amp; Logistics Danijela Hegolj danijela.hegolj@lsg-group.eu Mechanical Josip Fer\u010dec josip.fercec@lsg-group.eu Electrical Execution &amp; Maintenance Luka \u010cuki\u0107 luka.cukic@lsg-group.eu<\/p>\n","protected":false},"author":1,"featured_media":0,"parent":586,"menu_order":0,"comment_status":"closed","ping_status":"closed","template":"contentpage_fullwidth_nohero.php","meta":[],"acf":[],"_links":{"self":[{"href":"https:\/\/www.lsg-group.eu\/web-hr\/wp-json\/wp\/v2\/pages\/613"}],"collection":[{"href":"https:\/\/www.lsg-group.eu\/web-hr\/wp-json\/wp\/v2\/pages"}],"about":[{"href":"https:\/\/www.lsg-group.eu\/web-hr\/wp-json\/wp\/v2\/types\/page"}],"author":[{"embeddable":true,"href":"https:\/\/www.lsg-group.eu\/web-hr\/wp-json\/wp\/v2\/users\/1"}],"replies":[{"embeddable":true,"href":"https:\/\/www.lsg-group.eu\/web-hr\/wp-json\/wp\/v2\/comments?post=613"}],"version-history":[{"count":11,"href":"https:\/\/www.lsg-group.eu\/web-hr\/wp-json\/wp\/v2\/pages\/613\/revisions"}],"predecessor-version":[{"id":2440,"href":"https:\/\/www.lsg-group.eu\/web-hr\/wp-json\/wp\/v2\/pages\/613\/revisions\/2440"}],"up":[{"embeddable":true,"href":"https:\/\/www.lsg-group.eu\/web-hr\/wp-json\/wp\/v2\/pages\/586"}],"wp:attachment":[{"href":"https:\/\/www.lsg-group.eu\/web-hr\/wp-json\/wp\/v2\/media?parent=613"}],"curies":[{"name":"wp","href":"https:\/\/api.w.org\/{rel}","templated":true}]}}