{"id":1122,"date":"2022-06-17T11:51:22","date_gmt":"2022-06-17T11:51:22","guid":{"rendered":"https:\/\/devsite.lsg-group.eu\/?page_id=1122"},"modified":"2022-10-14T16:50:40","modified_gmt":"2022-10-14T16:50:40","slug":"renewables","status":"publish","type":"page","link":"https:\/\/www.lsg-group.eu\/web-ro\/de\/leistungen\/renewables\/","title":{"rendered":"Erneubaren Energien"},"content":{"rendered":"<p>Vor dem Hintergrund zunehmender Weltbev\u00f6lkerung und eines \u00fcberproportional wachsenden Energiebedarfs werden \u00fcberall auf der Welt Alternativen zu prim\u00e4ren Energietr\u00e4gern wie \u00d6l oder Gas gesucht. Weltweit werden Menschen bereits aktiv: Sie reduzieren ihren Verbrauch an fossilen Brennstoffen, beziehen saubere Energie und setzen sich f\u00fcr die Reduktion gro\u00dfer Treibhausgasemissionen ein. Die Eind\u00e4mmung des Klimawandels ist eines der wichtigsten Themen unserer Zeit.Photovoltaik: Von der Sonne zum Strom ohne zus\u00e4tzliche Treibhausgase bei der Energiegewinnung.<\/p>\n<p>Die LSG Group hat sich als privates, unabh\u00e4ngiges Unternehmen zum Ziel gesetzt, einen wesentlichen Beitrag zum Schutz des Klimawandels im Bereich der erneuerbaren Energien zu erbringen. Aus diesem Grund hat sich die LSG Group bereits in den letzten Jahren zunehmend f\u00fcr den Bau von Photovoltaik-Kraftwerken engagiert.<\/p>\n<p>Die LSG Group plant und baut Photovoltaik Kraftwerke auch mit dem Ziel, eine starke Verbreitung der Nutzung von erneuerbaren Energien und die F\u00f6rderung der Entwicklungspolitik sowohl in Industrie-, als auch in Entwicklungsl\u00e4ndern tatkr\u00e4ftig zu unterst\u00fctzen. Die Erfahrung im internationalen Kraftwerks- und Projektgesch\u00e4ft, unsere technische Expertise, verantwortungsvolles Projektmanagement mit vollst\u00e4ndiger Dokumentation sowie eine gro\u00dfe Anzahl von Leistungen aus einer Hand sind unser Schl\u00fcssel zum Erfolg bei der Fertigstellung der Kraftwerke im vorgegebenen Zeit- und Investitionsplan.<\/p>\n<div class=\"row\">\n<div class=\"sepperator col-lg-4 col-md-6 col-lg-4 col-xl-4 \">\n<div class=\"overflow\" style=\"min-height: 210px; height: 240px;\">\n<a href=\"\/wp-content\/uploads\/sites\/4\/2022\/10\/drohne_pv.jpg\" data-lightbox=\"roadtrip\"><br \/>\n<img decoding=\"async\" class=\"img-fluid \" src=\"\/wp-content\/uploads\/sites\/4\/2022\/10\/drohne_pv.jpg\" \/><br \/>\n<\/a><\/div>\n<\/div>\n<div class=\"sepperator col-lg-4 col-md-6 col-lg-4 col-xl-4 \">\n<div class=\"overflow\" style=\"min-height: 210px; height: 240px;\">\n<a href=\"\/wp-content\/uploads\/sites\/4\/2022\/10\/windpark_ue_2.jpg\" data-lightbox=\"roadtrip\"><br \/>\n<img decoding=\"async\" class=\"img-fluid \" src=\"\/wp-content\/uploads\/sites\/4\/2022\/10\/windpark_ue_2.jpg\" \/><br \/>\n<\/a><\/div>\n<\/div>\n<div class=\"sepperator col-lg-4 col-md-6 col-lg-4 col-xl-4 \">\n<div class=\"overflow\" style=\"min-height: 210px; height: 240px;\">\n<a href=\"\/wp-content\/uploads\/sites\/4\/2022\/10\/bulgarien_pv.jpg\" data-lightbox=\"roadtrip\"><br \/>\n<img decoding=\"async\" class=\"img-fluid \" src=\"\/wp-content\/uploads\/sites\/4\/2022\/10\/bulgarien_pv.jpg\" \/><br \/>\n<\/a><\/div>\n<\/div>\n<div class=\"sepperator col-lg-4 col-md-6 col-lg-4 col-xl-4 \">\n<div class=\"overflow\" style=\"min-height: 210px; height: 240px;\">\n<a href=\"\/wp-content\/uploads\/sites\/4\/2022\/10\/pv_feld_aufnahme.jpg\" data-lightbox=\"roadtrip\"><br \/>\n<img decoding=\"async\" class=\"img-fluid \" src=\"\/wp-content\/uploads\/sites\/4\/2022\/10\/pv_feld_aufnahme.jpg\" \/><br \/>\n<\/a><\/div>\n<\/div>\n<div class=\"sepperator col-lg-4 col-md-6 col-lg-4 col-xl-4 \">\n<div class=\"overflow\" style=\"min-height: 210px; height: 240px;\">\n<a href=\"\/wp-content\/uploads\/sites\/4\/2022\/10\/renewables_ue_2.jpg\" data-lightbox=\"roadtrip\"><br \/>\n<img decoding=\"async\" class=\"img-fluid \" src=\"\/wp-content\/uploads\/sites\/4\/2022\/10\/renewables_ue_2.jpg\" \/><br \/>\n<\/a><\/div>\n<\/div>\n<div class=\"sepperator col-lg-4 col-md-6 col-lg-4 col-xl-4 \">\n<div class=\"overflow\" style=\"min-height: 210px; height: 240px;\">\n<a href=\"\/wp-content\/uploads\/sites\/4\/2022\/10\/renewables_ue_1.jpg\" data-lightbox=\"roadtrip\"><br \/>\n<img decoding=\"async\" class=\"img-fluid \" src=\"\/wp-content\/uploads\/sites\/4\/2022\/10\/renewables_ue_1.jpg\" \/><br \/>\n<\/a><\/div>\n<\/div>\n<\/div>\n","protected":false},"excerpt":{"rendered":"<p>Vor dem Hintergrund zunehmender Weltbev\u00f6lkerung und eines \u00fcberproportional wachsenden Energiebedarfs werden \u00fcberall auf der Welt Alternativen zu prim\u00e4ren Energietr\u00e4gern wie \u00d6l oder Gas gesucht. Weltweit werden Menschen bereits aktiv: Sie reduzieren ihren Verbrauch an fossilen Brennstoffen, beziehen saubere Energie und setzen sich f\u00fcr die Reduktion gro\u00dfer Treibhausgasemissionen ein. Die Eind\u00e4mmung des Klimawandels ist eines der [&hellip;]<\/p>\n","protected":false},"author":1,"featured_media":744,"parent":1062,"menu_order":0,"comment_status":"closed","ping_status":"closed","template":"contentpage_fullwidth.php","meta":[],"acf":[],"_links":{"self":[{"href":"https:\/\/www.lsg-group.eu\/web-ro\/wp-json\/wp\/v2\/pages\/1122"}],"collection":[{"href":"https:\/\/www.lsg-group.eu\/web-ro\/wp-json\/wp\/v2\/pages"}],"about":[{"href":"https:\/\/www.lsg-group.eu\/web-ro\/wp-json\/wp\/v2\/types\/page"}],"author":[{"embeddable":true,"href":"https:\/\/www.lsg-group.eu\/web-ro\/wp-json\/wp\/v2\/users\/1"}],"replies":[{"embeddable":true,"href":"https:\/\/www.lsg-group.eu\/web-ro\/wp-json\/wp\/v2\/comments?post=1122"}],"version-history":[{"count":6,"href":"https:\/\/www.lsg-group.eu\/web-ro\/wp-json\/wp\/v2\/pages\/1122\/revisions"}],"predecessor-version":[{"id":2255,"href":"https:\/\/www.lsg-group.eu\/web-ro\/wp-json\/wp\/v2\/pages\/1122\/revisions\/2255"}],"up":[{"embeddable":true,"href":"https:\/\/www.lsg-group.eu\/web-ro\/wp-json\/wp\/v2\/pages\/1062"}],"wp:featuredmedia":[{"embeddable":true,"href":"https:\/\/www.lsg-group.eu\/web-ro\/wp-json\/wp\/v2\/media\/744"}],"wp:attachment":[{"href":"https:\/\/www.lsg-group.eu\/web-ro\/wp-json\/wp\/v2\/media?parent=1122"}],"curies":[{"name":"wp","href":"https:\/\/api.w.org\/{rel}","templated":true}]}}