{"id":1252,"date":"2022-10-04T17:55:19","date_gmt":"2022-10-04T17:55:19","guid":{"rendered":"https:\/\/devsite.lsg-group.eu\/?page_id=1252"},"modified":"2022-11-01T17:17:26","modified_gmt":"2022-11-01T17:17:26","slug":"organisation","status":"publish","type":"page","link":"https:\/\/www.lsg-group.eu\/web-ro\/de\/uber-uns\/organisation\/","title":{"rendered":"Organisation"},"content":{"rendered":"<p><strong>LSG Building Solutions SRL<\/strong><\/p>\n<p>&nbsp;<\/p>\n<p><strong>Gesch\u00e4ftsf\u00fchrer:<\/strong><\/p>\n<p>Gerhard Lipkovich <a href=\"mailto:gerhard.lipkovich@lsg-group.eu\">gerhard.lipkovich@lsg-group.eu<\/a><\/p>\n<p>&nbsp;<\/p>\n<p><strong>Finanzen:<\/strong><\/p>\n<p>Raluca Neac\u015fu <a href=\"mailto:raluca.neacsu@lsg-group.eu\">raluca.neacsu@lsg-group.eu<\/a><\/p>\n<p>&nbsp;<\/p>\n<p><strong>Technik:<\/strong><\/p>\n<p>Alexandru Filcenco <a href=\"mailto:alexandru.filcenco@lsg-group.eu\">alexandru.filcenco@lsg-group.eu<\/a><\/p>\n<p>&nbsp;<\/p>\n<p><strong>Einkauf:<\/strong><\/p>\n<p>Silviu Te\u015fu <a href=\"mailto:silviu.tesu@lsg-group.eu\">silviu.tesu@lsg-group.eu<\/a><\/p>\n<p>&nbsp;<\/p>\n<p><strong>Administration:<\/strong><\/p>\n<p>Raluca Neac\u015fu <a href=\"mailto:raluca.neacsu@lsg-group.eu\">raluca.neacsu@lsg-group.eu<\/a><\/p>\n<p>&nbsp;<\/p>\n","protected":false},"excerpt":{"rendered":"<p>LSG Building Solutions SRL &nbsp; Gesch\u00e4ftsf\u00fchrer: Gerhard Lipkovich gerhard.lipkovich@lsg-group.eu &nbsp; Finanzen: Raluca Neac\u015fu raluca.neacsu@lsg-group.eu &nbsp; Technik: Alexandru Filcenco alexandru.filcenco@lsg-group.eu &nbsp; Einkauf: Silviu Te\u015fu silviu.tesu@lsg-group.eu &nbsp; Administration: Raluca Neac\u015fu raluca.neacsu@lsg-group.eu &nbsp;<\/p>\n","protected":false},"author":1,"featured_media":0,"parent":1057,"menu_order":0,"comment_status":"closed","ping_status":"closed","template":"contentpage_fullwidth_nohero.php","meta":[],"acf":[],"_links":{"self":[{"href":"https:\/\/www.lsg-group.eu\/web-ro\/wp-json\/wp\/v2\/pages\/1252"}],"collection":[{"href":"https:\/\/www.lsg-group.eu\/web-ro\/wp-json\/wp\/v2\/pages"}],"about":[{"href":"https:\/\/www.lsg-group.eu\/web-ro\/wp-json\/wp\/v2\/types\/page"}],"author":[{"embeddable":true,"href":"https:\/\/www.lsg-group.eu\/web-ro\/wp-json\/wp\/v2\/users\/1"}],"replies":[{"embeddable":true,"href":"https:\/\/www.lsg-group.eu\/web-ro\/wp-json\/wp\/v2\/comments?post=1252"}],"version-history":[{"count":8,"href":"https:\/\/www.lsg-group.eu\/web-ro\/wp-json\/wp\/v2\/pages\/1252\/revisions"}],"predecessor-version":[{"id":2341,"href":"https:\/\/www.lsg-group.eu\/web-ro\/wp-json\/wp\/v2\/pages\/1252\/revisions\/2341"}],"up":[{"embeddable":true,"href":"https:\/\/www.lsg-group.eu\/web-ro\/wp-json\/wp\/v2\/pages\/1057"}],"wp:attachment":[{"href":"https:\/\/www.lsg-group.eu\/web-ro\/wp-json\/wp\/v2\/media?parent=1252"}],"curies":[{"name":"wp","href":"https:\/\/api.w.org\/{rel}","templated":true}]}}