{"id":1257,"date":"2022-10-04T17:57:55","date_gmt":"2022-10-04T17:57:55","guid":{"rendered":"https:\/\/devsite.lsg-group.eu\/?page_id=1257"},"modified":"2022-11-01T17:19:14","modified_gmt":"2022-11-01T17:19:14","slug":"organizacija","status":"publish","type":"page","link":"https:\/\/www.lsg-group.eu\/web-ro\/hr\/o-nama\/organizacija\/","title":{"rendered":"Organizacija"},"content":{"rendered":"<p><strong>LSG Building Solutions SRL<\/strong><\/p>\n<p>&nbsp;<\/p>\n<p><strong>Direktor:<\/strong><\/p>\n<p>Gerhard Lipkovich<br \/>\n<a href=\"mailto:gerhard.lipkovich@lsg-group.eu\">gerhard.lipkovich@lsg-group.eu<\/a><\/p>\n<p>&nbsp;<\/p>\n<p><strong>Financije:<\/strong><\/p>\n<p>Raluca Neac\u015fu<br \/>\n<a href=\"mailto:raluca.neacsu@lsg-group.eu\">raluca.neacsu@lsg-group.eu<\/a><\/p>\n<p>&nbsp;<\/p>\n<p><strong>Tehnika:<\/strong><\/p>\n<p>Alexandru Filcenco<br \/>\n<a href=\"mailto:alexandru.filcenco@lsg-group.eu\">alexandru.filcenco@lsg-group.eu<\/a><\/p>\n<p>&nbsp;<\/p>\n<p><strong>Nabava:<\/strong><\/p>\n<p>Silviu Te\u015fu<br \/>\n<a href=\"mailto:silviu.tesu@lsg-group.eu\">silviu.tesu@lsg-group.eu<\/a><\/p>\n<p>&nbsp;<\/p>\n<p><strong>Administracija:<\/strong><\/p>\n<p>Raluca Neac\u015fu<br \/>\n<a href=\"mailto:raluca.neacsu@lsg-group.eu\">raluca.neacsu@lsg-group.eu<\/a><\/p>\n","protected":false},"excerpt":{"rendered":"<p>LSG Building Solutions SRL &nbsp; Direktor: Gerhard Lipkovich gerhard.lipkovich@lsg-group.eu &nbsp; Financije: Raluca Neac\u015fu raluca.neacsu@lsg-group.eu &nbsp; Tehnika: Alexandru Filcenco alexandru.filcenco@lsg-group.eu &nbsp; Nabava: Silviu Te\u015fu silviu.tesu@lsg-group.eu &nbsp; Administracija: Raluca Neac\u015fu raluca.neacsu@lsg-group.eu<\/p>\n","protected":false},"author":1,"featured_media":0,"parent":1259,"menu_order":0,"comment_status":"closed","ping_status":"closed","template":"contentpage_fullwidth_nohero.php","meta":[],"acf":[],"_links":{"self":[{"href":"https:\/\/www.lsg-group.eu\/web-ro\/wp-json\/wp\/v2\/pages\/1257"}],"collection":[{"href":"https:\/\/www.lsg-group.eu\/web-ro\/wp-json\/wp\/v2\/pages"}],"about":[{"href":"https:\/\/www.lsg-group.eu\/web-ro\/wp-json\/wp\/v2\/types\/page"}],"author":[{"embeddable":true,"href":"https:\/\/www.lsg-group.eu\/web-ro\/wp-json\/wp\/v2\/users\/1"}],"replies":[{"embeddable":true,"href":"https:\/\/www.lsg-group.eu\/web-ro\/wp-json\/wp\/v2\/comments?post=1257"}],"version-history":[{"count":8,"href":"https:\/\/www.lsg-group.eu\/web-ro\/wp-json\/wp\/v2\/pages\/1257\/revisions"}],"predecessor-version":[{"id":2344,"href":"https:\/\/www.lsg-group.eu\/web-ro\/wp-json\/wp\/v2\/pages\/1257\/revisions\/2344"}],"up":[{"embeddable":true,"href":"https:\/\/www.lsg-group.eu\/web-ro\/wp-json\/wp\/v2\/pages\/1259"}],"wp:attachment":[{"href":"https:\/\/www.lsg-group.eu\/web-ro\/wp-json\/wp\/v2\/media?parent=1257"}],"curies":[{"name":"wp","href":"https:\/\/api.w.org\/{rel}","templated":true}]}}