{"id":1322,"date":"2022-10-04T19:38:15","date_gmt":"2022-10-04T19:38:15","guid":{"rendered":"https:\/\/devsite.lsg-group.eu\/?page_id=1322"},"modified":"2022-10-04T19:39:03","modified_gmt":"2022-10-04T19:39:03","slug":"trziste","status":"publish","type":"page","link":"https:\/\/www.lsg-group.eu\/web-ro\/hr\/o-nama\/trziste\/","title":{"rendered":"Tr\u017ei\u0161te"},"content":{"rendered":"<h3>LSG GROUP ve\u0107 preko 10 godina djeluje na podru\u010dju srednjeg i isto\u010dnoeuropskog tr\u017ei\u0161ta.<\/h3>\n<p>Kako bismo svojim klijentima ponudili najbolji mogu\u0107i kontakt te poznavanje odgovaraju\u0107ih lokalnih standarda i propisa u svakoj zemlji na podru\u010dju elektro i strojarske tehnike rade lokalni timovi.<\/p>\n<p>U skladu s na\u010delom \u201efollow the customer\u201c \u2013 svoje internacionalne klijente pratimo u njihovoj ekspanziji i u one zemlje u kojima jo\u0161 ne raspola\u017eemo stalnom organizacijom, kao npr. u Njema\u010dkoj, Velikoj Britaniji, Bosni i Hercegovini.<\/p>\n","protected":false},"excerpt":{"rendered":"<p>LSG GROUP ve\u0107 preko 10 godina djeluje na podru\u010dju srednjeg i isto\u010dnoeuropskog tr\u017ei\u0161ta. Kako bismo svojim klijentima ponudili najbolji mogu\u0107i kontakt te poznavanje odgovaraju\u0107ih lokalnih standarda i propisa u svakoj zemlji na podru\u010dju elektro i strojarske tehnike rade lokalni timovi. U skladu s na\u010delom \u201efollow the customer\u201c \u2013 svoje internacionalne klijente pratimo u njihovoj ekspanziji [&hellip;]<\/p>\n","protected":false},"author":1,"featured_media":635,"parent":1259,"menu_order":0,"comment_status":"closed","ping_status":"closed","template":"contentpage_fullwidth.php","meta":[],"acf":[],"_links":{"self":[{"href":"https:\/\/www.lsg-group.eu\/web-ro\/wp-json\/wp\/v2\/pages\/1322"}],"collection":[{"href":"https:\/\/www.lsg-group.eu\/web-ro\/wp-json\/wp\/v2\/pages"}],"about":[{"href":"https:\/\/www.lsg-group.eu\/web-ro\/wp-json\/wp\/v2\/types\/page"}],"author":[{"embeddable":true,"href":"https:\/\/www.lsg-group.eu\/web-ro\/wp-json\/wp\/v2\/users\/1"}],"replies":[{"embeddable":true,"href":"https:\/\/www.lsg-group.eu\/web-ro\/wp-json\/wp\/v2\/comments?post=1322"}],"version-history":[{"count":2,"href":"https:\/\/www.lsg-group.eu\/web-ro\/wp-json\/wp\/v2\/pages\/1322\/revisions"}],"predecessor-version":[{"id":1324,"href":"https:\/\/www.lsg-group.eu\/web-ro\/wp-json\/wp\/v2\/pages\/1322\/revisions\/1324"}],"up":[{"embeddable":true,"href":"https:\/\/www.lsg-group.eu\/web-ro\/wp-json\/wp\/v2\/pages\/1259"}],"wp:featuredmedia":[{"embeddable":true,"href":"https:\/\/www.lsg-group.eu\/web-ro\/wp-json\/wp\/v2\/media\/635"}],"wp:attachment":[{"href":"https:\/\/www.lsg-group.eu\/web-ro\/wp-json\/wp\/v2\/media?parent=1322"}],"curies":[{"name":"wp","href":"https:\/\/api.w.org\/{rel}","templated":true}]}}