{"id":1499,"date":"2022-10-06T13:45:10","date_gmt":"2022-10-06T13:45:10","guid":{"rendered":"https:\/\/devsite.lsg-group.eu\/?page_id=1499"},"modified":"2022-10-07T23:15:20","modified_gmt":"2022-10-07T23:15:20","slug":"sprinkler","status":"publish","type":"page","link":"https:\/\/www.lsg-group.eu\/web-ro\/hr\/usluge\/sprinkler\/","title":{"rendered":"Protupo\u017earna za\u0161tita"},"content":{"rendered":"<p><strong>Protupo\u017earna za\u0161tita<\/strong><\/p>\n<p>Aktivna za\u0161tita od po\u017eara u zgradama, prije svega kod velikih projekata, vi\u0161e ne predstavlja samo tehni\u010dki nego, sve \u010de\u0161\u0107e, i arhitektonski izazov. Kori\u0161tenje vodenih zavjesa umjesto protupo\u017earnih vrata, kao i hidranata uklopljenih u arhitektonsko rje\u0161enje, samo su dvije od \u010desto razmatranih to\u010daka.<\/p>\n<p>Posebno lokalni propisi na razli\u010ditim tr\u017ei\u0161tima mnoge investitore dovode do o\u010daja. Na\u0161e poznavanje najrazli\u010ditijih regulativa stavljamo svojim klijentima na raspolaganje i poma\u017eemo im da kroz pravovremenu suradnju s nadle\u017enim institucijama prona\u0111u konfiguraciju postrojenja, koja je uskla\u0111ena s regulativom.<\/p>\n<div class=\"row\">\n<div class=\"sepperator col-lg-4 col-md-6 col-lg-4 col-xl-4 \">\n<div class=\"overflow\" style=\"min-height: 210px; height: 240px;\">\n<a href=\"\/wp-content\/uploads\/sites\/4\/2022\/10\/Sprinkler4.jpg\" data-lightbox=\"roadtrip\"><br \/>\n<img decoding=\"async\" class=\"img-fluid \" src=\"\/wp-content\/uploads\/sites\/4\/2022\/10\/Sprinkler4.jpg\" \/><br \/>\n<\/a><\/div>\n<\/div>\n<div class=\"sepperator col-lg-4 col-md-6 col-lg-4 col-xl-4 \">\n<div class=\"overflow\" style=\"min-height: 210px; height: 240px;\">\n<a href=\"\/wp-content\/uploads\/sites\/4\/2022\/10\/Sprinkler1.jpg\" data-lightbox=\"roadtrip\"><br \/>\n<img decoding=\"async\" class=\"img-fluid \" src=\"\/wp-content\/uploads\/sites\/4\/2022\/10\/Sprinkler1.jpg\" \/><br \/>\n<\/a><\/div>\n<\/div>\n<div class=\"sepperator col-lg-4 col-md-6 col-lg-4 col-xl-4 \">\n<div class=\"overflow\" style=\"min-height: 210px; height: 240px;\">\n<a href=\"\/wp-content\/uploads\/sites\/4\/2022\/10\/Sprinkler_008_WEB.jpg\" data-lightbox=\"roadtrip\"><br \/>\n<img decoding=\"async\" class=\"img-fluid \" src=\"\/wp-content\/uploads\/sites\/4\/2022\/10\/Sprinkler_008_WEB.jpg\" \/><br \/>\n<\/a><\/div>\n<\/div>\n<div class=\"sepperator col-lg-4 col-md-6 col-lg-4 col-xl-4 \">\n<div class=\"overflow\" style=\"min-height: 210px; height: 240px;\">\n<a href=\"\/wp-content\/uploads\/sites\/4\/2022\/10\/Sprinkler_004_WEB.jpg\" data-lightbox=\"roadtrip\"><br \/>\n<img decoding=\"async\" class=\"img-fluid \" src=\"\/wp-content\/uploads\/sites\/4\/2022\/10\/Sprinkler_004_WEB.jpg\" \/><br \/>\n<\/a><\/div>\n<\/div>\n<div class=\"sepperator col-lg-4 col-md-6 col-lg-4 col-xl-4 \">\n<div class=\"overflow\" style=\"min-height: 210px; height: 240px;\">\n<a href=\"\/wp-content\/uploads\/sites\/4\/2022\/10\/Sprinkler_003_WEB.jpg\" data-lightbox=\"roadtrip\"><br \/>\n<img decoding=\"async\" class=\"img-fluid \" src=\"\/wp-content\/uploads\/sites\/4\/2022\/10\/Sprinkler_003_WEB.jpg\" \/><br \/>\n<\/a><\/div>\n<\/div>\n<div class=\"sepperator col-lg-4 col-md-6 col-lg-4 col-xl-4 \">\n<div class=\"overflow\" style=\"min-height: 210px; height: 240px;\">\n<a href=\"\/wp-content\/uploads\/sites\/4\/2022\/10\/Sprinkler_002_WEB.jpg\" data-lightbox=\"roadtrip\"><br \/>\n<img decoding=\"async\" class=\"img-fluid \" src=\"\/wp-content\/uploads\/sites\/4\/2022\/10\/Sprinkler_002_WEB.jpg\" \/><br \/>\n<\/a><\/div>\n<\/div>\n<\/div>\n","protected":false},"excerpt":{"rendered":"<p>Protupo\u017earna za\u0161tita Aktivna za\u0161tita od po\u017eara u zgradama, prije svega kod velikih projekata, vi\u0161e ne predstavlja samo tehni\u010dki nego, sve \u010de\u0161\u0107e, i arhitektonski izazov. Kori\u0161tenje vodenih zavjesa umjesto protupo\u017earnih vrata, kao i hidranata uklopljenih u arhitektonsko rje\u0161enje, samo su dvije od \u010desto razmatranih to\u010daka. Posebno lokalni propisi na razli\u010ditim tr\u017ei\u0161tima mnoge investitore dovode do o\u010daja. [&hellip;]<\/p>\n","protected":false},"author":1,"featured_media":737,"parent":1270,"menu_order":0,"comment_status":"closed","ping_status":"closed","template":"contentpage_fullwidth.php","meta":[],"acf":[],"_links":{"self":[{"href":"https:\/\/www.lsg-group.eu\/web-ro\/wp-json\/wp\/v2\/pages\/1499"}],"collection":[{"href":"https:\/\/www.lsg-group.eu\/web-ro\/wp-json\/wp\/v2\/pages"}],"about":[{"href":"https:\/\/www.lsg-group.eu\/web-ro\/wp-json\/wp\/v2\/types\/page"}],"author":[{"embeddable":true,"href":"https:\/\/www.lsg-group.eu\/web-ro\/wp-json\/wp\/v2\/users\/1"}],"replies":[{"embeddable":true,"href":"https:\/\/www.lsg-group.eu\/web-ro\/wp-json\/wp\/v2\/comments?post=1499"}],"version-history":[{"count":5,"href":"https:\/\/www.lsg-group.eu\/web-ro\/wp-json\/wp\/v2\/pages\/1499\/revisions"}],"predecessor-version":[{"id":1745,"href":"https:\/\/www.lsg-group.eu\/web-ro\/wp-json\/wp\/v2\/pages\/1499\/revisions\/1745"}],"up":[{"embeddable":true,"href":"https:\/\/www.lsg-group.eu\/web-ro\/wp-json\/wp\/v2\/pages\/1270"}],"wp:featuredmedia":[{"embeddable":true,"href":"https:\/\/www.lsg-group.eu\/web-ro\/wp-json\/wp\/v2\/media\/737"}],"wp:attachment":[{"href":"https:\/\/www.lsg-group.eu\/web-ro\/wp-json\/wp\/v2\/media?parent=1499"}],"curies":[{"name":"wp","href":"https:\/\/api.w.org\/{rel}","templated":true}]}}