{"id":1520,"date":"2022-10-06T14:09:29","date_gmt":"2022-10-06T14:09:29","guid":{"rendered":"https:\/\/devsite.lsg-group.eu\/?page_id=1520"},"modified":"2022-10-14T16:51:21","modified_gmt":"2022-10-14T16:51:21","slug":"renewables","status":"publish","type":"page","link":"https:\/\/www.lsg-group.eu\/web-ro\/hr\/usluge\/renewables\/","title":{"rendered":"Obnovljivi izvori energije"},"content":{"rendered":"<p>Obzirom na sve ve\u0107u svjetsku populaciju i neproporcionalan porast \u00a0potro\u0161nje energije sve se vi\u0161e\u00a0 u svijetu tra\u017ee alternativni izvori umjesto primarnih izvora energije kao \u0161to su nafta ili plin. Diljem svijeta ljudi su ve\u0107 aktivni: smanjuju svoju potro\u0161nju fosilnih goriva, koriste \u010distu energiju \u00a0i predani su smanjenju emisije stakleni\u010dkih plinova. Ubla\u017eavanje \u00a0klimatskih promjena jedno je od najva\u017enijih pitanja na\u0161eg vremena.<\/p>\n<p>Fotonaponski sustavi: od sunca do elektri\u010dne energije bez dodatnih stakleni\u010dkih plinova u proizvodnji energije.<\/p>\n<p>LSG Group kao privatna, \u00a0neovisna tvrtka je postavila za cilj dati zna\u010dajan doprinos za\u0161titi klimatskih promjena na podru\u010dju obnovljivih izvora energije. Iz tog razloga, LSG Group se u posljednjih nekoliko godina sve vi\u0161e anga\u017eirala na izgradnji fotonaponskih elektrana.<\/p>\n<p>LSG Group projektira i gradi fotonaponske elektrane s ciljem da pro\u0161iri svijest\u00a0 kori\u0161tenja obnovljivih izvora energije i poticanje razvojnih politika kako u industrijaliziranim tako i u zemljama u razvoju. Iskustvo na me\u0111unarodnim elektranama i projektnim poslovima, na\u0161i tehni\u010dki stru\u010dnjaci, odgovoran projektni management sa kompletnom dokumentacijom, kao i veliki broj usluga \u201esve \u00a0iz jedne ruke\u201c klju\u010d su na\u0161eg uspjeha u izvo\u0111enju elektrana u \u00a0unaprijed odre\u0111enom vremenskom i investicijskom planu.<\/p>\n<div class=\"row\">\n<div class=\"sepperator col-lg-4 col-md-6 col-lg-4 col-xl-4 \">\n<div class=\"overflow\" style=\"min-height: 210px; height: 240px;\">\n<a href=\"\/wp-content\/uploads\/sites\/4\/2022\/10\/drohne_pv.jpg\" data-lightbox=\"roadtrip\"><br \/>\n<img decoding=\"async\" class=\"img-fluid \" src=\"\/wp-content\/uploads\/sites\/4\/2022\/10\/drohne_pv.jpg\" \/><br \/>\n<\/a><\/div>\n<\/div>\n<div class=\"sepperator col-lg-4 col-md-6 col-lg-4 col-xl-4 \">\n<div class=\"overflow\" style=\"min-height: 210px; height: 240px;\">\n<a href=\"\/wp-content\/uploads\/sites\/4\/2022\/10\/windpark_ue_2.jpg\" data-lightbox=\"roadtrip\"><br \/>\n<img decoding=\"async\" class=\"img-fluid \" src=\"\/wp-content\/uploads\/sites\/4\/2022\/10\/windpark_ue_2.jpg\" \/><br \/>\n<\/a><\/div>\n<\/div>\n<div class=\"sepperator col-lg-4 col-md-6 col-lg-4 col-xl-4 \">\n<div class=\"overflow\" style=\"min-height: 210px; height: 240px;\">\n<a href=\"\/wp-content\/uploads\/sites\/4\/2022\/10\/bulgarien_pv.jpg\" data-lightbox=\"roadtrip\"><br \/>\n<img decoding=\"async\" class=\"img-fluid \" src=\"\/wp-content\/uploads\/sites\/4\/2022\/10\/bulgarien_pv.jpg\" \/><br \/>\n<\/a><\/div>\n<\/div>\n<div class=\"sepperator col-lg-4 col-md-6 col-lg-4 col-xl-4 \">\n<div class=\"overflow\" style=\"min-height: 210px; height: 240px;\">\n<a href=\"\/wp-content\/uploads\/sites\/4\/2022\/10\/pv_feld_aufnahme.jpg\" data-lightbox=\"roadtrip\"><br \/>\n<img decoding=\"async\" class=\"img-fluid \" src=\"\/wp-content\/uploads\/sites\/4\/2022\/10\/pv_feld_aufnahme.jpg\" \/><br \/>\n<\/a><\/div>\n<\/div>\n<div class=\"sepperator col-lg-4 col-md-6 col-lg-4 col-xl-4 \">\n<div class=\"overflow\" style=\"min-height: 210px; height: 240px;\">\n<a href=\"\/wp-content\/uploads\/sites\/4\/2022\/10\/renewables_ue_2.jpg\" data-lightbox=\"roadtrip\"><br \/>\n<img decoding=\"async\" class=\"img-fluid \" src=\"\/wp-content\/uploads\/sites\/4\/2022\/10\/renewables_ue_2.jpg\" \/><br \/>\n<\/a><\/div>\n<\/div>\n<div class=\"sepperator col-lg-4 col-md-6 col-lg-4 col-xl-4 \">\n<div class=\"overflow\" style=\"min-height: 210px; height: 240px;\">\n<a href=\"\/wp-content\/uploads\/sites\/4\/2022\/10\/renewables_ue_1.jpg\" data-lightbox=\"roadtrip\"><br \/>\n<img decoding=\"async\" class=\"img-fluid \" src=\"\/wp-content\/uploads\/sites\/4\/2022\/10\/renewables_ue_1.jpg\" \/><br \/>\n<\/a><\/div>\n<\/div>\n<\/div>\n","protected":false},"excerpt":{"rendered":"<p>Obzirom na sve ve\u0107u svjetsku populaciju i neproporcionalan porast \u00a0potro\u0161nje energije sve se vi\u0161e\u00a0 u svijetu tra\u017ee alternativni izvori umjesto primarnih izvora energije kao \u0161to su nafta ili plin. Diljem svijeta ljudi su ve\u0107 aktivni: smanjuju svoju potro\u0161nju fosilnih goriva, koriste \u010distu energiju \u00a0i predani su smanjenju emisije stakleni\u010dkih plinova. Ubla\u017eavanje \u00a0klimatskih promjena jedno je [&hellip;]<\/p>\n","protected":false},"author":1,"featured_media":744,"parent":1270,"menu_order":0,"comment_status":"closed","ping_status":"closed","template":"contentpage_fullwidth.php","meta":[],"acf":[],"_links":{"self":[{"href":"https:\/\/www.lsg-group.eu\/web-ro\/wp-json\/wp\/v2\/pages\/1520"}],"collection":[{"href":"https:\/\/www.lsg-group.eu\/web-ro\/wp-json\/wp\/v2\/pages"}],"about":[{"href":"https:\/\/www.lsg-group.eu\/web-ro\/wp-json\/wp\/v2\/types\/page"}],"author":[{"embeddable":true,"href":"https:\/\/www.lsg-group.eu\/web-ro\/wp-json\/wp\/v2\/users\/1"}],"replies":[{"embeddable":true,"href":"https:\/\/www.lsg-group.eu\/web-ro\/wp-json\/wp\/v2\/comments?post=1520"}],"version-history":[{"count":3,"href":"https:\/\/www.lsg-group.eu\/web-ro\/wp-json\/wp\/v2\/pages\/1520\/revisions"}],"predecessor-version":[{"id":2256,"href":"https:\/\/www.lsg-group.eu\/web-ro\/wp-json\/wp\/v2\/pages\/1520\/revisions\/2256"}],"up":[{"embeddable":true,"href":"https:\/\/www.lsg-group.eu\/web-ro\/wp-json\/wp\/v2\/pages\/1270"}],"wp:featuredmedia":[{"embeddable":true,"href":"https:\/\/www.lsg-group.eu\/web-ro\/wp-json\/wp\/v2\/media\/744"}],"wp:attachment":[{"href":"https:\/\/www.lsg-group.eu\/web-ro\/wp-json\/wp\/v2\/media?parent=1520"}],"curies":[{"name":"wp","href":"https:\/\/api.w.org\/{rel}","templated":true}]}}