{"id":1628,"date":"2022-10-07T13:22:28","date_gmt":"2022-10-07T13:22:28","guid":{"rendered":"https:\/\/devsite.lsg-group.eu\/home-en-romana\/"},"modified":"2023-04-03T15:44:07","modified_gmt":"2023-04-03T15:44:07","slug":"home-en-romana","status":"publish","type":"page","link":"https:\/\/www.lsg-group.eu\/web-ro\/","title":{"rendered":"Home RO"},"content":{"rendered":"<h1>Bun venit!<\/h1>\n<p>Bun venit la LSG GROUP, partenerul dumneavoastr\u0103 pentru tehnologiile integrate de construc\u0163ie, proiectele tehnice de infrastructur\u0103 tehnic\u0103 \u015fi proiectele de energie regenerabil\u0103.<\/p>\n<p>Prin abordarea noastr\u0103 pentru \u00eentreg ciclul de via\u0163\u0103 suntem \u00een m\u0103sur\u0103 s\u0103 oferim clien\u0163ilor no\u015ftri proiecte la cheie \u00eencep\u00e2nd de la consultan\u0163\u0103, elaborare \u0219i design de proiect, la execu\u0163ie \u015fi Exploatare \u015fi \u00centre\u0163inere.<\/p>\n<p>Datorit\u0103 prezen\u0163ei noastre \u00een mai multe \u0163ari \u00een Europa Central\u0103 \u015fi de Est, LSG GROUP ofer\u0103 partenerilor \u015fi clien\u0163ilor interna\u0163ionali know-how-ul local, procedurile \u015fi normele, realizarea de \u00eenalt\u0103 calitate a proiectelor, \u00een cea mai mare m\u0103sur\u0103 posibil\u0103.<\/p>\n<p>Av\u00e2nd un num\u0103r semnificativ de proiecte dezvoltate la scar\u0103 larg\u0103 pe toate pie\u0163ele principale,  \u00een ultimii ani, am dovedit povestea de succes a conceptului nostru.<\/p>\n<p>Descoperi\u0163i singuri!<\/p>\n","protected":false},"excerpt":{"rendered":"<p>Bun venit! Bun venit la LSG GROUP, partenerul dumneavoastr\u0103 pentru tehnologiile integrate de construc\u0163ie, proiectele tehnice de infrastructur\u0103 tehnic\u0103 \u015fi proiectele de energie regenerabil\u0103. Prin abordarea noastr\u0103 pentru \u00eentreg ciclul de via\u0163\u0103 suntem \u00een m\u0103sur\u0103 s\u0103 oferim clien\u0163ilor no\u015ftri proiecte la cheie \u00eencep\u00e2nd de la consultan\u0163\u0103, elaborare \u0219i design de proiect, la execu\u0163ie \u015fi Exploatare [&hellip;]<\/p>\n","protected":false},"author":1,"featured_media":652,"parent":0,"menu_order":0,"comment_status":"closed","ping_status":"closed","template":"","meta":[],"acf":[],"_links":{"self":[{"href":"https:\/\/www.lsg-group.eu\/web-ro\/wp-json\/wp\/v2\/pages\/1628"}],"collection":[{"href":"https:\/\/www.lsg-group.eu\/web-ro\/wp-json\/wp\/v2\/pages"}],"about":[{"href":"https:\/\/www.lsg-group.eu\/web-ro\/wp-json\/wp\/v2\/types\/page"}],"author":[{"embeddable":true,"href":"https:\/\/www.lsg-group.eu\/web-ro\/wp-json\/wp\/v2\/users\/1"}],"replies":[{"embeddable":true,"href":"https:\/\/www.lsg-group.eu\/web-ro\/wp-json\/wp\/v2\/comments?post=1628"}],"version-history":[{"count":9,"href":"https:\/\/www.lsg-group.eu\/web-ro\/wp-json\/wp\/v2\/pages\/1628\/revisions"}],"predecessor-version":[{"id":2894,"href":"https:\/\/www.lsg-group.eu\/web-ro\/wp-json\/wp\/v2\/pages\/1628\/revisions\/2894"}],"wp:featuredmedia":[{"embeddable":true,"href":"https:\/\/www.lsg-group.eu\/web-ro\/wp-json\/wp\/v2\/media\/652"}],"wp:attachment":[{"href":"https:\/\/www.lsg-group.eu\/web-ro\/wp-json\/wp\/v2\/media?parent=1628"}],"curies":[{"name":"wp","href":"https:\/\/api.w.org\/{rel}","templated":true}]}}