{"id":1630,"date":"2022-10-07T13:33:33","date_gmt":"2022-10-07T13:33:33","guid":{"rendered":"https:\/\/devsite.lsg-group.eu\/?page_id=1630"},"modified":"2022-11-01T19:10:27","modified_gmt":"2022-11-01T19:10:27","slug":"o-nama-2","status":"publish","type":"page","link":"https:\/\/www.lsg-group.eu\/web-ro\/sr\/o-nama-2\/","title":{"rendered":"O nama"},"content":{"rendered":"<p>LSG GROUP prisutna je u Rumuniji sa filijalom i lokalnim preduze\u0107em od godine 2006. Firma LSG Building Solutions S.R.L. brzo se razvila u jednog od vode\u0107ih pru\u017eaoca mehani\u010dkih i elektro usluga u Rumuniji. Sa \u00a0na\u0161e lokacije u centru Bukure\u0161ta opslu\u017eujemo kompletno rumunsko tr\u017ei\u0161te.<\/p>\n<p>LSG GROUP je sposoban i pouzdan partner za mehani\u010dke i elektro usluge te automatizaciju za na\u0161e klijente u industriji i trgovini. Mo\u017eemo da ponudimo i usluge u projektima obnovljive energije, kao \u0161to su vetroelektrane, solarne elektrane, itd., kao i celokupni razvoj i izgradnju (in\u017eenjering, nabavka, izgradnja) te rad i odr\u017eavanje.<\/p>\n","protected":false},"excerpt":{"rendered":"<p>LSG GROUP prisutna je u Rumuniji sa filijalom i lokalnim preduze\u0107em od godine 2006. Firma LSG Building Solutions S.R.L. brzo se razvila u jednog od vode\u0107ih pru\u017eaoca mehani\u010dkih i elektro usluga u Rumuniji. Sa \u00a0na\u0161e lokacije u centru Bukure\u0161ta opslu\u017eujemo kompletno rumunsko tr\u017ei\u0161te. LSG GROUP je sposoban i pouzdan partner za mehani\u010dke i elektro usluge [&hellip;]<\/p>\n","protected":false},"author":1,"featured_media":588,"parent":0,"menu_order":0,"comment_status":"closed","ping_status":"closed","template":"contentpage_fullwidth.php","meta":[],"acf":[],"_links":{"self":[{"href":"https:\/\/www.lsg-group.eu\/web-ro\/wp-json\/wp\/v2\/pages\/1630"}],"collection":[{"href":"https:\/\/www.lsg-group.eu\/web-ro\/wp-json\/wp\/v2\/pages"}],"about":[{"href":"https:\/\/www.lsg-group.eu\/web-ro\/wp-json\/wp\/v2\/types\/page"}],"author":[{"embeddable":true,"href":"https:\/\/www.lsg-group.eu\/web-ro\/wp-json\/wp\/v2\/users\/1"}],"replies":[{"embeddable":true,"href":"https:\/\/www.lsg-group.eu\/web-ro\/wp-json\/wp\/v2\/comments?post=1630"}],"version-history":[{"count":5,"href":"https:\/\/www.lsg-group.eu\/web-ro\/wp-json\/wp\/v2\/pages\/1630\/revisions"}],"predecessor-version":[{"id":2418,"href":"https:\/\/www.lsg-group.eu\/web-ro\/wp-json\/wp\/v2\/pages\/1630\/revisions\/2418"}],"wp:featuredmedia":[{"embeddable":true,"href":"https:\/\/www.lsg-group.eu\/web-ro\/wp-json\/wp\/v2\/media\/588"}],"wp:attachment":[{"href":"https:\/\/www.lsg-group.eu\/web-ro\/wp-json\/wp\/v2\/media?parent=1630"}],"curies":[{"name":"wp","href":"https:\/\/api.w.org\/{rel}","templated":true}]}}