{"id":1831,"date":"2022-10-08T19:50:24","date_gmt":"2022-10-08T19:50:24","guid":{"rendered":"https:\/\/devsite.lsg-group.eu\/?page_id=1831"},"modified":"2022-10-08T19:50:24","modified_gmt":"2022-10-08T19:50:24","slug":"trziste","status":"publish","type":"page","link":"https:\/\/www.lsg-group.eu\/web-ro\/sr\/o-nama-2\/trziste\/","title":{"rendered":"Tr\u017ei\u0161te"},"content":{"rendered":"<p>LSG GROUP ve\u0107 preko 10 godina deluje na podru\u010dju srednjeg i isto\u010dnoevropskih tr\u017ei\u0161ta .<\/p>\n<p>Kako bismo svojim klijentima ponudili najbolji mogu\u0107i kontakt i poznavanje odgovaraju\u0107ih lokalnih standarda i propisa u svakoj zemlji na podru\u010dju elektro i ma\u0161inske tehnike rade lokalni timovi.<\/p>\n<p>U skladu sa na\u010delom \u201efollow the customer\u201c \u2013 pratimo svoje internacionalne klijente u njihovoj ekspanziji i u onim zemljama u kojima jo\u0161 ne raspola\u017eemo stalnom organizacijom, kao npr. u Nema\u010dkoj, Velikoj Britaniji, Bosni i Hercegovini.<\/p>\n","protected":false},"excerpt":{"rendered":"<p>LSG GROUP ve\u0107 preko 10 godina deluje na podru\u010dju srednjeg i isto\u010dnoevropskih tr\u017ei\u0161ta . Kako bismo svojim klijentima ponudili najbolji mogu\u0107i kontakt i poznavanje odgovaraju\u0107ih lokalnih standarda i propisa u svakoj zemlji na podru\u010dju elektro i ma\u0161inske tehnike rade lokalni timovi. U skladu sa na\u010delom \u201efollow the customer\u201c \u2013 pratimo svoje internacionalne klijente u njihovoj [&hellip;]<\/p>\n","protected":false},"author":1,"featured_media":635,"parent":1630,"menu_order":0,"comment_status":"closed","ping_status":"closed","template":"contentpage_fullwidth.php","meta":[],"acf":[],"_links":{"self":[{"href":"https:\/\/www.lsg-group.eu\/web-ro\/wp-json\/wp\/v2\/pages\/1831"}],"collection":[{"href":"https:\/\/www.lsg-group.eu\/web-ro\/wp-json\/wp\/v2\/pages"}],"about":[{"href":"https:\/\/www.lsg-group.eu\/web-ro\/wp-json\/wp\/v2\/types\/page"}],"author":[{"embeddable":true,"href":"https:\/\/www.lsg-group.eu\/web-ro\/wp-json\/wp\/v2\/users\/1"}],"replies":[{"embeddable":true,"href":"https:\/\/www.lsg-group.eu\/web-ro\/wp-json\/wp\/v2\/comments?post=1831"}],"version-history":[{"count":1,"href":"https:\/\/www.lsg-group.eu\/web-ro\/wp-json\/wp\/v2\/pages\/1831\/revisions"}],"predecessor-version":[{"id":1832,"href":"https:\/\/www.lsg-group.eu\/web-ro\/wp-json\/wp\/v2\/pages\/1831\/revisions\/1832"}],"up":[{"embeddable":true,"href":"https:\/\/www.lsg-group.eu\/web-ro\/wp-json\/wp\/v2\/pages\/1630"}],"wp:featuredmedia":[{"embeddable":true,"href":"https:\/\/www.lsg-group.eu\/web-ro\/wp-json\/wp\/v2\/media\/635"}],"wp:attachment":[{"href":"https:\/\/www.lsg-group.eu\/web-ro\/wp-json\/wp\/v2\/media?parent=1831"}],"curies":[{"name":"wp","href":"https:\/\/api.w.org\/{rel}","templated":true}]}}