{"id":1845,"date":"2022-10-09T15:21:45","date_gmt":"2022-10-09T15:21:45","guid":{"rendered":"https:\/\/devsite.lsg-group.eu\/?page_id=1845"},"modified":"2023-04-04T09:54:39","modified_gmt":"2023-04-04T09:54:39","slug":"despre-noi","status":"publish","type":"page","link":"https:\/\/www.lsg-group.eu\/web-ro\/despre-noi\/","title":{"rendered":"Despre noi"},"content":{"rendered":"<p>LSG Group este prezent cu o filial\u0103 \u00een Rom\u00e2nia din anul 2006. LSG Building Solutions S.R.L. s-a dezvoltat rapid ca unul dintre cei mai importan\u021bi furnizori de servicii mecanice \u0219i electrice din Rom\u00e2nia. Din loca\u021bia noastr\u0103, situat\u0103 \u00een centrul Bucure\u0219tiului, deservim \u00een totalitate pia\u021ba romaneasc\u0103.<\/p>\n<p>LSG Group este un partener competent \u0219i de \u00eencredere pentru servicii de M&amp;E \u0219i automatizare pentru clien\u021bii industriali \u0219i comerciali. Noi va putem oferi, de asemenea, servicii pentru proiecte de energie regenerabil\u0103, cum ar fi parcuri eoliene, centrale electrice fotovoltaice, etc. \u00eencep\u00e2nd cu dezvoltarea, asigurarea de servicii de construc\u021bii ca EPC \u0219i servicii de operare \u0219i \u00eentre\u021binere (O&amp;M).<\/p>\n","protected":false},"excerpt":{"rendered":"<p>LSG Group este prezent cu o filial\u0103 \u00een Rom\u00e2nia din anul 2006. LSG Building Solutions S.R.L. s-a dezvoltat rapid ca unul dintre cei mai importan\u021bi furnizori de servicii mecanice \u0219i electrice din Rom\u00e2nia. Din loca\u021bia noastr\u0103, situat\u0103 \u00een centrul Bucure\u0219tiului, deservim \u00een totalitate pia\u021ba romaneasc\u0103. LSG Group este un partener competent \u0219i de \u00eencredere pentru [&hellip;]<\/p>\n","protected":false},"author":1,"featured_media":588,"parent":0,"menu_order":0,"comment_status":"closed","ping_status":"closed","template":"contentpage_fullwidth.php","meta":[],"acf":[],"_links":{"self":[{"href":"https:\/\/www.lsg-group.eu\/web-ro\/wp-json\/wp\/v2\/pages\/1845"}],"collection":[{"href":"https:\/\/www.lsg-group.eu\/web-ro\/wp-json\/wp\/v2\/pages"}],"about":[{"href":"https:\/\/www.lsg-group.eu\/web-ro\/wp-json\/wp\/v2\/types\/page"}],"author":[{"embeddable":true,"href":"https:\/\/www.lsg-group.eu\/web-ro\/wp-json\/wp\/v2\/users\/1"}],"replies":[{"embeddable":true,"href":"https:\/\/www.lsg-group.eu\/web-ro\/wp-json\/wp\/v2\/comments?post=1845"}],"version-history":[{"count":6,"href":"https:\/\/www.lsg-group.eu\/web-ro\/wp-json\/wp\/v2\/pages\/1845\/revisions"}],"predecessor-version":[{"id":2922,"href":"https:\/\/www.lsg-group.eu\/web-ro\/wp-json\/wp\/v2\/pages\/1845\/revisions\/2922"}],"wp:featuredmedia":[{"embeddable":true,"href":"https:\/\/www.lsg-group.eu\/web-ro\/wp-json\/wp\/v2\/media\/588"}],"wp:attachment":[{"href":"https:\/\/www.lsg-group.eu\/web-ro\/wp-json\/wp\/v2\/media?parent=1845"}],"curies":[{"name":"wp","href":"https:\/\/api.w.org\/{rel}","templated":true}]}}