{"id":1865,"date":"2022-10-09T19:55:49","date_gmt":"2022-10-09T19:55:49","guid":{"rendered":"https:\/\/devsite.lsg-group.eu\/?page_id=1865"},"modified":"2023-03-16T15:31:44","modified_gmt":"2023-03-16T15:31:44","slug":"cariere","status":"publish","type":"page","link":"https:\/\/www.lsg-group.eu\/web-ro\/cariere\/","title":{"rendered":"Cariere"},"content":{"rendered":"<h1><strong>CARIERA TA LA LSG GROUP<\/strong><\/h1>\n<p>LSG GROUP este un partener competent \u0219i de \u00eencredere \u00een domeniul ingineriei electrice, al serviciilor de construc\u021bii, al automatiz\u0103rii pentru clien\u021bii industriali \u0219i comerciali, precum \u0219i al energiilor regenerabile, av\u00e2nd sediul central \u00een Viena \u00eenc\u0103 din 1997.<\/p>\n<h3><strong>Po\u021bi aplica acum!<\/strong><\/h3>\n<p>Fie c\u0103 vrei s\u0103 acumulezi experien\u021b\u0103,  s\u0103-\u021bi schimbi cariera sau s\u0103 \u00eencepi una.<\/p>\n<p><strong>Aplica\u021bii\/ CV-uri direct la: office.bucharest@lsg-group.eu<\/strong><\/p>\n","protected":false},"excerpt":{"rendered":"<p>CARIERA TA LA LSG GROUP LSG GROUP este un partener competent \u0219i de \u00eencredere \u00een domeniul ingineriei electrice, al serviciilor de construc\u021bii, al automatiz\u0103rii pentru clien\u021bii industriali \u0219i comerciali, precum \u0219i al energiilor regenerabile, av\u00e2nd sediul central \u00een Viena \u00eenc\u0103 din 1997. Po\u021bi aplica acum! Fie c\u0103 vrei s\u0103 acumulezi experien\u021b\u0103, s\u0103-\u021bi schimbi cariera sau [&hellip;]<\/p>\n","protected":false},"author":1,"featured_media":575,"parent":0,"menu_order":0,"comment_status":"closed","ping_status":"closed","template":"contentpage_fullwidth.php","meta":[],"acf":[],"_links":{"self":[{"href":"https:\/\/www.lsg-group.eu\/web-ro\/wp-json\/wp\/v2\/pages\/1865"}],"collection":[{"href":"https:\/\/www.lsg-group.eu\/web-ro\/wp-json\/wp\/v2\/pages"}],"about":[{"href":"https:\/\/www.lsg-group.eu\/web-ro\/wp-json\/wp\/v2\/types\/page"}],"author":[{"embeddable":true,"href":"https:\/\/www.lsg-group.eu\/web-ro\/wp-json\/wp\/v2\/users\/1"}],"replies":[{"embeddable":true,"href":"https:\/\/www.lsg-group.eu\/web-ro\/wp-json\/wp\/v2\/comments?post=1865"}],"version-history":[{"count":5,"href":"https:\/\/www.lsg-group.eu\/web-ro\/wp-json\/wp\/v2\/pages\/1865\/revisions"}],"predecessor-version":[{"id":2852,"href":"https:\/\/www.lsg-group.eu\/web-ro\/wp-json\/wp\/v2\/pages\/1865\/revisions\/2852"}],"wp:featuredmedia":[{"embeddable":true,"href":"https:\/\/www.lsg-group.eu\/web-ro\/wp-json\/wp\/v2\/media\/575"}],"wp:attachment":[{"href":"https:\/\/www.lsg-group.eu\/web-ro\/wp-json\/wp\/v2\/media?parent=1865"}],"curies":[{"name":"wp","href":"https:\/\/api.w.org\/{rel}","templated":true}]}}