{"id":1931,"date":"2022-10-10T20:28:03","date_gmt":"2022-10-10T20:28:03","guid":{"rendered":"https:\/\/devsite.lsg-group.eu\/?page_id=1931"},"modified":"2022-11-01T17:20:34","modified_gmt":"2022-11-01T17:20:34","slug":"organizare","status":"publish","type":"page","link":"https:\/\/www.lsg-group.eu\/web-ro\/despre-noi\/organizare\/","title":{"rendered":"Organizare"},"content":{"rendered":"<p><strong>LSG Building Solutions SRL<\/strong><\/p>\n<p>&nbsp;<\/p>\n<p><strong>Conducere:<\/strong><\/p>\n<p>Gerhard Lipkovich<br \/>\n<a href=\"mailto:gerhard.lipkovich@lsg-group.eu\">gerhard.lipkovich@lsg-group.eu<\/a><\/p>\n<p>&nbsp;<\/p>\n<p><strong>Finan\u0163e:<\/strong><\/p>\n<p>Raluca Neac\u015fu<br \/>\n<a href=\"mailto:raluca.neacsu@lsg-group.eu\">raluca.neacsu@lsg-group.eu<\/a><\/p>\n<p>&nbsp;<\/p>\n<p><strong>Tehnic:<\/strong><\/p>\n<p>Alexandru Filcenco<br \/>\n<a href=\"mailto:alexandru.filcenco@lsg-group.eu\">alexandru.filcenco@lsg-group.eu<\/a><\/p>\n<p>&nbsp;<\/p>\n<p><strong>Achizi\u0163ii:<\/strong><\/p>\n<p>Silviu Te\u015fu<br \/>\n<a href=\"mailto:silviu.tesu@lsg-group.eu\">silviu.tesu@lsg-group.eu<\/a><\/p>\n<p>&nbsp;<\/p>\n<p><strong>Administra\u0163ie:<\/strong><\/p>\n<p>Raluca Neac\u015fu<br \/>\n<a href=\"mailto:raluca.neacsu@lsg-group.eu\">raluca.neacsu@lsg-group.eu<\/a><\/p>\n","protected":false},"excerpt":{"rendered":"<p>LSG Building Solutions SRL &nbsp; Conducere: Gerhard Lipkovich gerhard.lipkovich@lsg-group.eu &nbsp; Finan\u0163e: Raluca Neac\u015fu raluca.neacsu@lsg-group.eu &nbsp; Tehnic: Alexandru Filcenco alexandru.filcenco@lsg-group.eu &nbsp; Achizi\u0163ii: Silviu Te\u015fu silviu.tesu@lsg-group.eu &nbsp; Administra\u0163ie: Raluca Neac\u015fu raluca.neacsu@lsg-group.eu<\/p>\n","protected":false},"author":1,"featured_media":0,"parent":1845,"menu_order":0,"comment_status":"closed","ping_status":"closed","template":"contentpage_fullwidth_nohero.php","meta":[],"acf":[],"_links":{"self":[{"href":"https:\/\/www.lsg-group.eu\/web-ro\/wp-json\/wp\/v2\/pages\/1931"}],"collection":[{"href":"https:\/\/www.lsg-group.eu\/web-ro\/wp-json\/wp\/v2\/pages"}],"about":[{"href":"https:\/\/www.lsg-group.eu\/web-ro\/wp-json\/wp\/v2\/types\/page"}],"author":[{"embeddable":true,"href":"https:\/\/www.lsg-group.eu\/web-ro\/wp-json\/wp\/v2\/users\/1"}],"replies":[{"embeddable":true,"href":"https:\/\/www.lsg-group.eu\/web-ro\/wp-json\/wp\/v2\/comments?post=1931"}],"version-history":[{"count":6,"href":"https:\/\/www.lsg-group.eu\/web-ro\/wp-json\/wp\/v2\/pages\/1931\/revisions"}],"predecessor-version":[{"id":2345,"href":"https:\/\/www.lsg-group.eu\/web-ro\/wp-json\/wp\/v2\/pages\/1931\/revisions\/2345"}],"up":[{"embeddable":true,"href":"https:\/\/www.lsg-group.eu\/web-ro\/wp-json\/wp\/v2\/pages\/1845"}],"wp:attachment":[{"href":"https:\/\/www.lsg-group.eu\/web-ro\/wp-json\/wp\/v2\/media?parent=1931"}],"curies":[{"name":"wp","href":"https:\/\/api.w.org\/{rel}","templated":true}]}}