{"id":1988,"date":"2022-10-10T21:36:35","date_gmt":"2022-10-10T21:36:35","guid":{"rendered":"https:\/\/devsite.lsg-group.eu\/?page_id=1988"},"modified":"2022-10-10T21:36:35","modified_gmt":"2022-10-10T21:36:35","slug":"automatizarea","status":"publish","type":"page","link":"https:\/\/www.lsg-group.eu\/web-ro\/servicii\/automatizarea\/","title":{"rendered":"Automatizarea"},"content":{"rendered":"<p>Combin\u0103m toate tehnologiile moderne de comunicare \u015fi automatizare cu experien\u0163a noastr\u0103 extins\u0103 \u00een ceea ce prive\u015fte sistemele de control si automatizare dintr-o cladire.<\/p>\n<p>Tehnicienii no\u015ftri extrem de bine preg\u0103ti\u0163i, cu vast\u0103 experien\u0163\u0103, solu\u0163ioneaz\u0103 probleme complicate,   complexe \u015fi interdisciplinare.<\/p>\n<p>Suportul pentru toate tehnologiile de comunicare open-source \u015fi BUS, \u00eempreun\u0103 cu libera alegere a produsului ne permite s\u0103 fim un partener extreme de flexibil, capabil s\u0103 \u00eendeplinim in totalitate dorin\u0163ele clien\u0163ilor no\u015ftri.<\/p>\n","protected":false},"excerpt":{"rendered":"<p>Combin\u0103m toate tehnologiile moderne de comunicare \u015fi automatizare cu experien\u0163a noastr\u0103 extins\u0103 \u00een ceea ce prive\u015fte sistemele de control si automatizare dintr-o cladire. Tehnicienii no\u015ftri extrem de bine preg\u0103ti\u0163i, cu vast\u0103 experien\u0163\u0103, solu\u0163ioneaz\u0103 probleme complicate, complexe \u015fi interdisciplinare. Suportul pentru toate tehnologiile de comunicare open-source \u015fi BUS, \u00eempreun\u0103 cu libera alegere a produsului ne permite [&hellip;]<\/p>\n","protected":false},"author":1,"featured_media":1565,"parent":1853,"menu_order":0,"comment_status":"closed","ping_status":"closed","template":"contentpage_fullwidth.php","meta":[],"acf":[],"_links":{"self":[{"href":"https:\/\/www.lsg-group.eu\/web-ro\/wp-json\/wp\/v2\/pages\/1988"}],"collection":[{"href":"https:\/\/www.lsg-group.eu\/web-ro\/wp-json\/wp\/v2\/pages"}],"about":[{"href":"https:\/\/www.lsg-group.eu\/web-ro\/wp-json\/wp\/v2\/types\/page"}],"author":[{"embeddable":true,"href":"https:\/\/www.lsg-group.eu\/web-ro\/wp-json\/wp\/v2\/users\/1"}],"replies":[{"embeddable":true,"href":"https:\/\/www.lsg-group.eu\/web-ro\/wp-json\/wp\/v2\/comments?post=1988"}],"version-history":[{"count":1,"href":"https:\/\/www.lsg-group.eu\/web-ro\/wp-json\/wp\/v2\/pages\/1988\/revisions"}],"predecessor-version":[{"id":1989,"href":"https:\/\/www.lsg-group.eu\/web-ro\/wp-json\/wp\/v2\/pages\/1988\/revisions\/1989"}],"up":[{"embeddable":true,"href":"https:\/\/www.lsg-group.eu\/web-ro\/wp-json\/wp\/v2\/pages\/1853"}],"wp:featuredmedia":[{"embeddable":true,"href":"https:\/\/www.lsg-group.eu\/web-ro\/wp-json\/wp\/v2\/media\/1565"}],"wp:attachment":[{"href":"https:\/\/www.lsg-group.eu\/web-ro\/wp-json\/wp\/v2\/media?parent=1988"}],"curies":[{"name":"wp","href":"https:\/\/api.w.org\/{rel}","templated":true}]}}