{"id":2048,"date":"2022-10-11T15:08:49","date_gmt":"2022-10-11T15:08:49","guid":{"rendered":"https:\/\/devsite.lsg-group.eu\/?page_id=2048"},"modified":"2023-04-04T13:09:15","modified_gmt":"2023-04-04T13:09:15","slug":"intimitate","status":"publish","type":"page","link":"https:\/\/www.lsg-group.eu\/web-ro\/despre-noi\/intimitate\/","title":{"rendered":"INTIMITATE"},"content":{"rendered":"<p><strong>DECLARA\u021alA DE PROTEC\u021aIE\u00a0A DATELOR ONLINE<br \/>\n<\/strong><br \/>\n<strong>1. Scop protec\u021bia datelor personale<\/strong><\/p>\n<p>SC LSG BUILDING SOLUTIONS SRL, cu sediul \u00een Bucuresti, Bd. Tudor Vladimirescu, nr. 22, sector 5<\/p>\n<p>Tel: 021.207.90.90; fax: 021.224.59.57;\u00a0<a href=\"https:\/\/www.lsg-group.eu\/\">https:\/\/www.lsg-group.eu\/<\/a><\/p>\n<p>CIF RO 27343230; J40\/8315\/02.09.2010<\/p>\n<p>R092 RZBR OOOO 0600 1286 0452 Raiffeisen Bank-Ag. Domenii Bucuresti<\/p>\n<p>Adresa email:\u00a0<a href=\"mailto:office.bucharest@lsg-group.eu\">office.bucharest@lsg-group.eu<\/a><\/p>\n<p><strong>NOT\u0102 DE INFORMARE PRIVIND PROTEC\u021aIA DATELOR PERSONALE<\/strong><\/p>\n<p>Site-ul web\u00a0<a href=\"http:\/\/www.lsg-group.eu\/\">http:\/\/www.lsg-group.eu<\/a> apar\u021bine \u0219i este administrat de c\u0103tre SC LSG BUILDING SOLUTIONS SRL, companie rom\u00e2neasc\u0103, care poate fi contactat\u0103 \u00een urmatorele moduri:<\/p>\n<ul>\n<li>telefonic: 021.207.90.90<\/li>\n<li>e-mail:\u00a0<a href=\"mailto:office.bucharest@lsg-group.eu\">office.bucharest@lsg-group.eu<\/a><\/li>\n<li>la adresa: Bd. Tudor Vladimirescu, nr. 22, sector 5, Bucure\u0219ti<\/li>\n<\/ul>\n<p>Date \u00a0fiscale: \u00a0SC \u00a0LSG \u00a0BUILDING \u00a0SOLUTIONS\u00a0SRL, \u00a0CIF \u00a0RO27343230, \u00a0J40\/8315\/02.09.2010, Cont bancar R092RZBR \u00a0OOOO \u00a00600 1286 0452, Raiffeisen Bank-Ag. Domenii<\/p>\n<p><strong>Bucure\u0219ti<\/strong><\/p>\n<p>Asocia\u021bia Na\u021bional\u0103 pentru Protec\u021bia Consumatorului: 021\/9551 +\u00a0<a href=\"http:\/\/www.anpc.gov.ro\/\">http:\/\/www.anpc.gov.ro<\/a><\/p>\n<p>Conform prevederilor legislative impuse de Uniunea European\u0103 prin Regulamentul General pentru Protec\u021bia Datelor cu caracter personal nr. 679\/2016, completate cu legisla\u021bia rom\u00e2n\u0103 \u00een vigoare, SC LSG BUILDING SOLUTIONS\u00a0 SRL \u00ee\u0219i asum\u0103 prevederile legislative \u0219i se oblig\u0103 s\u0103 administreze \u00een condi\u021bii de siguran\u021b\u0103 \u0219i numai pentru scopurite declarate, datele cu caracter personal care sunt furnizate de dumnevoastr\u0103 prin intermediul formularelor, e-mailurilor sau aplica\u021biilor noastre web.<\/p>\n<p>Scopul colect\u0103rii datelor precizate mai sus este cel declarat \u00a0\u00een \u00a0sec\u021biunea \u00een care \u00a0v\u0103 sunt solicitate datele dvs. \u0219i \u00een func\u021bie de op\u021biunile selectate, iar prin scop se poate identifica una sau mai multe din urm\u0103toarele situa\u021bii:<\/p>\n<ul>\n<li>pentru \u00eembun\u0103t\u0103\u021birea calit\u0103\u021bii produselor \u0219i serviciilor SC LSG Building Solutions SRL, astfel \u00eenc\u00e2t s\u0103 vin\u0103 \u00een \u00eent\u00e2mpinarea nevoilor utilizatorilor \u0219i pentru a furniza nout\u0103\u021bi despre produsele \u0219i serviciile oferite;<\/li>\n<\/ul>\n<p>SC LSG BUILDING SOLUTIONS SRL prelucreaz\u0103 datele dumneavoastr\u0103 cu caracter personal, prin mijloace automatizate \u0219i manuale, precum \u0219i a rezolv\u0103rii solicit\u0103rilor dumneavoastr\u0103 \u00een legatur\u0103 cu activitatea desf\u0103\u0219urat\u0103 de \u00a0c\u0103tre SC LSG BUILDING SOLUTIONS \u00a0SRL.<\/p>\n<p>V\u0103 punem \u00een vedere faptul c\u0103 refuzul dumneavoastr\u0103 poate determina imposibilitatea furniz\u0103rii serviciilor\/produselor sau op\u021biunilor selectate\/comandate.<\/p>\n<p>lnforma\u021biile \u00eenregistrate sunt destinate utiliz\u0103rii de c\u0103tre SC LSG BUILDING SOLUTIONS SRL \u0219i sunt comunicate numai urm\u0103torilor destinatari:<\/p>\n<ul>\n<li>angaja\u021bii responsabili de site-ul web pe care a\u021bi efectuat transmiterea datelor dvs.,<\/li>\n<li>ter\u021bilor implicati \u00een \u00eendeplinirea scopului vizat pentru persoanelor vizate.<\/li>\n<\/ul>\n<p>Conform legisla\u021biei \u00een vigoare, beneficia\u021bi de dreptul de acces, de interven\u021bie asupra datelor, dreptul de a v\u0103 opune proces\u0103rii datelor, dreptul de retragere a consim\u021b\u0103m\u00e2ntului sau a datelor, de dreptul de a nu fi supus unei decizii individuale. Totodat\u0103, ave\u021bi dreptul s\u0103 v\u0103 opune\u021bi prelucr\u0103rii datelor personale care v\u0103 privesc \u0219i s\u0103 solicita\u021bi \u0219tergerea datelor. V\u0103 notific\u0103m cu privire la faptul c\u0103 orice persoan\u0103 are dreptul de a se opune, \u00een mod gratuit \u0219i far\u0103 nicio justificare, la prelucrarea datelor sale personale \u00een scopuri de marketing direct.<\/p>\n<p>Pentru exercitarea acestor drepturi, v\u0103 pute\u021bi adresa cu o cerere scris\u0103, datat\u0103 \u0219i semnat\u0103 c\u0103tre SC LSG BUILDING SOLUTIONS \u00a0SRL la adresa de email:\u00a0<a href=\"mailto:office.bucharest@lsg-group.eu\">office.bucharest@lsg-group.eu\u00a0<\/a>sau prin po\u0219ta clasic\u0103 la adresa: Bd. Tudor Vladimirescu, nr. 22, sector 5, Bucuresti.<\/p>\n<p>Dac\u0103 unele din datele despre dumneavoastr\u0103 sunt incorecte, v\u0103 rug\u0103m s\u0103 ne informa\u021bi c\u00e2t mai cur\u00e2nd posibil pentru a remedia situa\u021bia, trimi\u021b\u00e2nd un email la adresa de email\u00a0<a href=\"mailto:office.bucharest@lsg-group.eu\">office.bucharest@lsg-group.eu\u00a0<\/a>sau prin posta clasic\u0103 la adresa: Bd. Tudor Vladimirescu, nr. 22, sector 5, Bucuresti.<\/p>\n<p>De asemenea, v\u0103 este recunoscut dreptul de a v\u0103 adresa justi\u021biei. Datele dumneavoastr\u0103 nu pot fi transferate \u00een str\u0103in\u0103tate dec\u00e2t \u00een m\u0103sura \u00een care ter\u021bii implica\u021bi nu sunt din Romania \u0219i acest lucru este necesar \u00een indeplinirea scopului.<\/p>\n<p><strong>Administra\u021bia<\/strong><\/p>\n<p><strong>LIPKOVICH Gerhard- Director General<\/strong><\/p>\n<p>reprezentant legal al \u00a0LSG BUILDING SOLUTIONS SRL<\/p>\n<p>Data<strong>:\u00a0<\/strong>23.05.2018<\/p>\n<p>&nbsp;<\/p>\n<p><a href=\"\/wp-content\/themes\/newtheme\/pdf\/web-ro\/LSG_Informare-Protectia-datelor-online.pdf\" target=\"_blank\" rel=\"noopener\">LSG_Informare Protectia datelor online<\/a><\/p>\n<p><a href=\"\/wp-content\/themes\/newtheme\/pdf\/web-ro\/Declaratie-de-protectie-a-datelor-online-GSEM.pdf\" target=\"_blank\" rel=\"noopener\">Declaratie de protectie a datelor online GSEM<\/a><\/p>\n","protected":false},"excerpt":{"rendered":"<p>DECLARA\u021alA DE PROTEC\u021aIE\u00a0A DATELOR ONLINE 1. Scop protec\u021bia datelor personale SC LSG BUILDING SOLUTIONS SRL, cu sediul \u00een Bucuresti, Bd. Tudor Vladimirescu, nr. 22, sector 5 Tel: 021.207.90.90; fax: 021.224.59.57;\u00a0https:\/\/www.lsg-group.eu\/ CIF RO 27343230; J40\/8315\/02.09.2010 R092 RZBR OOOO 0600 1286 0452 Raiffeisen Bank-Ag. Domenii Bucuresti Adresa email:\u00a0office.bucharest@lsg-group.eu NOT\u0102 DE INFORMARE PRIVIND PROTEC\u021aIA DATELOR PERSONALE Site-ul web\u00a0http:\/\/www.lsg-group.eu [&hellip;]<\/p>\n","protected":false},"author":1,"featured_media":0,"parent":1845,"menu_order":0,"comment_status":"closed","ping_status":"closed","template":"contentpage_fullwidth_nohero.php","meta":[],"acf":[],"_links":{"self":[{"href":"https:\/\/www.lsg-group.eu\/web-ro\/wp-json\/wp\/v2\/pages\/2048"}],"collection":[{"href":"https:\/\/www.lsg-group.eu\/web-ro\/wp-json\/wp\/v2\/pages"}],"about":[{"href":"https:\/\/www.lsg-group.eu\/web-ro\/wp-json\/wp\/v2\/types\/page"}],"author":[{"embeddable":true,"href":"https:\/\/www.lsg-group.eu\/web-ro\/wp-json\/wp\/v2\/users\/1"}],"replies":[{"embeddable":true,"href":"https:\/\/www.lsg-group.eu\/web-ro\/wp-json\/wp\/v2\/comments?post=2048"}],"version-history":[{"count":11,"href":"https:\/\/www.lsg-group.eu\/web-ro\/wp-json\/wp\/v2\/pages\/2048\/revisions"}],"predecessor-version":[{"id":2965,"href":"https:\/\/www.lsg-group.eu\/web-ro\/wp-json\/wp\/v2\/pages\/2048\/revisions\/2965"}],"up":[{"embeddable":true,"href":"https:\/\/www.lsg-group.eu\/web-ro\/wp-json\/wp\/v2\/pages\/1845"}],"wp:attachment":[{"href":"https:\/\/www.lsg-group.eu\/web-ro\/wp-json\/wp\/v2\/media?parent=2048"}],"curies":[{"name":"wp","href":"https:\/\/api.w.org\/{rel}","templated":true}]}}