{"id":1259,"date":"2022-10-04T18:00:41","date_gmt":"2022-10-04T18:00:41","guid":{"rendered":"https:\/\/devsite.lsg-group.eu\/?page_id=1259"},"modified":"2022-10-30T14:30:44","modified_gmt":"2022-10-30T14:30:44","slug":"o-nama","status":"publish","type":"page","link":"https:\/\/www.lsg-group.eu\/web-rs\/hr\/o-nama\/","title":{"rendered":"O nama"},"content":{"rendered":"<p>LSG GROUP je u Beogradu prisutna od 2011.g. s tvrtkom k\u0107eri\u00a0\u00a0i ve\u0107 je 2011.g.\u00a0 zavr\u0161ila svoj prvi projekt u Kragujevcu. Lokalni ured se 2012. g. razvio veoma pozitivno i\u00a0 pokazao jasan trend rasta.<\/p>\n<p>LSG GOUP radi intenzivno na srpskom tr\u017ei\u0161tu i raduje se predstoje\u0107em razvoju u Srbiji.<\/p>\n<p>LSG GROUP je kompetentan i pouzdan partner na podru\u010dju elektrotehnike, strojarskih postrojenja i automatizacije za industrijske i komercijalne kupce.<\/p>\n","protected":false},"excerpt":{"rendered":"<p>LSG GROUP je u Beogradu prisutna od 2011.g. s tvrtkom k\u0107eri\u00a0\u00a0i ve\u0107 je 2011.g.\u00a0 zavr\u0161ila svoj prvi projekt u Kragujevcu. Lokalni ured se 2012. g. razvio veoma pozitivno i\u00a0 pokazao jasan trend rasta. LSG GOUP radi intenzivno na srpskom tr\u017ei\u0161tu i raduje se predstoje\u0107em razvoju u Srbiji. LSG GROUP je kompetentan i pouzdan partner na [&hellip;]<\/p>\n","protected":false},"author":1,"featured_media":588,"parent":0,"menu_order":0,"comment_status":"closed","ping_status":"closed","template":"contentpage_fullwidth.php","meta":[],"acf":[],"_links":{"self":[{"href":"https:\/\/www.lsg-group.eu\/web-rs\/wp-json\/wp\/v2\/pages\/1259"}],"collection":[{"href":"https:\/\/www.lsg-group.eu\/web-rs\/wp-json\/wp\/v2\/pages"}],"about":[{"href":"https:\/\/www.lsg-group.eu\/web-rs\/wp-json\/wp\/v2\/types\/page"}],"author":[{"embeddable":true,"href":"https:\/\/www.lsg-group.eu\/web-rs\/wp-json\/wp\/v2\/users\/1"}],"replies":[{"embeddable":true,"href":"https:\/\/www.lsg-group.eu\/web-rs\/wp-json\/wp\/v2\/comments?post=1259"}],"version-history":[{"count":2,"href":"https:\/\/www.lsg-group.eu\/web-rs\/wp-json\/wp\/v2\/pages\/1259\/revisions"}],"predecessor-version":[{"id":2295,"href":"https:\/\/www.lsg-group.eu\/web-rs\/wp-json\/wp\/v2\/pages\/1259\/revisions\/2295"}],"wp:featuredmedia":[{"embeddable":true,"href":"https:\/\/www.lsg-group.eu\/web-rs\/wp-json\/wp\/v2\/media\/588"}],"wp:attachment":[{"href":"https:\/\/www.lsg-group.eu\/web-rs\/wp-json\/wp\/v2\/media?parent=1259"}],"curies":[{"name":"wp","href":"https:\/\/api.w.org\/{rel}","templated":true}]}}