{"id":1280,"date":"2022-10-04T18:25:26","date_gmt":"2022-10-04T18:25:26","guid":{"rendered":"https:\/\/devsite.lsg-group.eu\/?page_id=1280"},"modified":"2023-03-16T15:30:21","modified_gmt":"2023-03-16T15:30:21","slug":"karijera","status":"publish","type":"page","link":"https:\/\/www.lsg-group.eu\/web-rs\/hr\/karijera\/","title":{"rendered":"Karijera"},"content":{"rendered":"<h1><strong>VA\u0160A KARIJERA U LSG GRUPI<\/strong><\/h1>\n<p>LSG GROUP je kompetentan i pouzdan partner u podru\u010dju elektrotehnike, gra\u0111evinskih usluga, automatizacije za industrijske i komercijalne korisnike kao i obnovljivih izvora energije sa sjedi\u0161tem u Be\u010du od 1997. godine.<\/p>\n<h3><strong>Zapo\u010dni sada!<\/strong><\/h3>\n<p>Bilo da ste pripravnik, osoba koja mijenja karijeru ili inicijativna prijava.<br \/>\nPrijave izravno na: <strong>office.belgrade@lsg-group.eu<\/strong><\/p>\n","protected":false},"excerpt":{"rendered":"<p>VA\u0160A KARIJERA U LSG GRUPI LSG GROUP je kompetentan i pouzdan partner u podru\u010dju elektrotehnike, gra\u0111evinskih usluga, automatizacije za industrijske i komercijalne korisnike kao i obnovljivih izvora energije sa sjedi\u0161tem u Be\u010du od 1997. godine. Zapo\u010dni sada! Bilo da ste pripravnik, osoba koja mijenja karijeru ili inicijativna prijava. Prijave izravno na: office.belgrade@lsg-group.eu<\/p>\n","protected":false},"author":1,"featured_media":575,"parent":0,"menu_order":0,"comment_status":"closed","ping_status":"closed","template":"contentpage_fullwidth.php","meta":[],"acf":[],"_links":{"self":[{"href":"https:\/\/www.lsg-group.eu\/web-rs\/wp-json\/wp\/v2\/pages\/1280"}],"collection":[{"href":"https:\/\/www.lsg-group.eu\/web-rs\/wp-json\/wp\/v2\/pages"}],"about":[{"href":"https:\/\/www.lsg-group.eu\/web-rs\/wp-json\/wp\/v2\/types\/page"}],"author":[{"embeddable":true,"href":"https:\/\/www.lsg-group.eu\/web-rs\/wp-json\/wp\/v2\/users\/1"}],"replies":[{"embeddable":true,"href":"https:\/\/www.lsg-group.eu\/web-rs\/wp-json\/wp\/v2\/comments?post=1280"}],"version-history":[{"count":3,"href":"https:\/\/www.lsg-group.eu\/web-rs\/wp-json\/wp\/v2\/pages\/1280\/revisions"}],"predecessor-version":[{"id":2607,"href":"https:\/\/www.lsg-group.eu\/web-rs\/wp-json\/wp\/v2\/pages\/1280\/revisions\/2607"}],"wp:featuredmedia":[{"embeddable":true,"href":"https:\/\/www.lsg-group.eu\/web-rs\/wp-json\/wp\/v2\/media\/575"}],"wp:attachment":[{"href":"https:\/\/www.lsg-group.eu\/web-rs\/wp-json\/wp\/v2\/media?parent=1280"}],"curies":[{"name":"wp","href":"https:\/\/api.w.org\/{rel}","templated":true}]}}