{"id":1523,"date":"2022-10-06T14:41:58","date_gmt":"2022-10-06T14:41:58","guid":{"rendered":"https:\/\/devsite.lsg-group.eu\/?page_id=1523"},"modified":"2022-10-30T14:43:22","modified_gmt":"2022-10-30T14:43:22","slug":"data-protection","status":"publish","type":"page","link":"https:\/\/www.lsg-group.eu\/web-rs\/en\/about-us\/data-protection\/","title":{"rendered":"DATA PROTECTION"},"content":{"rendered":"<p><strong>SVRHA<\/strong><\/p>\n<p>Li\u010dne podatke koje ste dostavili LSG Building Solutions d.o.o., Beograd, Savski nasip 7, Novi beograd, PIB: 107324545 slanjem upita za ponudu ili naticaja (Va\u0161e ime i e-mail adresa), LSG Building Solutions d.o.o. obra\u0111uje u svrhu obrade istih.<\/p>\n<p><strong>PRAVNI OSNOV<\/strong><\/p>\n<p>Obrada Va\u0161ih podataka vr\u0161i se u skladu sa propisima Republike Srbije.<\/p>\n<p>Gore navedene podatke dostavljate LSG Building Solutions d.o.o. bez ikakvih pravnih ili ugovornih obveza. Me\u0111utim, obrada Va\u0161ih dostavljenih podataka potrebna je kako bi LSG Building Solutions d.o.o. bio u mogu\u0107nosti poslati Vam ponudu.<\/p>\n<p>Imate pravo povu\u0107i Va\u0161 pristanak u bilo kom trenutku bez naknade. Do trenutka povla\u010denja Va\u0161eg pristanka, obrada je zakonita. Ukoliko \u017eelite povu\u0107i Va\u0161 pristanak, to mo\u017eete u\u010diniti slanjem e-mail poruke na adresu: <a href=\"mailto:zastitapodataka@lsg-group.eu\">zastitapodataka@lsg-group.eu<\/a>.<\/p>\n<p><strong>\u010cUVANJE\/BRISANJE<\/strong><\/p>\n<p>Povla\u010denje Va\u0161eg pristanka odjavom pretplate s newslettera, \u0107e biti zabele\u017eeno u bazi podataka. Kona\u010dno brisanje Va\u0161ih podataka \u0107e uslediti u roku od mesec dana ra\u010dunaju\u0107i od dana povla\u010denja pristanka.<\/p>\n<p><strong>IZVR\u0160ITELJ OBRADE<\/strong><\/p>\n<p>Izvr\u0161itelj obrade je LSG Building Solutions d.o.o. Va\u0161i se podaci ne dostavljaju nikom drugome.<\/p>\n<p><strong>VA\u0160A PRAVA<\/strong><\/p>\n<p>Imate pravo na pristup Va\u0161im li\u010dnim podacima, zatim pravo \u00a0na ispravak, na brisanje Va\u0161ih podataka, pravo na ograni\u010denje obrade, pravo na prenosivost podataka\u00a0 te pravo na prigovor a sve u skladu sa propisima Republike Srbije.<\/p>\n<p>Ukoliko \u017eelite iskoristiti bilo koje od navedenih prava, kontaktirajte LSG Building Solutions d.o.o. (pojedinosti o kontaktu navedene u nastavku).<\/p>\n<p>Ukoliko smatrate da obrada li\u010dnih podataka na bilo koji na\u010din povre\u0111uje Va\u0161a prava, slobodno nas obavestite o Va\u0161oj zabrinutosti (pojedinosti o kontaktu navedene u nastavku).<\/p>\n<p>Osim navedenog, ukoliko smatrate da obrada li\u010dnih podataka na bilo koji na\u010din povre\u0111uje Va\u0161a prava, imate pravo prigovora Povereniku za informacije od javnog zna\u010daja I za\u0161titu podataka o li\u010dnosti.<\/p>\n<p><strong>KONTAKT PODACI<\/strong><\/p>\n<p>Mo\u017eete nas kontaktirati:<\/p>\n<p>e-mailom na adresu: <a href=\"mailto:zastitapodataka@lsg-group.eu\">zastitapodataka@lsg-group.eu<\/a><\/p>\n","protected":false},"excerpt":{"rendered":"<p>SVRHA Li\u010dne podatke koje ste dostavili LSG Building Solutions d.o.o., Beograd, Savski nasip 7, Novi beograd, PIB: 107324545 slanjem upita za ponudu ili naticaja (Va\u0161e ime i e-mail adresa), LSG Building Solutions d.o.o. obra\u0111uje u svrhu obrade istih. PRAVNI OSNOV Obrada Va\u0161ih podataka vr\u0161i se u skladu sa propisima Republike Srbije. Gore navedene podatke dostavljate [&hellip;]<\/p>\n","protected":false},"author":1,"featured_media":0,"parent":586,"menu_order":0,"comment_status":"closed","ping_status":"closed","template":"contentpage_fullwidth_nohero.php","meta":[],"acf":[],"_links":{"self":[{"href":"https:\/\/www.lsg-group.eu\/web-rs\/wp-json\/wp\/v2\/pages\/1523"}],"collection":[{"href":"https:\/\/www.lsg-group.eu\/web-rs\/wp-json\/wp\/v2\/pages"}],"about":[{"href":"https:\/\/www.lsg-group.eu\/web-rs\/wp-json\/wp\/v2\/types\/page"}],"author":[{"embeddable":true,"href":"https:\/\/www.lsg-group.eu\/web-rs\/wp-json\/wp\/v2\/users\/1"}],"replies":[{"embeddable":true,"href":"https:\/\/www.lsg-group.eu\/web-rs\/wp-json\/wp\/v2\/comments?post=1523"}],"version-history":[{"count":5,"href":"https:\/\/www.lsg-group.eu\/web-rs\/wp-json\/wp\/v2\/pages\/1523\/revisions"}],"predecessor-version":[{"id":2302,"href":"https:\/\/www.lsg-group.eu\/web-rs\/wp-json\/wp\/v2\/pages\/1523\/revisions\/2302"}],"up":[{"embeddable":true,"href":"https:\/\/www.lsg-group.eu\/web-rs\/wp-json\/wp\/v2\/pages\/586"}],"wp:attachment":[{"href":"https:\/\/www.lsg-group.eu\/web-rs\/wp-json\/wp\/v2\/media?parent=1523"}],"curies":[{"name":"wp","href":"https:\/\/api.w.org\/{rel}","templated":true}]}}