{"id":1627,"date":"2022-10-07T13:22:28","date_gmt":"2022-10-07T13:22:28","guid":{"rendered":"https:\/\/devsite.lsg-group.eu\/home-en-%d1%81%d1%80%d0%bf%d1%81%d0%ba%d0%b8-%d1%98%d0%b5%d0%b7%d0%b8%d0%ba\/"},"modified":"2023-03-20T12:24:28","modified_gmt":"2023-03-20T12:24:28","slug":"home-en-%d1%81%d1%80%d0%bf%d1%81%d0%ba%d0%b8-%d1%98%d0%b5%d0%b7%d0%b8%d0%ba","status":"publish","type":"page","link":"https:\/\/www.lsg-group.eu\/web-rs\/","title":{"rendered":"Home SR"},"content":{"rendered":"<h1>Dobro do\u0161li !<\/h1>\n<p>Dobro do\u0161li u LSG GROUP, Va\u0161em partneru za integrisanu tehniku u gra\u0111evinarstvu, tehni\u010dku infrastrukturu i obnovljive energije.<\/p>\n<p>Prate\u0107i \u017eivotni ciklus jednog projekta, na\u0161im kupcima mo\u017eemo da ponudimo projekte po principu \u201eklju\u010d u ruke\u201c i to od savetovanja, razvoja i planiranja preko opremanja pa sve do servisiranja, odr\u017eavanja i upravljanja.<\/p>\n<p>Na osnovu sna\u017ene prezentacije na lokalnim tr\u017ei\u0161tima u srednjoj i isto\u010dnoj Evropi, LSG GROUP nudi svojim me\u0111unarodnim kupcima i partnerima maksimalan Know &#8211; How sa visokom kvalitetom u realizovanju projekata.<\/p>\n<p>Na\u0161 koncept i njegov uspeh u poslednjih nekoliko godina dokazali smo sa velikim brojem realizovanih projekata na tr\u017ei\u0161tu.<\/p>\n<p>Istra\u017eite sami!<\/p>\n","protected":false},"excerpt":{"rendered":"<p>Dobro do\u0161li ! Dobro do\u0161li u LSG GROUP, Va\u0161em partneru za integrisanu tehniku u gra\u0111evinarstvu, tehni\u010dku infrastrukturu i obnovljive energije. Prate\u0107i \u017eivotni ciklus jednog projekta, na\u0161im kupcima mo\u017eemo da ponudimo projekte po principu \u201eklju\u010d u ruke\u201c i to od savetovanja, razvoja i planiranja preko opremanja pa sve do servisiranja, odr\u017eavanja i upravljanja. Na osnovu sna\u017ene [&hellip;]<\/p>\n","protected":false},"author":1,"featured_media":652,"parent":0,"menu_order":0,"comment_status":"closed","ping_status":"closed","template":"front-page_sr.php","meta":[],"acf":[],"_links":{"self":[{"href":"https:\/\/www.lsg-group.eu\/web-rs\/wp-json\/wp\/v2\/pages\/1627"}],"collection":[{"href":"https:\/\/www.lsg-group.eu\/web-rs\/wp-json\/wp\/v2\/pages"}],"about":[{"href":"https:\/\/www.lsg-group.eu\/web-rs\/wp-json\/wp\/v2\/types\/page"}],"author":[{"embeddable":true,"href":"https:\/\/www.lsg-group.eu\/web-rs\/wp-json\/wp\/v2\/users\/1"}],"replies":[{"embeddable":true,"href":"https:\/\/www.lsg-group.eu\/web-rs\/wp-json\/wp\/v2\/comments?post=1627"}],"version-history":[{"count":12,"href":"https:\/\/www.lsg-group.eu\/web-rs\/wp-json\/wp\/v2\/pages\/1627\/revisions"}],"predecessor-version":[{"id":2539,"href":"https:\/\/www.lsg-group.eu\/web-rs\/wp-json\/wp\/v2\/pages\/1627\/revisions\/2539"}],"wp:featuredmedia":[{"embeddable":true,"href":"https:\/\/www.lsg-group.eu\/web-rs\/wp-json\/wp\/v2\/media\/652"}],"wp:attachment":[{"href":"https:\/\/www.lsg-group.eu\/web-rs\/wp-json\/wp\/v2\/media?parent=1627"}],"curies":[{"name":"wp","href":"https:\/\/api.w.org\/{rel}","templated":true}]}}