{"id":1704,"date":"2022-10-07T22:17:40","date_gmt":"2022-10-07T22:17:40","guid":{"rendered":"https:\/\/devsite.lsg-group.eu\/?page_id=1704"},"modified":"2022-10-07T23:11:27","modified_gmt":"2022-10-07T23:11:27","slug":"vodovod-i-kanalizacija","status":"publish","type":"page","link":"https:\/\/www.lsg-group.eu\/web-rs\/usluge-2\/vodovod-i-kanalizacija\/","title":{"rendered":"Vodovod i kanalizacija"},"content":{"rendered":"<p>Tehnika vodovoda i kanalizacije predstavlja zna\u010dajne radove i to ne samo kod industrijskih postrojenja. Na\u0161i tehni\u010dari zajedno sa investitorom izra\u0111uju optimalna re\u0161enja. S obzirom na komfor i intenzivno savetovanje, ve\u0107 u fazi izvo\u0111enja se trude da \u0161to vi\u0161e smanje operativne tro\u0161kove.<\/p>\n<p>Kod velikih projekata te\u017ei\u0161te u koncepciji postrojenja stavljamo pre svega na fleksibilnost da bismo bili pripremljeni na budu\u0107a pro\u0161irenja i prepravke.<\/p>\n<div class=\"row\">\n<div class=\"sepperator col-lg-4 col-md-6 col-lg-4 col-xl-4 \">\n<div class=\"overflow\" style=\"min-height: 210px; height: 240px;\">\n<a href=\"\/wp-content\/uploads\/sites\/5\/2022\/10\/VIK_001_WEB.jpg\" data-lightbox=\"roadtrip\"><br \/>\n<img decoding=\"async\" class=\"img-fluid \" src=\"\/wp-content\/uploads\/sites\/5\/2022\/10\/VIK_001_WEB.jpg\" \/><br \/>\n<\/a><\/div>\n<\/div>\n<div class=\"sepperator col-lg-4 col-md-6 col-lg-4 col-xl-4 \">\n<div class=\"overflow\" style=\"min-height: 210px; height: 240px;\">\n<a href=\"\/wp-content\/uploads\/sites\/5\/2022\/10\/VIK_002_WEB.jpg\" data-lightbox=\"roadtrip\"><br \/>\n<img decoding=\"async\" class=\"img-fluid \" src=\"\/wp-content\/uploads\/sites\/5\/2022\/10\/VIK_002_WEB.jpg\" \/><br \/>\n<\/a><\/div>\n<\/div>\n<div class=\"sepperator col-lg-4 col-md-6 col-lg-4 col-xl-4 \">\n<div class=\"overflow\" style=\"min-height: 210px; height: 240px;\">\n<a href=\"\/wp-content\/uploads\/sites\/5\/2022\/10\/VIK_003_WEB.jpg\" data-lightbox=\"roadtrip\"><br \/>\n<img decoding=\"async\" class=\"img-fluid \" src=\"\/wp-content\/uploads\/sites\/5\/2022\/10\/VIK_003_WEB.jpg\" \/><br \/>\n<\/a><\/div>\n<\/div>\n<\/div>\n","protected":false},"excerpt":{"rendered":"<p>Tehnika vodovoda i kanalizacije predstavlja zna\u010dajne radove i to ne samo kod industrijskih postrojenja. Na\u0161i tehni\u010dari zajedno sa investitorom izra\u0111uju optimalna re\u0161enja. S obzirom na komfor i intenzivno savetovanje, ve\u0107 u fazi izvo\u0111enja se trude da \u0161to vi\u0161e smanje operativne tro\u0161kove. Kod velikih projekata te\u017ei\u0161te u koncepciji postrojenja stavljamo pre svega na fleksibilnost da bismo [&hellip;]<\/p>\n","protected":false},"author":1,"featured_media":741,"parent":1669,"menu_order":0,"comment_status":"closed","ping_status":"closed","template":"contentpage_fullwidth.php","meta":[],"acf":[],"_links":{"self":[{"href":"https:\/\/www.lsg-group.eu\/web-rs\/wp-json\/wp\/v2\/pages\/1704"}],"collection":[{"href":"https:\/\/www.lsg-group.eu\/web-rs\/wp-json\/wp\/v2\/pages"}],"about":[{"href":"https:\/\/www.lsg-group.eu\/web-rs\/wp-json\/wp\/v2\/types\/page"}],"author":[{"embeddable":true,"href":"https:\/\/www.lsg-group.eu\/web-rs\/wp-json\/wp\/v2\/users\/1"}],"replies":[{"embeddable":true,"href":"https:\/\/www.lsg-group.eu\/web-rs\/wp-json\/wp\/v2\/comments?post=1704"}],"version-history":[{"count":2,"href":"https:\/\/www.lsg-group.eu\/web-rs\/wp-json\/wp\/v2\/pages\/1704\/revisions"}],"predecessor-version":[{"id":1743,"href":"https:\/\/www.lsg-group.eu\/web-rs\/wp-json\/wp\/v2\/pages\/1704\/revisions\/1743"}],"up":[{"embeddable":true,"href":"https:\/\/www.lsg-group.eu\/web-rs\/wp-json\/wp\/v2\/pages\/1669"}],"wp:featuredmedia":[{"embeddable":true,"href":"https:\/\/www.lsg-group.eu\/web-rs\/wp-json\/wp\/v2\/media\/741"}],"wp:attachment":[{"href":"https:\/\/www.lsg-group.eu\/web-rs\/wp-json\/wp\/v2\/media?parent=1704"}],"curies":[{"name":"wp","href":"https:\/\/api.w.org\/{rel}","templated":true}]}}