{"id":1797,"date":"2022-10-08T18:50:46","date_gmt":"2022-10-08T18:50:46","guid":{"rendered":"https:\/\/devsite.lsg-group.eu\/?page_id=1797"},"modified":"2022-10-30T14:03:01","modified_gmt":"2022-10-30T14:03:01","slug":"organizacija","status":"publish","type":"page","link":"https:\/\/www.lsg-group.eu\/web-rs\/o-nama-2\/organizacija\/","title":{"rendered":"Organizacija"},"content":{"rendered":"<p>Regionalni centar u Zagrebu je podr\u0161ka u upravljanju i centralnim funkcijama kancelariji u Beogradu. Me\u0111utim, u skoroj budu\u0107nosti\u00a0 Beograd \u0107e se razviti u nezavisnu lokaciju.<\/p>\n<p><strong>Direktor\u00a0\u00a0<\/strong><\/p>\n<p>Werner Schoissengeier<br \/>\n<a href=\"mailto:Werner.s@lsg-group.eu\">werner.s@lsg-group.eu<\/a><\/p>\n<p><strong>Finansije\u00a0\u00a0\u00a0<\/strong><\/p>\n<p>Tvrtko Galac<br \/>\n<a href=\"mailto:Tvrtko.galac@lsg-group.eu\">tvrtko.galac@lsg-group.eu<\/a><br \/>\n<strong>\u00a0<\/strong><\/p>\n<p><strong>Nabavka\u00a0 &amp; Logistika<\/strong><\/p>\n<p>Danijela Hegolj<br \/>\n<a href=\"mailto:Danijela.hegolj@lsg-group.eu\">danijela.hegolj@lsg-group.eu<\/a><\/p>\n<p><strong>Ma\u0161instvo<\/strong><\/p>\n<p>Olivera Bresjanac<br \/>\n<a href=\"mailto:olivera.bresjanac@lsg-group.eu\">olivera.bresjanac@lsg-group.eu<\/a><\/p>\n<p><strong>Elektrotehnika<\/strong><\/p>\n<p>Goran Bata\u010danin<br \/>\n<a href=\"mailto:goran.batacanin@lsg-group.eu\">goran.batacanin@lsg-group.eu<\/a><\/p>\n<p><strong>Monta\u017ea &amp; Odr\u017eavanje<\/strong><\/p>\n<p>Goran Bata\u010danin<br \/>\n<a href=\"mailto:goran.batacanin@lsg-group.eu\">goran.batacanin@lsg-group.eu<\/a><\/p>\n","protected":false},"excerpt":{"rendered":"<p>Regionalni centar u Zagrebu je podr\u0161ka u upravljanju i centralnim funkcijama kancelariji u Beogradu. Me\u0111utim, u skoroj budu\u0107nosti\u00a0 Beograd \u0107e se razviti u nezavisnu lokaciju. Direktor\u00a0\u00a0 Werner Schoissengeier werner.s@lsg-group.eu Finansije\u00a0\u00a0\u00a0 Tvrtko Galac tvrtko.galac@lsg-group.eu \u00a0 Nabavka\u00a0 &amp; Logistika Danijela Hegolj danijela.hegolj@lsg-group.eu Ma\u0161instvo Olivera Bresjanac olivera.bresjanac@lsg-group.eu Elektrotehnika Goran Bata\u010danin goran.batacanin@lsg-group.eu Monta\u017ea &amp; Odr\u017eavanje Goran Bata\u010danin goran.batacanin@lsg-group.eu<\/p>\n","protected":false},"author":1,"featured_media":0,"parent":1630,"menu_order":0,"comment_status":"closed","ping_status":"closed","template":"contentpage_fullwidth_nohero.php","meta":[],"acf":[],"_links":{"self":[{"href":"https:\/\/www.lsg-group.eu\/web-rs\/wp-json\/wp\/v2\/pages\/1797"}],"collection":[{"href":"https:\/\/www.lsg-group.eu\/web-rs\/wp-json\/wp\/v2\/pages"}],"about":[{"href":"https:\/\/www.lsg-group.eu\/web-rs\/wp-json\/wp\/v2\/types\/page"}],"author":[{"embeddable":true,"href":"https:\/\/www.lsg-group.eu\/web-rs\/wp-json\/wp\/v2\/users\/1"}],"replies":[{"embeddable":true,"href":"https:\/\/www.lsg-group.eu\/web-rs\/wp-json\/wp\/v2\/comments?post=1797"}],"version-history":[{"count":6,"href":"https:\/\/www.lsg-group.eu\/web-rs\/wp-json\/wp\/v2\/pages\/1797\/revisions"}],"predecessor-version":[{"id":2276,"href":"https:\/\/www.lsg-group.eu\/web-rs\/wp-json\/wp\/v2\/pages\/1797\/revisions\/2276"}],"up":[{"embeddable":true,"href":"https:\/\/www.lsg-group.eu\/web-rs\/wp-json\/wp\/v2\/pages\/1630"}],"wp:attachment":[{"href":"https:\/\/www.lsg-group.eu\/web-rs\/wp-json\/wp\/v2\/media?parent=1797"}],"curies":[{"name":"wp","href":"https:\/\/api.w.org\/{rel}","templated":true}]}}