{"id":1931,"date":"2022-10-10T20:28:03","date_gmt":"2022-10-10T20:28:03","guid":{"rendered":"https:\/\/devsite.lsg-group.eu\/?page_id=1931"},"modified":"2022-10-30T14:07:55","modified_gmt":"2022-10-30T14:07:55","slug":"organizare","status":"publish","type":"page","link":"https:\/\/www.lsg-group.eu\/web-rs\/ro\/despre-noi\/organizare\/","title":{"rendered":"Organizare"},"content":{"rendered":"<p>Sediul din Belgrad este sprijinit din centrul din Zagreb, \u00een special \u00een func\u0163iile de conducere \u015fi centrale. La vremea respectiv\u0103 sediul din Belgrad s-a construit totu\u015fi ca un sediu independent.<\/p>\n<p><strong>Servicii de Administrare<\/strong><\/p>\n<p>Werner Schoissengeier<br \/>\n<a title=\"mailto:Werner.s@lsg-group.eu\" href=\"mailto:Werner.s@lsg-group.eu\">werner.s@lsg-group.eu<\/a><\/p>\n<p><strong>Servicii Financiare<\/strong><\/p>\n<p>Tvrtko Galac<br \/>\n<a title=\"mailto:Tvrtko.galac@lsg-group.eu\" href=\"mailto:Tvrtko.galac@lsg-group.eu\">tvrtko.galac@lsg-group.eu<\/a><\/p>\n<p><strong>Servicii de Achizi\u0163ie &amp; Logistic\u0103<\/strong><\/p>\n<p>Danijela Hegloj<br \/>\n<a title=\"mailto:Danijela.hegolj@lsg-group.eu\" href=\"mailto:Danijela.hegolj@lsg-group.eu\">danijela.hegolj@lsg-group.eu<\/a><\/p>\n<p><strong>Instalatii mecanice<\/strong><\/p>\n<p>Olivera Bresjanac<br \/>\n<a href=\"mailto:olivera.bresjanac@lsg-group.eu\">olivera.bresjanac@lsg-group.eu<\/a><\/p>\n<p><strong>Instalatii electrice <\/strong><\/p>\n<p>Goran Bata\u010danin<br \/>\n<a href=\"mailto:goran.batacanin@lsg-group.eu\">goran.batacanin@lsg-group.eu<\/a><\/p>\n<p><strong>Servicii de Execu\u0163ie &amp; \u00centre\u0163inere<\/strong><\/p>\n<p>Goran Bata\u010danin<br \/>\n<a href=\"mailto:goran.batacanin@lsg-group.eu\">goran.batacanin@lsg-group.eu<\/a><\/p>\n","protected":false},"excerpt":{"rendered":"<p>Sediul din Belgrad este sprijinit din centrul din Zagreb, \u00een special \u00een func\u0163iile de conducere \u015fi centrale. La vremea respectiv\u0103 sediul din Belgrad s-a construit totu\u015fi ca un sediu independent. Servicii de Administrare Werner Schoissengeier werner.s@lsg-group.eu Servicii Financiare Tvrtko Galac tvrtko.galac@lsg-group.eu Servicii de Achizi\u0163ie &amp; Logistic\u0103 Danijela Hegloj danijela.hegolj@lsg-group.eu Instalatii mecanice Olivera Bresjanac olivera.bresjanac@lsg-group.eu Instalatii [&hellip;]<\/p>\n","protected":false},"author":1,"featured_media":0,"parent":1845,"menu_order":0,"comment_status":"closed","ping_status":"closed","template":"contentpage_fullwidth_nohero.php","meta":[],"acf":[],"_links":{"self":[{"href":"https:\/\/www.lsg-group.eu\/web-rs\/wp-json\/wp\/v2\/pages\/1931"}],"collection":[{"href":"https:\/\/www.lsg-group.eu\/web-rs\/wp-json\/wp\/v2\/pages"}],"about":[{"href":"https:\/\/www.lsg-group.eu\/web-rs\/wp-json\/wp\/v2\/types\/page"}],"author":[{"embeddable":true,"href":"https:\/\/www.lsg-group.eu\/web-rs\/wp-json\/wp\/v2\/users\/1"}],"replies":[{"embeddable":true,"href":"https:\/\/www.lsg-group.eu\/web-rs\/wp-json\/wp\/v2\/comments?post=1931"}],"version-history":[{"count":5,"href":"https:\/\/www.lsg-group.eu\/web-rs\/wp-json\/wp\/v2\/pages\/1931\/revisions"}],"predecessor-version":[{"id":2281,"href":"https:\/\/www.lsg-group.eu\/web-rs\/wp-json\/wp\/v2\/pages\/1931\/revisions\/2281"}],"up":[{"embeddable":true,"href":"https:\/\/www.lsg-group.eu\/web-rs\/wp-json\/wp\/v2\/pages\/1845"}],"wp:attachment":[{"href":"https:\/\/www.lsg-group.eu\/web-rs\/wp-json\/wp\/v2\/media?parent=1931"}],"curies":[{"name":"wp","href":"https:\/\/api.w.org\/{rel}","templated":true}]}}